{"id":9285,"date":"2025-11-06T13:21:59","date_gmt":"2025-11-06T18:21:59","guid":{"rendered":"https:\/\/thebodymechanics.ca\/?page_id=9285"},"modified":"2025-11-06T15:32:50","modified_gmt":"2025-11-06T20:32:50","slug":"marina-pano","status":"publish","type":"page","link":"https:\/\/thebodymechanics.ca\/fr\/a-propos\/notre-equipe\/marina-pano\/","title":{"rendered":"Marina Pano, BSc, DO"},"content":{"rendered":"<div id=\"pl-9285\"  class=\"panel-layout\" ><div id=\"pg-9285-0\"  class=\"panel-grid panel-no-style\" ><div id=\"pgc-9285-0-0\"  class=\"panel-grid-cell\" ><div id=\"panel-9285-0-0-0\" class=\"so-panel widget widget_sow-editor panel-first-child panel-last-child\" data-index=\"0\" ><div\n\t\t\t\n\t\t\tclass=\"so-widget-sow-editor so-widget-sow-editor-base\"\n\t\t\t\n\t\t>\n<div class=\"siteorigin-widget-tinymce textwidget\">\n\t<p class=\"p1\">Marina travaille avec une vaste gamme d\u2019individus, d\u2019athl\u00e8tes professionnels, sp\u00e9cialis\u00e9s dans la biom\u00e9canique du hockey et le football. Elle travaille avec des athl\u00e8tes de la LNH et de la MLS, entre autres, des femmes ayant des probl\u00e8mes hormonaux et toute autre personne pr\u00e9sentant un dysfonctionnement, qu\u2019il soit musculo-squelettique, circulatoire, digestif et hormonal. Elle a aussi d\u00e9velopp\u00e9e un programme pour aider les athl\u00e8tes \u00e0 passer de la carri\u00e8re professionnelle \u00e0 la retraite.<\/p>\n<p class=\"p1\">En utilisant une approche int\u00e9grative du bien-\u00eatre, du style de vie, de la biom\u00e9canique, de la pr\u00e9vention et du traitement des blessures, la connexion corps-esprit, c\u2019est ainsi qu\u2019elle aide ses clients.<\/p>\n<p class=\"p1\"><strong style=\"color: #56afd5; font-size: 18px;\">Education<\/strong><\/p>\n<p>Marina a pr\u00e8s de vingt ans d\u2019exp\u00e9rience dans le domaine. Elle a obtenu un baccalaur\u00e9at en sciences avec une sp\u00e9cialisation en th\u00e9rapie du sport de l\u2019Universit\u00e9 Concordia. Depuis lors, elle a continu\u00e9 \u00e0 \u00e9tudier la naturopathie et la technique de lib\u00e9ration active (ART-une technique brevet\u00e9e des tissus mous qui traite les probl\u00e8mes de muscles, tendons, ligaments, facia et nerfs). Pour approfondir ses connaissances, elle a poursuivi ses \u00e9tudes en Ost\u00e9opathie \u00e0 la Sutherland Academy d\u2019Oakville (ONT), sous le mentorat de Guy Voyer, DO de renomm\u00e9e mondiale, et \u00e0 l\u2019Acad\u00e9mie d\u2019ost\u00e9opathie de Montr\u00e9al.<\/p>\n<\/div>\n<\/div><\/div><\/div><div id=\"pgc-9285-0-1\"  class=\"panel-grid-cell\" ><div id=\"panel-9285-0-1-0\" class=\"so-panel widget widget_sow-editor panel-first-child panel-last-child\" data-index=\"1\" ><div\n\t\t\t\n\t\t\tclass=\"so-widget-sow-editor so-widget-sow-editor-base\"\n\t\t\t\n\t\t>\n<div class=\"siteorigin-widget-tinymce textwidget\">\n\t<p><img loading=\"lazy\" decoding=\"async\" class=\"alignnone size-medium wp-image-9243\" src=\"https:\/\/thebodymechanics.ca\/wp-content\/uploads\/2025\/11\/IMG_2873-254x300.jpeg\" alt=\"\" width=\"254\" height=\"300\" srcset=\"https:\/\/thebodymechanics.ca\/wp-content\/uploads\/2025\/11\/IMG_2873-254x300.jpeg 254w, https:\/\/thebodymechanics.ca\/wp-content\/uploads\/2025\/11\/IMG_2873-866x1024.jpeg 866w, https:\/\/thebodymechanics.ca\/wp-content\/uploads\/2025\/11\/IMG_2873-768x909.jpeg 768w, https:\/\/thebodymechanics.ca\/wp-content\/uploads\/2025\/11\/IMG_2873-1298x1536.jpeg 1298w, https:\/\/thebodymechanics.ca\/wp-content\/uploads\/2025\/11\/IMG_2873-1731x2048.jpeg 1731w, https:\/\/thebodymechanics.ca\/wp-content\/uploads\/2025\/11\/IMG_2873.jpeg 1917w\" sizes=\"auto, (max-width: 254px) 100vw, 254px\" \/><\/p>\n<\/div>\n<\/div><\/div><\/div><\/div><div id=\"pg-9285-1\"  class=\"panel-grid panel-no-style\" ><div id=\"pgc-9285-1-0\"  class=\"panel-grid-cell\" ><div id=\"panel-9285-1-0-0\" class=\"so-panel widget widget_sow-editor panel-first-child panel-last-child\" data-index=\"2\" ><div\n\t\t\t\n\t\t\tclass=\"so-widget-sow-editor so-widget-sow-editor-base\"\n\t\t\t\n\t\t>\n<div class=\"siteorigin-widget-tinymce textwidget\">\n\t<\/p>\n<\/div>\n<\/div><\/div><\/div><\/div><\/div>","protected":false},"excerpt":{"rendered":"<p>Marina travaille avec une vaste gamme d\u2019individus, d\u2019athl\u00e8tes professionnels, sp\u00e9cialis\u00e9s dans la biom\u00e9canique du hockey et le football. Elle travaille avec des athl\u00e8tes de la LNH et de la MLS, entre autres, des femmes ayant des probl\u00e8mes hormonaux et toute autre personne pr\u00e9sentant un dysfonctionnement, qu\u2019il soit musculo-squelettique, circulatoire, digestif et hormonal. Elle a aussi [&hellip;]<\/p>\n","protected":false},"author":4,"featured_media":9243,"parent":9084,"menu_order":0,"comment_status":"closed","ping_status":"closed","template":"","meta":{"nf_dc_page":"","footnotes":""},"class_list":["post-9285","page","type-page","status-publish","has-post-thumbnail","hentry"],"acf":[],"aioseo_notices":[],"_links":{"self":[{"href":"https:\/\/thebodymechanics.ca\/fr\/wp-json\/wp\/v2\/pages\/9285","targetHints":{"allow":["GET"]}}],"collection":[{"href":"https:\/\/thebodymechanics.ca\/fr\/wp-json\/wp\/v2\/pages"}],"about":[{"href":"https:\/\/thebodymechanics.ca\/fr\/wp-json\/wp\/v2\/types\/page"}],"author":[{"embeddable":true,"href":"https:\/\/thebodymechanics.ca\/fr\/wp-json\/wp\/v2\/users\/4"}],"replies":[{"embeddable":true,"href":"https:\/\/thebodymechanics.ca\/fr\/wp-json\/wp\/v2\/comments?post=9285"}],"version-history":[{"count":3,"href":"https:\/\/thebodymechanics.ca\/fr\/wp-json\/wp\/v2\/pages\/9285\/revisions"}],"predecessor-version":[{"id":9332,"href":"https:\/\/thebodymechanics.ca\/fr\/wp-json\/wp\/v2\/pages\/9285\/revisions\/9332"}],"up":[{"embeddable":true,"href":"https:\/\/thebodymechanics.ca\/fr\/wp-json\/wp\/v2\/pages\/9084"}],"wp:featuredmedia":[{"embeddable":true,"href":"https:\/\/thebodymechanics.ca\/fr\/wp-json\/wp\/v2\/media\/9243"}],"wp:attachment":[{"href":"https:\/\/thebodymechanics.ca\/fr\/wp-json\/wp\/v2\/media?parent=9285"}],"curies":[{"name":"wp","href":"https:\/\/api.w.org\/{rel}","templated":true}]}}