{"id":9084,"date":"2025-08-07T16:04:04","date_gmt":"2025-08-07T20:04:04","guid":{"rendered":"https:\/\/thebodymechanics.ca\/?page_id=9084"},"modified":"2026-03-12T15:05:45","modified_gmt":"2026-03-12T19:05:45","slug":"notre-equipe","status":"publish","type":"page","link":"https:\/\/thebodymechanics.ca\/fr\/a-propos\/notre-equipe\/","title":{"rendered":"Notre \u00e9quipe"},"content":{"rendered":"<div id=\"pl-9084\"  class=\"panel-layout\" ><div id=\"pg-9084-0\"  class=\"panel-grid panel-no-style\" ><div id=\"pgc-9084-0-0\"  class=\"panel-grid-cell\" ><div id=\"panel-9084-0-0-0\" class=\"so-panel widget widget_sow-editor panel-first-child panel-last-child\" data-index=\"0\" ><div\n\t\t\t\n\t\t\tclass=\"so-widget-sow-editor so-widget-sow-editor-base\"\n\t\t\t\n\t\t>\n<div class=\"siteorigin-widget-tinymce textwidget\">\n\t<h2 style=\"text-align: center;\">Rencontrez notre \u00e9quipe<\/h2>\n<\/div>\n<\/div><\/div><\/div><\/div><div id=\"pg-9084-1\"  class=\"panel-grid panel-no-style\" ><div id=\"pgc-9084-1-0\"  class=\"panel-grid-cell\" ><div id=\"panel-9084-1-0-0\" class=\"so-panel widget widget_qt_team_member widget-team-member panel-first-child\" data-index=\"1\" ><div class=\"panel-widget-style panel-widget-style-for-9084-1-0-0\" >\n\t\t\t<div class=\"team-member\">\n\t\t\t\t\t\t\t\t\t<div class=\"team-member--image\">\n\t\t\t\t\t\t\t\t\t\t\t\t\t<img decoding=\"async\" loading=\"lazy\" width=\"2560\" height=\"2560\" src=\"https:\/\/thebodymechanics.ca\/wp-content\/uploads\/2025\/06\/DSC_0145-scaled.jpeg\" class=\"attachment-full size-full\" alt=\"\" srcset=\"https:\/\/thebodymechanics.ca\/wp-content\/uploads\/2025\/06\/DSC_0145-scaled.jpeg 2560w, https:\/\/thebodymechanics.ca\/wp-content\/uploads\/2025\/06\/DSC_0145-300x300.jpeg 300w, https:\/\/thebodymechanics.ca\/wp-content\/uploads\/2025\/06\/DSC_0145-1024x1024.jpeg 1024w, https:\/\/thebodymechanics.ca\/wp-content\/uploads\/2025\/06\/DSC_0145-150x150.jpeg 150w, https:\/\/thebodymechanics.ca\/wp-content\/uploads\/2025\/06\/DSC_0145-768x768.jpeg 768w, https:\/\/thebodymechanics.ca\/wp-content\/uploads\/2025\/06\/DSC_0145-1536x1536.jpeg 1536w, https:\/\/thebodymechanics.ca\/wp-content\/uploads\/2025\/06\/DSC_0145-2048x2048.jpeg 2048w\" sizes=\"auto, (max-width: 2560px) 100vw, 2560px\" \/>\t\t\t\t\t\t\t\t\t\t\t\t\t\t\t\t\t\t\t\t\t\t\t\t\t<a href=\"https:\/\/thebodymechanics.ca\/fr\/a-propos\/notre-equipe\/chantal-guy\" aria-label=\"Plus sur Chantal\" class=\"link-overlay\"><\/a>\n\t\t\t\t\t\t\t\t\t\t\t<\/div>\n\t\t\t\t\t\t\t\t<div class=\"team-member--content\">\n\t\t\t\t\t<h4 class=\"team-member--name\">\n\t\t\t\t\t\t\t\t\t\t\t\t\t<a href=\"https:\/\/thebodymechanics.ca\/fr\/a-propos\/notre-equipe\/chantal-guy\">\n\t\t\t\t\t\t\t\t\t\t\t\tChantal Guy, B.Sc.\t\t\t\t\t\t<\/a>\t\t\t\t\t<\/h4>\n\t\t\t\t\t\t\t\t\t\t\t<span class=\"team-member--tag\">Th\u00e9rapeute du sport agr\u00e9\u00e9e CAT\u00a9<\/span>\n\t\t\t\t\t\t\t\t\t\t\t\t\t\t\t\t\t\t\t\t\t<a href=\"https:\/\/thebodymechanics.ca\/fr\/a-propos\/notre-equipe\/chantal-guy\" class=\"text-link\">Plus sur Chantal<\/a>\n\t\t\t\t\t\t\t\t\t<\/div>\n\t\t\t<\/div>\n\n\t\t\t<\/div><\/div><div id=\"panel-9084-1-0-1\" class=\"so-panel widget widget_qt_team_member widget-team-member\" data-index=\"2\" ><div class=\"panel-widget-style panel-widget-style-for-9084-1-0-1\" >\n\t\t\t<div class=\"team-member\">\n\t\t\t\t\t\t\t\t\t<div class=\"team-member--image\">\n\t\t\t\t\t\t\t\t\t\t\t\t\t<img decoding=\"async\" loading=\"lazy\" width=\"1917\" height=\"2268\" src=\"https:\/\/thebodymechanics.ca\/wp-content\/uploads\/2025\/11\/IMG_2873.jpeg\" class=\"attachment-full size-full\" alt=\"\" srcset=\"https:\/\/thebodymechanics.ca\/wp-content\/uploads\/2025\/11\/IMG_2873.jpeg 1917w, https:\/\/thebodymechanics.ca\/wp-content\/uploads\/2025\/11\/IMG_2873-254x300.jpeg 254w, https:\/\/thebodymechanics.ca\/wp-content\/uploads\/2025\/11\/IMG_2873-866x1024.jpeg 866w, https:\/\/thebodymechanics.ca\/wp-content\/uploads\/2025\/11\/IMG_2873-768x909.jpeg 768w, https:\/\/thebodymechanics.ca\/wp-content\/uploads\/2025\/11\/IMG_2873-1298x1536.jpeg 1298w, https:\/\/thebodymechanics.ca\/wp-content\/uploads\/2025\/11\/IMG_2873-1731x2048.jpeg 1731w\" sizes=\"auto, (max-width: 1917px) 100vw, 1917px\" \/>\t\t\t\t\t\t\t\t\t\t\t\t\t\t\t\t\t\t\t\t\t\t\t\t\t<a href=\"https:\/\/thebodymechanics.ca\/fr\/a-propos\/notre-equipe\/Marina-Pano\" aria-label=\"Plus sur Marina\" class=\"link-overlay\"><\/a>\n\t\t\t\t\t\t\t\t\t\t\t<\/div>\n\t\t\t\t\t\t\t\t<div class=\"team-member--content\">\n\t\t\t\t\t<h4 class=\"team-member--name\">\n\t\t\t\t\t\t\t\t\t\t\t\t\t<a href=\"https:\/\/thebodymechanics.ca\/fr\/a-propos\/notre-equipe\/Marina-Pano\">\n\t\t\t\t\t\t\t\t\t\t\t\tMarina Pano, BSc, DO\t\t\t\t\t\t<\/a>\t\t\t\t\t<\/h4>\n\t\t\t\t\t\t\t\t\t\t\t<span class=\"team-member--tag\">Osteopathe agr\u00e9\u00e9e<\/span>\n\t\t\t\t\t\t\t\t\t\t\t\t\t\t\t\t\t\t\t\t\t<a href=\"https:\/\/thebodymechanics.ca\/fr\/a-propos\/notre-equipe\/Marina-Pano\" class=\"text-link\">Plus sur Marina<\/a>\n\t\t\t\t\t\t\t\t\t<\/div>\n\t\t\t<\/div>\n\n\t\t\t<\/div><\/div><div id=\"panel-9084-1-0-2\" class=\"so-panel widget widget_qt_team_member widget-team-member panel-last-child\" data-index=\"3\" ><div class=\"panel-widget-style panel-widget-style-for-9084-1-0-2\" >\n\t\t\t<div class=\"team-member\">\n\t\t\t\t\t\t\t\t\t<div class=\"team-member--image\">\n\t\t\t\t\t\t\t\t\t\t\t\t\t<img decoding=\"async\" loading=\"lazy\" width=\"2391\" height=\"2391\" src=\"https:\/\/thebodymechanics.ca\/wp-content\/uploads\/2025\/08\/DSC_0155.jpg\" class=\"attachment-full size-full\" alt=\"\" srcset=\"https:\/\/thebodymechanics.ca\/wp-content\/uploads\/2025\/08\/DSC_0155.jpg 2391w, https:\/\/thebodymechanics.ca\/wp-content\/uploads\/2025\/08\/DSC_0155-300x300.jpg 300w, https:\/\/thebodymechanics.ca\/wp-content\/uploads\/2025\/08\/DSC_0155-1024x1024.jpg 1024w, https:\/\/thebodymechanics.ca\/wp-content\/uploads\/2025\/08\/DSC_0155-150x150.jpg 150w, https:\/\/thebodymechanics.ca\/wp-content\/uploads\/2025\/08\/DSC_0155-768x768.jpg 768w, https:\/\/thebodymechanics.ca\/wp-content\/uploads\/2025\/08\/DSC_0155-1536x1536.jpg 1536w, https:\/\/thebodymechanics.ca\/wp-content\/uploads\/2025\/08\/DSC_0155-2048x2048.jpg 2048w\" sizes=\"auto, (max-width: 2391px) 100vw, 2391px\" \/>\t\t\t\t\t\t\t\t\t\t\t\t\t\t\t\t\t\t\t\t\t\t\t\t\t<a href=\"https:\/\/thebodymechanics.ca\/fr\/a-propos\/notre-equipe\/julia-sucapane\" aria-label=\"Plus sur Julia\" class=\"link-overlay\"><\/a>\n\t\t\t\t\t\t\t\t\t\t\t<\/div>\n\t\t\t\t\t\t\t\t<div class=\"team-member--content\">\n\t\t\t\t\t<h4 class=\"team-member--name\">\n\t\t\t\t\t\t\t\t\t\t\t\t\t<a href=\"https:\/\/thebodymechanics.ca\/fr\/a-propos\/notre-equipe\/julia-sucapane\">\n\t\t\t\t\t\t\t\t\t\t\t\tJulia Sucapane\t\t\t\t\t\t<\/a>\t\t\t\t\t<\/h4>\n\t\t\t\t\t\t\t\t\t\t\t<span class=\"team-member--tag\">Projets<\/span>\n\t\t\t\t\t\t\t\t\t\t\t\t\t\t\t\t\t\t\t\t\t<a href=\"https:\/\/thebodymechanics.ca\/fr\/a-propos\/notre-equipe\/julia-sucapane\" class=\"text-link\">Plus sur Julia<\/a>\n\t\t\t\t\t\t\t\t\t<\/div>\n\t\t\t<\/div>\n\n\t\t\t<\/div><\/div><\/div><div id=\"pgc-9084-1-1\"  class=\"panel-grid-cell\" ><div id=\"panel-9084-1-1-0\" class=\"so-panel widget widget_qt_team_member widget-team-member panel-first-child\" data-index=\"4\" ><div class=\"panel-widget-style panel-widget-style-for-9084-1-1-0\" >\n\t\t\t<div class=\"team-member\">\n\t\t\t\t\t\t\t\t\t<div class=\"team-member--image\">\n\t\t\t\t\t\t\t\t\t\t\t\t\t<img decoding=\"async\" loading=\"lazy\" width=\"2336\" height=\"2336\" src=\"https:\/\/thebodymechanics.ca\/wp-content\/uploads\/2025\/08\/DSC_0130.jpg\" class=\"attachment-full size-full\" alt=\"\" srcset=\"https:\/\/thebodymechanics.ca\/wp-content\/uploads\/2025\/08\/DSC_0130.jpg 2336w, https:\/\/thebodymechanics.ca\/wp-content\/uploads\/2025\/08\/DSC_0130-300x300.jpg 300w, https:\/\/thebodymechanics.ca\/wp-content\/uploads\/2025\/08\/DSC_0130-1024x1024.jpg 1024w, https:\/\/thebodymechanics.ca\/wp-content\/uploads\/2025\/08\/DSC_0130-150x150.jpg 150w, https:\/\/thebodymechanics.ca\/wp-content\/uploads\/2025\/08\/DSC_0130-768x768.jpg 768w, https:\/\/thebodymechanics.ca\/wp-content\/uploads\/2025\/08\/DSC_0130-1536x1536.jpg 1536w, https:\/\/thebodymechanics.ca\/wp-content\/uploads\/2025\/08\/DSC_0130-2048x2048.jpg 2048w\" sizes=\"auto, (max-width: 2336px) 100vw, 2336px\" \/>\t\t\t\t\t\t\t\t\t\t\t\t\t\t\t\t\t\t\t\t\t\t\t\t\t<a href=\"https:\/\/thebodymechanics.ca\/fr\/a-propos\/notre-equipe\/nicholas-borrelli\" aria-label=\"Plus sur Nicholas\" class=\"link-overlay\"><\/a>\n\t\t\t\t\t\t\t\t\t\t\t<\/div>\n\t\t\t\t\t\t\t\t<div class=\"team-member--content\">\n\t\t\t\t\t<h4 class=\"team-member--name\">\n\t\t\t\t\t\t\t\t\t\t\t\t\t<a href=\"https:\/\/thebodymechanics.ca\/fr\/a-propos\/notre-equipe\/nicholas-borrelli\">\n\t\t\t\t\t\t\t\t\t\t\t\tNicholas Borrelli, B.Sc.\t\t\t\t\t\t<\/a>\t\t\t\t\t<\/h4>\n\t\t\t\t\t\t\t\t\t\t\t<span class=\"team-member--tag\">Th\u00e9rapeute du sport agr\u00e9\u00e9 CAT\u00a9<\/span>\n\t\t\t\t\t\t\t\t\t\t\t\t\t\t\t\t\t\t\t\t\t<a href=\"https:\/\/thebodymechanics.ca\/fr\/a-propos\/notre-equipe\/nicholas-borrelli\" class=\"text-link\">Plus sur Nicholas<\/a>\n\t\t\t\t\t\t\t\t\t<\/div>\n\t\t\t<\/div>\n\n\t\t\t<\/div><\/div><div id=\"panel-9084-1-1-1\" class=\"so-panel widget widget_qt_team_member widget-team-member\" data-index=\"5\" ><div class=\"panel-widget-style panel-widget-style-for-9084-1-1-1\" >\n\t\t\t<div class=\"team-member\">\n\t\t\t\t\t\t\t\t\t<div class=\"team-member--image\">\n\t\t\t\t\t\t\t\t\t\t\t\t\t<img decoding=\"async\" loading=\"lazy\" width=\"2447\" height=\"2447\" src=\"https:\/\/thebodymechanics.ca\/wp-content\/uploads\/2025\/06\/DSC_0107.jpeg\" class=\"attachment-full size-full\" alt=\"\" srcset=\"https:\/\/thebodymechanics.ca\/wp-content\/uploads\/2025\/06\/DSC_0107.jpeg 2447w, https:\/\/thebodymechanics.ca\/wp-content\/uploads\/2025\/06\/DSC_0107-300x300.jpeg 300w, https:\/\/thebodymechanics.ca\/wp-content\/uploads\/2025\/06\/DSC_0107-1024x1024.jpeg 1024w, https:\/\/thebodymechanics.ca\/wp-content\/uploads\/2025\/06\/DSC_0107-150x150.jpeg 150w, https:\/\/thebodymechanics.ca\/wp-content\/uploads\/2025\/06\/DSC_0107-768x768.jpeg 768w, https:\/\/thebodymechanics.ca\/wp-content\/uploads\/2025\/06\/DSC_0107-1536x1536.jpeg 1536w, https:\/\/thebodymechanics.ca\/wp-content\/uploads\/2025\/06\/DSC_0107-2048x2048.jpeg 2048w\" sizes=\"auto, (max-width: 2447px) 100vw, 2447px\" \/>\t\t\t\t\t\t\t\t\t\t\t\t\t\t\t\t\t\t\t\t\t\t\t\t\t<a href=\"https:\/\/thebodymechanics.ca\/fr\/a-propos\/notre-equipe\/samantha-savard-lamothe\" aria-label=\"Plus sur Samantha\" class=\"link-overlay\"><\/a>\n\t\t\t\t\t\t\t\t\t\t\t<\/div>\n\t\t\t\t\t\t\t\t<div class=\"team-member--content\">\n\t\t\t\t\t<h4 class=\"team-member--name\">\n\t\t\t\t\t\t\t\t\t\t\t\t\t<a href=\"https:\/\/thebodymechanics.ca\/fr\/a-propos\/notre-equipe\/samantha-savard-lamothe\">\n\t\t\t\t\t\t\t\t\t\t\t\tSamantha Savard Lamothe\t\t\t\t\t\t<\/a>\t\t\t\t\t<\/h4>\n\t\t\t\t\t\t\t\t\t\t\t<span class=\"team-member--tag\">Th\u00e9rapeute du sport agr\u00e9\u00e9e CAT\u00a9<\/span>\n\t\t\t\t\t\t\t\t\t\t\t\t\t\t\t\t\t\t\t\t\t<a href=\"https:\/\/thebodymechanics.ca\/fr\/a-propos\/notre-equipe\/samantha-savard-lamothe\" class=\"text-link\">Plus sur Samantha<\/a>\n\t\t\t\t\t\t\t\t\t<\/div>\n\t\t\t<\/div>\n\n\t\t\t<\/div><\/div><div id=\"panel-9084-1-1-2\" class=\"so-panel widget widget_qt_team_member widget-team-member panel-last-child\" data-index=\"6\" ><div class=\"panel-widget-style panel-widget-style-for-9084-1-1-2\" >\n\t\t\t<div class=\"team-member\">\n\t\t\t\t\t\t\t\t\t<div class=\"team-member--image\">\n\t\t\t\t\t\t\t\t\t\t\t\t\t<img decoding=\"async\" loading=\"lazy\" width=\"1024\" height=\"1024\" src=\"https:\/\/thebodymechanics.ca\/wp-content\/uploads\/2025\/07\/08DEFEF2-357E-4544-92AA-45855EEC7B26.jpeg\" class=\"attachment-full size-full\" alt=\"\" srcset=\"https:\/\/thebodymechanics.ca\/wp-content\/uploads\/2025\/07\/08DEFEF2-357E-4544-92AA-45855EEC7B26.jpeg 1024w, https:\/\/thebodymechanics.ca\/wp-content\/uploads\/2025\/07\/08DEFEF2-357E-4544-92AA-45855EEC7B26-300x300.jpeg 300w, https:\/\/thebodymechanics.ca\/wp-content\/uploads\/2025\/07\/08DEFEF2-357E-4544-92AA-45855EEC7B26-150x150.jpeg 150w, https:\/\/thebodymechanics.ca\/wp-content\/uploads\/2025\/07\/08DEFEF2-357E-4544-92AA-45855EEC7B26-768x768.jpeg 768w\" sizes=\"auto, (max-width: 1024px) 100vw, 1024px\" \/>\t\t\t\t\t\t\t\t\t\t\t\t\t\t\t\t\t\t\t\t\t\t\t\t\t<a href=\"https:\/\/thebodymechanics.ca\/fr\/a-propos\/notre-equipe\/antonella-petrozza\" aria-label=\"Plus sur Antonella\" class=\"link-overlay\"><\/a>\n\t\t\t\t\t\t\t\t\t\t\t<\/div>\n\t\t\t\t\t\t\t\t<div class=\"team-member--content\">\n\t\t\t\t\t<h4 class=\"team-member--name\">\n\t\t\t\t\t\t\t\t\t\t\t\t\t<a href=\"https:\/\/thebodymechanics.ca\/fr\/a-propos\/notre-equipe\/antonella-petrozza\">\n\t\t\t\t\t\t\t\t\t\t\t\tAntonella\t\t\t\t\t\t<\/a>\t\t\t\t\t<\/h4>\n\t\t\t\t\t\t\t\t\t\t\t<span class=\"team-member--tag\">Receptioniste<\/span>\n\t\t\t\t\t\t\t\t\t\t\t\t\t\t\t\t\t\t\t\t\t<a href=\"https:\/\/thebodymechanics.ca\/fr\/a-propos\/notre-equipe\/antonella-petrozza\" class=\"text-link\">Plus sur Antonella<\/a>\n\t\t\t\t\t\t\t\t\t<\/div>\n\t\t\t<\/div>\n\n\t\t\t<\/div><\/div><\/div><div id=\"pgc-9084-1-2\"  class=\"panel-grid-cell\" ><div id=\"panel-9084-1-2-0\" class=\"so-panel widget widget_qt_team_member widget-team-member panel-first-child\" data-index=\"7\" ><div class=\"panel-widget-style panel-widget-style-for-9084-1-2-0\" >\n\t\t\t<div class=\"team-member\">\n\t\t\t\t\t\t\t\t\t<div class=\"team-member--image\">\n\t\t\t\t\t\t\t\t\t\t\t\t\t<img decoding=\"async\" loading=\"lazy\" width=\"2560\" height=\"2560\" src=\"https:\/\/thebodymechanics.ca\/wp-content\/uploads\/2025\/08\/DSC_0095-scaled.jpg\" class=\"attachment-full size-full\" alt=\"\" srcset=\"https:\/\/thebodymechanics.ca\/wp-content\/uploads\/2025\/08\/DSC_0095-scaled.jpg 2560w, https:\/\/thebodymechanics.ca\/wp-content\/uploads\/2025\/08\/DSC_0095-300x300.jpg 300w, https:\/\/thebodymechanics.ca\/wp-content\/uploads\/2025\/08\/DSC_0095-1024x1024.jpg 1024w, https:\/\/thebodymechanics.ca\/wp-content\/uploads\/2025\/08\/DSC_0095-150x150.jpg 150w, https:\/\/thebodymechanics.ca\/wp-content\/uploads\/2025\/08\/DSC_0095-768x768.jpg 768w, https:\/\/thebodymechanics.ca\/wp-content\/uploads\/2025\/08\/DSC_0095-1536x1536.jpg 1536w, https:\/\/thebodymechanics.ca\/wp-content\/uploads\/2025\/08\/DSC_0095-2048x2048.jpg 2048w\" sizes=\"auto, (max-width: 2560px) 100vw, 2560px\" \/>\t\t\t\t\t\t\t\t\t\t\t\t\t\t\t\t\t\t\t\t\t\t\t\t\t<a href=\"https:\/\/thebodymechanics.ca\/fr\/a-propos\/notre-equipe\/tyler-grant\" aria-label=\"Plus sur Tyler\" class=\"link-overlay\"><\/a>\n\t\t\t\t\t\t\t\t\t\t\t<\/div>\n\t\t\t\t\t\t\t\t<div class=\"team-member--content\">\n\t\t\t\t\t<h4 class=\"team-member--name\">\n\t\t\t\t\t\t\t\t\t\t\t\t\t<a href=\"https:\/\/thebodymechanics.ca\/fr\/a-propos\/notre-equipe\/tyler-grant\">\n\t\t\t\t\t\t\t\t\t\t\t\tTyler Grant, B.Sc.\t\t\t\t\t\t<\/a>\t\t\t\t\t<\/h4>\n\t\t\t\t\t\t\t\t\t\t\t<span class=\"team-member--tag\">Th\u00e9rapeute du sport agr\u00e9\u00e9 CAT\u00a9<\/span>\n\t\t\t\t\t\t\t\t\t\t\t\t\t\t\t\t\t\t\t\t\t<a href=\"https:\/\/thebodymechanics.ca\/fr\/a-propos\/notre-equipe\/tyler-grant\" class=\"text-link\">Plus sur Tyler<\/a>\n\t\t\t\t\t\t\t\t\t<\/div>\n\t\t\t<\/div>\n\n\t\t\t<\/div><\/div><div id=\"panel-9084-1-2-1\" class=\"so-panel widget widget_qt_team_member widget-team-member panel-last-child\" data-index=\"8\" ><div class=\"panel-widget-style panel-widget-style-for-9084-1-2-1\" >\n\t\t\t<div class=\"team-member\">\n\t\t\t\t\t\t\t\t\t<div class=\"team-member--image\">\n\t\t\t\t\t\t\t\t\t\t\t\t\t<img decoding=\"async\" loading=\"lazy\" width=\"2424\" height=\"2422\" src=\"https:\/\/thebodymechanics.ca\/wp-content\/uploads\/2025\/08\/DSC_0123.jpg\" class=\"attachment-full size-full\" alt=\"\" srcset=\"https:\/\/thebodymechanics.ca\/wp-content\/uploads\/2025\/08\/DSC_0123.jpg 2424w, https:\/\/thebodymechanics.ca\/wp-content\/uploads\/2025\/08\/DSC_0123-300x300.jpg 300w, https:\/\/thebodymechanics.ca\/wp-content\/uploads\/2025\/08\/DSC_0123-1024x1024.jpg 1024w, https:\/\/thebodymechanics.ca\/wp-content\/uploads\/2025\/08\/DSC_0123-150x150.jpg 150w, https:\/\/thebodymechanics.ca\/wp-content\/uploads\/2025\/08\/DSC_0123-768x767.jpg 768w, https:\/\/thebodymechanics.ca\/wp-content\/uploads\/2025\/08\/DSC_0123-1536x1536.jpg 1536w, https:\/\/thebodymechanics.ca\/wp-content\/uploads\/2025\/08\/DSC_0123-2048x2046.jpg 2048w\" sizes=\"auto, (max-width: 2424px) 100vw, 2424px\" \/>\t\t\t\t\t\t\t\t\t\t\t\t\t\t\t\t\t\t\t\t\t\t\t\t\t<a href=\"https:\/\/thebodymechanics.ca\/fr\/a-propos\/notre-equipe\/shanyce-jarrett\" aria-label=\"Plus sur Shanyce\" class=\"link-overlay\"><\/a>\n\t\t\t\t\t\t\t\t\t\t\t<\/div>\n\t\t\t\t\t\t\t\t<div class=\"team-member--content\">\n\t\t\t\t\t<h4 class=\"team-member--name\">\n\t\t\t\t\t\t\t\t\t\t\t\t\t<a href=\"https:\/\/thebodymechanics.ca\/fr\/a-propos\/notre-equipe\/shanyce-jarrett\">\n\t\t\t\t\t\t\t\t\t\t\t\tShanyce Jarrett, B.Sc.\t\t\t\t\t\t<\/a>\t\t\t\t\t<\/h4>\n\t\t\t\t\t\t\t\t\t\t\t<span class=\"team-member--tag\">Th\u00e9rapeute du sport agr\u00e9\u00e9e CAT\u00a9<\/span>\n\t\t\t\t\t\t\t\t\t\t\t\t\t\t\t\t\t\t\t\t\t<a href=\"https:\/\/thebodymechanics.ca\/fr\/a-propos\/notre-equipe\/shanyce-jarrett\" class=\"text-link\">Plus sur Shanyce<\/a>\n\t\t\t\t\t\t\t\t\t<\/div>\n\t\t\t<\/div>\n\n\t\t\t<\/div><\/div><\/div><\/div><div id=\"pg-9084-2\"  class=\"panel-grid panel-no-style\" ><div id=\"pgc-9084-2-0\"  class=\"panel-grid-cell\" ><div id=\"panel-9084-2-0-0\" class=\"so-panel widget widget_sow-editor panel-first-child panel-last-child\" data-index=\"9\" ><div class=\"smaller-widget-title white-title featured-box panel-widget-style panel-widget-style-for-9084-2-0-0\" ><div\n\t\t\t\n\t\t\tclass=\"so-widget-sow-editor so-widget-sow-editor-base\"\n\t\t\t\n\t\t><h3 class=\"widget-title\">Vous voulez voir votre nom ici ?<\/h3>\n<div class=\"siteorigin-widget-tinymce textwidget\">\n\t<div class=\"siteorigin-widget-tinymce textwidget\">\n<p>Nous cherchons toujours \u00e0 agrandir notre \u00e9quipe.<\/p>\n<p>Si vous cherchez \u00e0 faire passer votre carri\u00e8re au niveau sup\u00e9rieur, contactez-nous.<\/p>\n<p><a class=\"text-link\" href=\"https:\/\/www.thebodymechanics.ca\/fr\/contactez-nous\">Contactez Nous<\/a><\/p>\n<\/div>\n<\/div>\n<\/div><\/div><\/div><\/div><\/div><\/div>","protected":false},"excerpt":{"rendered":"<p>Rencontrez notre \u00e9quipe<\/p>\n","protected":false},"author":4,"featured_media":0,"parent":8063,"menu_order":0,"comment_status":"closed","ping_status":"closed","template":"","meta":{"nf_dc_page":"","footnotes":""},"class_list":["post-9084","page","type-page","status-publish","hentry"],"acf":[],"aioseo_notices":[],"_links":{"self":[{"href":"https:\/\/thebodymechanics.ca\/fr\/wp-json\/wp\/v2\/pages\/9084","targetHints":{"allow":["GET"]}}],"collection":[{"href":"https:\/\/thebodymechanics.ca\/fr\/wp-json\/wp\/v2\/pages"}],"about":[{"href":"https:\/\/thebodymechanics.ca\/fr\/wp-json\/wp\/v2\/types\/page"}],"author":[{"embeddable":true,"href":"https:\/\/thebodymechanics.ca\/fr\/wp-json\/wp\/v2\/users\/4"}],"replies":[{"embeddable":true,"href":"https:\/\/thebodymechanics.ca\/fr\/wp-json\/wp\/v2\/comments?post=9084"}],"version-history":[{"count":6,"href":"https:\/\/thebodymechanics.ca\/fr\/wp-json\/wp\/v2\/pages\/9084\/revisions"}],"predecessor-version":[{"id":9377,"href":"https:\/\/thebodymechanics.ca\/fr\/wp-json\/wp\/v2\/pages\/9084\/revisions\/9377"}],"up":[{"embeddable":true,"href":"https:\/\/thebodymechanics.ca\/fr\/wp-json\/wp\/v2\/pages\/8063"}],"wp:attachment":[{"href":"https:\/\/thebodymechanics.ca\/fr\/wp-json\/wp\/v2\/media?parent=9084"}],"curies":[{"name":"wp","href":"https:\/\/api.w.org\/{rel}","templated":true}]}}