{"id":9012,"date":"2025-07-08T13:10:47","date_gmt":"2025-07-08T17:10:47","guid":{"rendered":"https:\/\/thebodymechanics.ca\/?page_id=9012"},"modified":"2026-03-12T14:59:05","modified_gmt":"2026-03-12T18:59:05","slug":"antonella-petrozza","status":"publish","type":"page","link":"https:\/\/thebodymechanics.ca\/fr\/a-propos\/notre-equipe\/antonella-petrozza\/","title":{"rendered":"Antonella"},"content":{"rendered":"<div id=\"pl-9012\"  class=\"panel-layout\" ><div id=\"pg-9012-0\"  class=\"panel-grid panel-no-style\" ><div id=\"pgc-9012-0-0\"  class=\"panel-grid-cell\" ><div id=\"panel-9012-0-0-0\" class=\"so-panel widget widget_sow-editor panel-first-child panel-last-child\" data-index=\"0\" ><div\n\t\t\t\n\t\t\tclass=\"so-widget-sow-editor so-widget-sow-editor-base\"\n\t\t\t\n\t\t>\n<div class=\"siteorigin-widget-tinymce textwidget\">\n\t<p>Antonella est une professionnelle d\u00e9vou\u00e9e qui compte plus de 25 ans d'exp\u00e9rience dans le service \u00e0 la client\u00e8le. C'est elle qui r\u00e9pond au t\u00e9l\u00e9phone pour vous trouver le meilleur sp\u00e9cialiste et le rendez-vous qui r\u00e9pondront \u00e0 tous vos besoins !<\/p>\n<p><span style=\"color: #56afd5; font-size: 18px;\"><strong>Career<br \/>\n<\/strong><\/span>Elle a men\u00e9 une carri\u00e8re polyvalente, notamment sept ans dans le secteur des assurances et un travail enrichissant aupr\u00e8s d'enfants dans le milieu \u00e9ducatif. Antonella est connue pour sa personnalit\u00e9 chaleureuse, ses solides comp\u00e9tences en communication et sa capacit\u00e9 \u00e0 \u00e9tablir des liens avec des personnes de tout horizon. Elle cr\u00e9e toujours un environnement accueillant et favorable. Son engagement envers l'excellence et son empathie naturelle font d'elle un membre pr\u00e9cieux de l'\u00e9quipe depuis 2023.<\/p>\n<p><span style=\"color: #56afd5; font-size: 18px;\"><strong>Qualifications <\/strong><\/span><\/p>\n<p>Bacalaur\u00e9at d\u00e8s arts<\/p>\n<\/div>\n<\/div><\/div><\/div><div id=\"pgc-9012-0-1\"  class=\"panel-grid-cell\" ><div id=\"panel-9012-0-1-0\" class=\"so-panel widget widget_sow-editor panel-first-child panel-last-child\" data-index=\"1\" ><div\n\t\t\t\n\t\t\tclass=\"so-widget-sow-editor so-widget-sow-editor-base\"\n\t\t\t\n\t\t>\n<div class=\"siteorigin-widget-tinymce textwidget\">\n\t<p><img loading=\"lazy\" decoding=\"async\" class=\"alignnone wp-image-8386 size-large\" src=\"https:\/\/thebodymechanics.ca\/wp-content\/uploads\/2021\/09\/slider-3-1024x682.jpg\" alt=\"\" width=\"1024\" height=\"682\" srcset=\"https:\/\/thebodymechanics.ca\/wp-content\/uploads\/2021\/09\/slider-3-1024x682.jpg 1024w, https:\/\/thebodymechanics.ca\/wp-content\/uploads\/2021\/09\/slider-3-300x200.jpg 300w, https:\/\/thebodymechanics.ca\/wp-content\/uploads\/2021\/09\/slider-3-768x512.jpg 768w, https:\/\/thebodymechanics.ca\/wp-content\/uploads\/2021\/09\/slider-3-1536x1024.jpg 1536w, https:\/\/thebodymechanics.ca\/wp-content\/uploads\/2021\/09\/slider-3-2048x1365.jpg 2048w, https:\/\/thebodymechanics.ca\/wp-content\/uploads\/2021\/09\/slider-3-360x240.jpg 360w, https:\/\/thebodymechanics.ca\/wp-content\/uploads\/2021\/09\/slider-3-850x567.jpg 850w, https:\/\/thebodymechanics.ca\/wp-content\/uploads\/2021\/09\/slider-3-272x182.jpg 272w\" sizes=\"auto, (max-width: 1024px) 100vw, 1024px\" \/><\/p>\n<\/div>\n<\/div><\/div><\/div><\/div><div id=\"pg-9012-1\"  class=\"panel-grid panel-no-style\" ><div id=\"pgc-9012-1-0\"  class=\"panel-grid-cell\" ><div id=\"panel-9012-1-0-0\" class=\"so-panel widget widget_sow-editor panel-first-child panel-last-child\" data-index=\"2\" ><div\n\t\t\t\n\t\t\tclass=\"so-widget-sow-editor so-widget-sow-editor-base\"\n\t\t\t\n\t\t>\n<div class=\"siteorigin-widget-tinymce textwidget\">\n\t<\/p>\n<\/div>\n<\/div><\/div><\/div><\/div><\/div>","protected":false},"excerpt":{"rendered":"<p>Antonella est une professionnelle d\u00e9vou\u00e9e qui compte plus de 25 ans d&#8217;exp\u00e9rience dans le service \u00e0 la client\u00e8le. C&#8217;est elle qui r\u00e9pond au t\u00e9l\u00e9phone pour vous trouver le meilleur sp\u00e9cialiste et le rendez-vous qui r\u00e9pondront \u00e0 tous vos besoins ! Career Elle a men\u00e9 une carri\u00e8re polyvalente, notamment sept ans dans le secteur des assurances [&hellip;]<\/p>\n","protected":false},"author":4,"featured_media":0,"parent":9084,"menu_order":0,"comment_status":"closed","ping_status":"closed","template":"","meta":{"nf_dc_page":"","footnotes":""},"class_list":["post-9012","page","type-page","status-publish","hentry"],"acf":[],"aioseo_notices":[],"_links":{"self":[{"href":"https:\/\/thebodymechanics.ca\/fr\/wp-json\/wp\/v2\/pages\/9012","targetHints":{"allow":["GET"]}}],"collection":[{"href":"https:\/\/thebodymechanics.ca\/fr\/wp-json\/wp\/v2\/pages"}],"about":[{"href":"https:\/\/thebodymechanics.ca\/fr\/wp-json\/wp\/v2\/types\/page"}],"author":[{"embeddable":true,"href":"https:\/\/thebodymechanics.ca\/fr\/wp-json\/wp\/v2\/users\/4"}],"replies":[{"embeddable":true,"href":"https:\/\/thebodymechanics.ca\/fr\/wp-json\/wp\/v2\/comments?post=9012"}],"version-history":[{"count":4,"href":"https:\/\/thebodymechanics.ca\/fr\/wp-json\/wp\/v2\/pages\/9012\/revisions"}],"predecessor-version":[{"id":9371,"href":"https:\/\/thebodymechanics.ca\/fr\/wp-json\/wp\/v2\/pages\/9012\/revisions\/9371"}],"up":[{"embeddable":true,"href":"https:\/\/thebodymechanics.ca\/fr\/wp-json\/wp\/v2\/pages\/9084"}],"wp:attachment":[{"href":"https:\/\/thebodymechanics.ca\/fr\/wp-json\/wp\/v2\/media?parent=9012"}],"curies":[{"name":"wp","href":"https:\/\/api.w.org\/{rel}","templated":true}]}}