{"id":9005,"date":"2025-07-08T13:06:22","date_gmt":"2025-07-08T17:06:22","guid":{"rendered":"https:\/\/thebodymechanics.ca\/?page_id=9005"},"modified":"2026-01-13T14:09:16","modified_gmt":"2026-01-13T19:09:16","slug":"shanyce-jarrett","status":"publish","type":"page","link":"https:\/\/thebodymechanics.ca\/fr\/a-propos\/notre-equipe\/shanyce-jarrett\/","title":{"rendered":"Shanyce Jarrett, B.Sc. CAT\u00a9"},"content":{"rendered":"<div id=\"pl-9005\"  class=\"panel-layout\" ><div id=\"pg-9005-0\"  class=\"panel-grid panel-no-style\" ><div id=\"pgc-9005-0-0\"  class=\"panel-grid-cell\" ><div id=\"panel-9005-0-0-0\" class=\"so-panel widget widget_sow-editor panel-first-child panel-last-child\" data-index=\"0\" ><div\n\t\t\t\n\t\t\tclass=\"so-widget-sow-editor so-widget-sow-editor-base\"\n\t\t\t\n\t\t>\n<div class=\"siteorigin-widget-tinymce textwidget\">\n\t<p><strong>Pr\u00e9sentement en cong\u00e9 de maternit\u00e9 \u2014 de retour prochainement.<\/strong><\/p>\n<p>Shanyce est une th\u00e9rapeute sportive certifi\u00e9e qui a suivi une formation avanc\u00e9e en activation musculaire. Elle se passionne aussi dans l\u2019accompagnement des femmes enceintes et en post-partum pour les aider \u00e0 se sentir au mieux de leur forme gr\u00e2ce \u00e0 des traitements et une r\u00e9\u00e9ducation cibl\u00e9s. Ancienne athl\u00e8te elle-m\u00eame, elle est en mesure d'aider ses clients \u00e0 comprendre les causes profondes de leurs blessures et \u00e0 pr\u00e9venir de futurs probl\u00e8mes. Elle personnalise chaque programme th\u00e9rapeutique en combinant des techniques manuelles et des exercices cibl\u00e9s. Son ambition est de concevoir un jour des programmes d'intervention sp\u00e9cialis\u00e9s pour les athl\u00e8tes de haut niveau, repoussant ainsi les limites des soins sportifs.<\/p>\n<p><span style=\"color: #56afd5; font-size: 18px;\"><strong>Carri\u00e8re<\/strong><\/span><br \/>\nAu cours de ses \u00e9tudes \u00e0 l'Universit\u00e9 Concordia, Shanyce a eu l'occasion de travailler avec des personnes de tous niveaux de comp\u00e9titifs, des jeunes enfants aux athl\u00e8tes universitaires, traitant \u00e0 la fois des blessures sportives et des troubles m\u00e9dicaux. Elle a continu\u00e9 \u00e0 travailler avec des \u00e9quipes sportives depuis lors, se perfectionnant en tant que clinicienne, rejoignant l'\u00e9quipe en 202 ?, et traitant quotidiennement une grande vari\u00e9t\u00e9 de blessures.<\/p>\n<p><span style=\"color: #56afd5; font-size: 18px;\"><strong>Qualifications et certifications <\/strong><\/span><\/p>\n<ul>\n<li><strong>Th\u00e9rapeute du sport agr\u00e9\u00e9e de l\u2019Association canadienne des th\u00e9rapeutes du sport CAT(C)<\/strong><\/li>\n<li><strong>Membre de la CTSQ, la Corporation des th\u00e9rapeutes du sport du Qu\u00e9bec<\/strong><\/li>\n<li><strong>Premier r\u00e9pondant sportif<\/strong><\/li>\n<li><strong>Certifi\u00e9e Be Activated Level 1-2<\/strong><\/li>\n<\/ul>\n<p><span style=\"color: #56afd5; font-size: 18px;\"><strong>Formation<\/strong><\/span><\/p>\n<p>Baccalaur\u00e9at en sciences de l'exercice avec distinction, sp\u00e9cialisation en th\u00e9rapie du sport - Universit\u00e9 Concordia<\/p>\n<\/div>\n<\/div><\/div><\/div><div id=\"pgc-9005-0-1\"  class=\"panel-grid-cell\" ><div id=\"panel-9005-0-1-0\" class=\"so-panel widget widget_sow-image panel-first-child panel-last-child\" data-index=\"1\" ><div\n\t\t\t\n\t\t\tclass=\"so-widget-sow-image so-widget-sow-image-default-8b5b6f678277-9005\"\n\t\t\t\n\t\t>\n<div class=\"sow-image-container\">\n\t\t<img loading=\"lazy\" \n\tsrc=\"https:\/\/thebodymechanics.ca\/wp-content\/uploads\/2025\/08\/DSC_0123.jpg\" width=\"2424\" height=\"2422\" srcset=\"https:\/\/thebodymechanics.ca\/wp-content\/uploads\/2025\/08\/DSC_0123.jpg 2424w, https:\/\/thebodymechanics.ca\/wp-content\/uploads\/2025\/08\/DSC_0123-300x300.jpg 300w, https:\/\/thebodymechanics.ca\/wp-content\/uploads\/2025\/08\/DSC_0123-1024x1024.jpg 1024w, https:\/\/thebodymechanics.ca\/wp-content\/uploads\/2025\/08\/DSC_0123-150x150.jpg 150w, https:\/\/thebodymechanics.ca\/wp-content\/uploads\/2025\/08\/DSC_0123-768x767.jpg 768w, https:\/\/thebodymechanics.ca\/wp-content\/uploads\/2025\/08\/DSC_0123-1536x1536.jpg 1536w, https:\/\/thebodymechanics.ca\/wp-content\/uploads\/2025\/08\/DSC_0123-2048x2046.jpg 2048w\" sizes=\"auto, (max-width: 2424px) 100vw, 2424px\" alt=\"\" \t\tclass=\"so-widget-image\"\/>\n\t<\/div>\n\n<\/div><\/div><\/div><\/div><\/div>","protected":false},"excerpt":{"rendered":"<p>Pr\u00e9sentement en cong\u00e9 de maternit\u00e9 \u2014 de retour prochainement. Shanyce est une th\u00e9rapeute sportive certifi\u00e9e qui a suivi une formation avanc\u00e9e en activation musculaire. Elle se passionne aussi dans l\u2019accompagnement des femmes enceintes et en post-partum pour les aider \u00e0 se sentir au mieux de leur forme gr\u00e2ce \u00e0 des traitements et une r\u00e9\u00e9ducation cibl\u00e9s. [&hellip;]<\/p>\n","protected":false},"author":4,"featured_media":8952,"parent":9084,"menu_order":0,"comment_status":"closed","ping_status":"closed","template":"","meta":{"nf_dc_page":"","footnotes":""},"class_list":["post-9005","page","type-page","status-publish","has-post-thumbnail","hentry"],"acf":[],"aioseo_notices":[],"_links":{"self":[{"href":"https:\/\/thebodymechanics.ca\/fr\/wp-json\/wp\/v2\/pages\/9005","targetHints":{"allow":["GET"]}}],"collection":[{"href":"https:\/\/thebodymechanics.ca\/fr\/wp-json\/wp\/v2\/pages"}],"about":[{"href":"https:\/\/thebodymechanics.ca\/fr\/wp-json\/wp\/v2\/types\/page"}],"author":[{"embeddable":true,"href":"https:\/\/thebodymechanics.ca\/fr\/wp-json\/wp\/v2\/users\/4"}],"replies":[{"embeddable":true,"href":"https:\/\/thebodymechanics.ca\/fr\/wp-json\/wp\/v2\/comments?post=9005"}],"version-history":[{"count":5,"href":"https:\/\/thebodymechanics.ca\/fr\/wp-json\/wp\/v2\/pages\/9005\/revisions"}],"predecessor-version":[{"id":9357,"href":"https:\/\/thebodymechanics.ca\/fr\/wp-json\/wp\/v2\/pages\/9005\/revisions\/9357"}],"up":[{"embeddable":true,"href":"https:\/\/thebodymechanics.ca\/fr\/wp-json\/wp\/v2\/pages\/9084"}],"wp:featuredmedia":[{"embeddable":true,"href":"https:\/\/thebodymechanics.ca\/fr\/wp-json\/wp\/v2\/media\/8952"}],"wp:attachment":[{"href":"https:\/\/thebodymechanics.ca\/fr\/wp-json\/wp\/v2\/media?parent=9005"}],"curies":[{"name":"wp","href":"https:\/\/api.w.org\/{rel}","templated":true}]}}