{"id":9000,"date":"2025-07-08T13:01:42","date_gmt":"2025-07-08T17:01:42","guid":{"rendered":"https:\/\/thebodymechanics.ca\/?page_id=9000"},"modified":"2025-10-16T15:03:33","modified_gmt":"2025-10-16T19:03:33","slug":"julia-sucapane","status":"publish","type":"page","link":"https:\/\/thebodymechanics.ca\/fr\/a-propos\/notre-equipe\/julia-sucapane\/","title":{"rendered":"Julia Sucapane"},"content":{"rendered":"<div id=\"pl-7848\" class=\"panel-layout\">\n<div id=\"pg-7848-0\" class=\"panel-grid panel-no-style\" data-style=\"{&quot;background_image_attachment&quot;:false,&quot;background_display&quot;:&quot;tile&quot;,&quot;background_image_size&quot;:&quot;full&quot;,&quot;background_image_opacity&quot;:&quot;100&quot;,&quot;border_thickness&quot;:&quot;1px&quot;,&quot;full_height&quot;:&quot;&quot;,&quot;bottom_margin&quot;:&quot;0px&quot;,&quot;cell_alignment&quot;:&quot;flex-start&quot;}\">\n<div id=\"pgc-7848-0-0\" class=\"panel-grid-cell\" data-weight=\"0.5\">\n<div id=\"panel-7848-0-0-0\" class=\"so-panel widget widget_sow-editor panel-first-child panel-last-child\" data-index=\"0\" data-style=\"{&quot;background_image_attachment&quot;:false,&quot;background_display&quot;:&quot;tile&quot;,&quot;background_image_size&quot;:&quot;full&quot;,&quot;background_image_opacity&quot;:&quot;100&quot;,&quot;border_thickness&quot;:&quot;1px&quot;,&quot;big_widget_title&quot;:&quot;&quot;,&quot;small_widget_title&quot;:&quot;&quot;,&quot;white_widget_title&quot;:&quot;&quot;,&quot;featured_box&quot;:&quot;&quot;,&quot;white_featured_box&quot;:&quot;&quot;}\">\n<div class=\"so-widget-sow-editor so-widget-sow-editor-base\">\n<div class=\"siteorigin-widget-tinymce textwidget\">\n<p>En tant que responsable des projets sp\u00e9ciaux chez The Body Mechanics Julia apporte sa cr\u00e9ativit\u00e9 et son sens strat\u00e9gique \u00e0 tout ce qui se passe en dehors de la salle de soins. Elle g\u00e8re nos r\u00e9seaux sociaux et notre site web, organise des \u00e9v\u00e9nements et r\u00e9dige des newsletters. Elle veille \u00e0 ce que notre communaut\u00e9 reste connect\u00e9e, inform\u00e9e et inspir\u00e9e. Elle adore trouver des moyens ludiques et attrayants de partager ce que fait notre \u00e9quipe et de mettre en avant les personnes qui se cachent derri\u00e8re les soins.<\/p>\n<p><span style=\"color: #56afd5; font-size: 18px;\"><strong>Carri\u00e8re\u00a0<\/strong><\/span><br \/>\nJulia a une formation en design et en marketing. Elle a de l&#8217;exp\u00e9rience dans la gestion de sa propre entreprise en ligne et dans la collaboration avec des \u00e9quipes cr\u00e9atives dans divers secteurs. Depuis qu&#8217;elle a rejoint Les Body Mechanics en 2025, elle s&#8217;est attach\u00e9e \u00e0 rendre notre communaut\u00e9 plus accueillante, personnelle et plus accessible.<\/p>\n<p><span style=\"color: #56afd5; font-size: 18px;\"><strong>Qualifications\u00a0<\/strong><\/span><br \/>\nMa\u00eetrise en industries cr\u00e9atives &#8211; Universit\u00e9 Macquarie<\/p>\n<\/div>\n<\/div>\n<\/div>\n<\/div>\n<div id=\"pgc-7848-0-1\" class=\"panel-grid-cell\" data-weight=\"0.5\">\n<div id=\"panel-7848-0-1-0\" class=\"so-panel widget widget_sow-editor panel-first-child panel-last-child\" data-index=\"1\" data-style=\"{&quot;background_image_attachment&quot;:false,&quot;background_display&quot;:&quot;tile&quot;,&quot;background_image_size&quot;:&quot;full&quot;,&quot;background_image_opacity&quot;:&quot;100&quot;,&quot;border_thickness&quot;:&quot;1px&quot;,&quot;big_widget_title&quot;:&quot;&quot;,&quot;small_widget_title&quot;:&quot;&quot;,&quot;white_widget_title&quot;:&quot;&quot;,&quot;featured_box&quot;:&quot;&quot;,&quot;white_featured_box&quot;:&quot;&quot;}\">\n<div class=\"so-widget-sow-editor so-widget-sow-editor-base\">\n<div class=\"siteorigin-widget-tinymce textwidget\">\n<p><img decoding=\"async\" loading=\"lazy\" class=\"alignnone size-medium wp-image-8965\" src=\"https:\/\/thebodymechanics.ca\/wp-content\/uploads\/2025\/06\/DSC_0155-300x300.jpeg\" alt=\"\" width=\"300\" height=\"300\" srcset=\"https:\/\/thebodymechanics.ca\/wp-content\/uploads\/2025\/06\/DSC_0155-300x300.jpeg 300w, https:\/\/thebodymechanics.ca\/wp-content\/uploads\/2025\/06\/DSC_0155-1024x1024.jpeg 1024w, https:\/\/thebodymechanics.ca\/wp-content\/uploads\/2025\/06\/DSC_0155-150x150.jpeg 150w, https:\/\/thebodymechanics.ca\/wp-content\/uploads\/2025\/06\/DSC_0155-768x768.jpeg 768w, https:\/\/thebodymechanics.ca\/wp-content\/uploads\/2025\/06\/DSC_0155-1536x1536.jpeg 1536w, https:\/\/thebodymechanics.ca\/wp-content\/uploads\/2025\/06\/DSC_0155-2048x2048.jpeg 2048w\" sizes=\"auto, (max-width: 300px) 100vw, 300px\" \/><\/p>\n<\/div>\n<\/div>\n<\/div>\n<\/div>\n<\/div>\n<\/div>\n<style type=\"text\/css\" class=\"panels-style\" data-panels-style-for-post=\"7848\">@import url(https:\/\/thebodymechanics.ca\/wp-content\/plugins\/siteorigin-panels\/css\/front-flex.min.css); #pgc-7848-0-0 , #pgc-7848-0-1 { width:50%;width:calc(50% - ( 0.5 * 30px ) ) } #pg-7848-0 , #pl-7848 .so-panel:last-of-type { margin-bottom:0px } #pl-7848 .so-panel { margin-bottom:30px } #pg-7848-0.panel-has-style > .panel-row-style, #pg-7848-0.panel-no-style { -webkit-align-items:flex-start;align-items:flex-start } @media (max-width:991px){ #pg-7848-0.panel-no-style, #pg-7848-0.panel-has-style > .panel-row-style, #pg-7848-0 { -webkit-flex-direction:column;-ms-flex-direction:column;flex-direction:column } #pg-7848-0 > .panel-grid-cell , #pg-7848-0 > .panel-row-style > .panel-grid-cell { width:100%;margin-right:0 } #pgc-7848-0-0 { margin-bottom:30px } #pl-7848 .panel-grid-cell { padding:0 } #pl-7848 .panel-grid .panel-grid-cell-empty { display:none } #pl-7848 .panel-grid .panel-grid-cell-mobile-last { margin-bottom:0px }  } <\/style>\n","protected":false},"excerpt":{"rendered":"<p>En tant que responsable des projets sp\u00e9ciaux chez The Body Mechanics Julia apporte sa cr\u00e9ativit\u00e9 et son sens strat\u00e9gique \u00e0 tout ce qui se passe en dehors de la salle de soins. Elle g\u00e8re nos r\u00e9seaux sociaux et notre site web, organise des \u00e9v\u00e9nements et r\u00e9dige des newsletters. Elle veille \u00e0 ce que notre communaut\u00e9 [&hellip;]<\/p>\n","protected":false},"author":4,"featured_media":8966,"parent":9084,"menu_order":0,"comment_status":"closed","ping_status":"closed","template":"","meta":{"nf_dc_page":"","footnotes":""},"class_list":["post-9000","page","type-page","status-publish","has-post-thumbnail","hentry"],"acf":[],"aioseo_notices":[],"_links":{"self":[{"href":"https:\/\/thebodymechanics.ca\/fr\/wp-json\/wp\/v2\/pages\/9000","targetHints":{"allow":["GET"]}}],"collection":[{"href":"https:\/\/thebodymechanics.ca\/fr\/wp-json\/wp\/v2\/pages"}],"about":[{"href":"https:\/\/thebodymechanics.ca\/fr\/wp-json\/wp\/v2\/types\/page"}],"author":[{"embeddable":true,"href":"https:\/\/thebodymechanics.ca\/fr\/wp-json\/wp\/v2\/users\/4"}],"replies":[{"embeddable":true,"href":"https:\/\/thebodymechanics.ca\/fr\/wp-json\/wp\/v2\/comments?post=9000"}],"version-history":[{"count":2,"href":"https:\/\/thebodymechanics.ca\/fr\/wp-json\/wp\/v2\/pages\/9000\/revisions"}],"predecessor-version":[{"id":9213,"href":"https:\/\/thebodymechanics.ca\/fr\/wp-json\/wp\/v2\/pages\/9000\/revisions\/9213"}],"up":[{"embeddable":true,"href":"https:\/\/thebodymechanics.ca\/fr\/wp-json\/wp\/v2\/pages\/9084"}],"wp:featuredmedia":[{"embeddable":true,"href":"https:\/\/thebodymechanics.ca\/fr\/wp-json\/wp\/v2\/media\/8966"}],"wp:attachment":[{"href":"https:\/\/thebodymechanics.ca\/fr\/wp-json\/wp\/v2\/media?parent=9000"}],"curies":[{"name":"wp","href":"https:\/\/api.w.org\/{rel}","templated":true}]}}