{"id":8990,"date":"2025-07-08T12:51:20","date_gmt":"2025-07-08T16:51:20","guid":{"rendered":"https:\/\/thebodymechanics.ca\/?page_id=8990"},"modified":"2025-11-06T13:43:21","modified_gmt":"2025-11-06T18:43:21","slug":"tyler-grant","status":"publish","type":"page","link":"https:\/\/thebodymechanics.ca\/fr\/a-propos\/notre-equipe\/tyler-grant\/","title":{"rendered":"Tyler Grant"},"content":{"rendered":"<div id=\"pl-8990\"  class=\"panel-layout\" ><div id=\"pg-8990-0\"  class=\"panel-grid panel-no-style\" ><div id=\"pgc-8990-0-0\"  class=\"panel-grid-cell\" ><div id=\"panel-8990-0-0-0\" class=\"so-panel widget widget_sow-editor panel-first-child panel-last-child\" data-index=\"0\" ><div\n\t\t\t\n\t\t\tclass=\"so-widget-sow-editor so-widget-sow-editor-base\"\n\t\t\t\n\t\t>\n<div class=\"siteorigin-widget-tinymce textwidget\">\n\t<div id=\"panel-8984-0-0-0\" class=\"so-panel widget widget_sow-editor panel-first-child panel-last-child\" data-index=\"0\" data-style=\"{&quot;background_image_attachment&quot;:false,&quot;background_display&quot;:&quot;tile&quot;,&quot;background_image_size&quot;:&quot;full&quot;,&quot;background_image_opacity&quot;:&quot;100&quot;,&quot;border_thickness&quot;:&quot;1px&quot;,&quot;big_widget_title&quot;:&quot;&quot;,&quot;small_widget_title&quot;:&quot;&quot;,&quot;white_widget_title&quot;:&quot;&quot;,&quot;featured_box&quot;:&quot;&quot;,&quot;white_featured_box&quot;:&quot;&quot;}\">\n<div class=\"so-widget-sow-editor so-widget-sow-editor-base\">\n<div class=\"siteorigin-widget-tinymce textwidget\">\n<p>Tyler a grandi en pratiquant le football et le hockey de comp\u00e9tition, ce qui lui a permis de d\u00e9couvrir le monde du sport et d'appr\u00e9cier son caract\u00e8re comp\u00e9titif. Il est d\u00e9termin\u00e9 \u00e0 changer positivement la vie des gens et \u00e0 les aider \u00e0 retrouver un mode de vie actif, que ce soit pour pratiquer un sport ou simplement pour faire des promenades. Il utilise des techniques de th\u00e9rapie manuelle et des programmes d'exercices personnalis\u00e9s pour atteindre cet objectif.<\/p>\n<p><span style=\"color: #56afd5; font-size: 18px;\"><strong>Carri\u00e8re<\/strong><\/span><\/p>\n<p>Toute l\u2019\u00e9quipe a \u00e9t\u00e9 heureuse d\u2019accueillir Tyler en 202\u00a0?. Depuis l'obtention de son dipl\u00f4me, Tyler a travaill\u00e9 dans le domaine du soccer au niveau des clubs et au niveau r\u00e9gional, ainsi qu'avec une \u00e9quipe junior AAA de hockey. Passionn\u00e9 par l'approche holistique du corps, il esp\u00e8re \u00e9largir ses \u00e9tudes pour inclure le conseil en performance mentale.<\/p>\n<p><span style=\"color: #56afd5; font-size: 18px;\"><strong>R\u00e9alisations Professionelles<\/strong><\/span><\/p>\n<\/div>\n<\/div>\n<\/div>\n<div id=\"panel-8984-0-0-0\" class=\"so-panel widget widget_sow-editor panel-first-child panel-last-child\" data-index=\"0\" data-style=\"{&quot;background_image_attachment&quot;:false,&quot;background_display&quot;:&quot;tile&quot;,&quot;background_image_size&quot;:&quot;full&quot;,&quot;background_image_opacity&quot;:&quot;100&quot;,&quot;border_thickness&quot;:&quot;1px&quot;,&quot;big_widget_title&quot;:&quot;&quot;,&quot;small_widget_title&quot;:&quot;&quot;,&quot;white_widget_title&quot;:&quot;&quot;,&quot;featured_box&quot;:&quot;&quot;,&quot;white_featured_box&quot;:&quot;&quot;}\">\n<div class=\"so-widget-sow-editor so-widget-sow-editor-base\">\n<div class=\"siteorigin-widget-tinymce textwidget\">\n<p><strong>B.Sc. avec sp\u00e9cialisation en th\u00e9rapie du sport<\/strong><br \/>\nPendant ses \u00e9tudes \u00e0 l'Universit\u00e9 Concordia, il a observ\u00e9 diverses blessures chez diff\u00e9rents groupes d\u00e9mographiques. Il a assur\u00e9 la couverture sur le terrain pour les athl\u00e8tes du secondaire. Il a effectu\u00e9 un travail clinique ax\u00e9 sur la population g\u00e9n\u00e9rale. De plus, il a assur\u00e9 la couverture clinique et sur le terrain pour les \u00e9quipes de soccer Concordia Stingers et l'\u00e9quipe masculine de hockey.<\/p>\n<p><span style=\"color: #56afd5; font-size: 18px;\"><strong>Qualifications et certifications <\/strong><\/span><\/p>\n<ul>\n<li><strong>Th\u00e9rapeute du sport agr\u00e9\u00e9 de l\u2019Association canadienne des th\u00e9rapeutes du sport CAT(C)<\/strong><\/li>\n<li style=\"text-align: left;\"><strong>Certifi\u00e9 Premier r\u00e9pondant sportif<\/strong><\/li>\n<\/ul>\n<\/div>\n<\/div>\n<\/div>\n<p class=\"p1\">\n<\/div>\n<\/div><\/div><\/div><div id=\"pgc-8990-0-1\"  class=\"panel-grid-cell\" ><div id=\"panel-8990-0-1-0\" class=\"so-panel widget widget_sow-image panel-first-child panel-last-child\" data-index=\"1\" ><div\n\t\t\t\n\t\t\tclass=\"so-widget-sow-image so-widget-sow-image-default-8b5b6f678277-8990\"\n\t\t\t\n\t\t>\n<div class=\"sow-image-container\">\n\t\t<img loading=\"lazy\" \n\tsrc=\"https:\/\/thebodymechanics.ca\/wp-content\/uploads\/2025\/08\/DSC_0095-scaled.jpg\" width=\"2560\" height=\"2560\" srcset=\"https:\/\/thebodymechanics.ca\/wp-content\/uploads\/2025\/08\/DSC_0095-scaled.jpg 2560w, https:\/\/thebodymechanics.ca\/wp-content\/uploads\/2025\/08\/DSC_0095-300x300.jpg 300w, https:\/\/thebodymechanics.ca\/wp-content\/uploads\/2025\/08\/DSC_0095-1024x1024.jpg 1024w, https:\/\/thebodymechanics.ca\/wp-content\/uploads\/2025\/08\/DSC_0095-150x150.jpg 150w, https:\/\/thebodymechanics.ca\/wp-content\/uploads\/2025\/08\/DSC_0095-768x768.jpg 768w, https:\/\/thebodymechanics.ca\/wp-content\/uploads\/2025\/08\/DSC_0095-1536x1536.jpg 1536w, https:\/\/thebodymechanics.ca\/wp-content\/uploads\/2025\/08\/DSC_0095-2048x2048.jpg 2048w\" sizes=\"auto, (max-width: 2560px) 100vw, 2560px\" title=\"DSC_0095\" alt=\"\" \t\tclass=\"so-widget-image\"\/>\n\t<\/div>\n\n<\/div><\/div><\/div><\/div><\/div>","protected":false},"excerpt":{"rendered":"<p>Tyler a grandi en pratiquant le football et le hockey de comp\u00e9tition, ce qui lui a permis de d\u00e9couvrir le monde du sport et d&#8217;appr\u00e9cier son caract\u00e8re comp\u00e9titif. Il est d\u00e9termin\u00e9 \u00e0 changer positivement la vie des gens et \u00e0 les aider \u00e0 retrouver un mode de vie actif, que ce soit pour pratiquer un [&hellip;]<\/p>\n","protected":false},"author":5,"featured_media":0,"parent":9084,"menu_order":0,"comment_status":"closed","ping_status":"closed","template":"","meta":{"nf_dc_page":"","footnotes":""},"class_list":["post-8990","page","type-page","status-publish","hentry"],"acf":[],"aioseo_notices":[],"_links":{"self":[{"href":"https:\/\/thebodymechanics.ca\/fr\/wp-json\/wp\/v2\/pages\/8990","targetHints":{"allow":["GET"]}}],"collection":[{"href":"https:\/\/thebodymechanics.ca\/fr\/wp-json\/wp\/v2\/pages"}],"about":[{"href":"https:\/\/thebodymechanics.ca\/fr\/wp-json\/wp\/v2\/types\/page"}],"author":[{"embeddable":true,"href":"https:\/\/thebodymechanics.ca\/fr\/wp-json\/wp\/v2\/users\/5"}],"replies":[{"embeddable":true,"href":"https:\/\/thebodymechanics.ca\/fr\/wp-json\/wp\/v2\/comments?post=8990"}],"version-history":[{"count":5,"href":"https:\/\/thebodymechanics.ca\/fr\/wp-json\/wp\/v2\/pages\/8990\/revisions"}],"predecessor-version":[{"id":9309,"href":"https:\/\/thebodymechanics.ca\/fr\/wp-json\/wp\/v2\/pages\/8990\/revisions\/9309"}],"up":[{"embeddable":true,"href":"https:\/\/thebodymechanics.ca\/fr\/wp-json\/wp\/v2\/pages\/9084"}],"wp:attachment":[{"href":"https:\/\/thebodymechanics.ca\/fr\/wp-json\/wp\/v2\/media?parent=8990"}],"curies":[{"name":"wp","href":"https:\/\/api.w.org\/{rel}","templated":true}]}}