{"id":8894,"date":"2024-05-31T14:10:08","date_gmt":"2024-05-31T18:10:08","guid":{"rendered":"https:\/\/thebodymechanics.ca\/?page_id=8894"},"modified":"2024-05-31T14:22:47","modified_gmt":"2024-05-31T18:22:47","slug":"politique-de-confidentialite","status":"publish","type":"page","link":"https:\/\/thebodymechanics.ca\/fr\/politique-de-confidentialite\/","title":{"rendered":"Politique de confidentialit\u00e9"},"content":{"rendered":"<div id=\"pl-8894\"  class=\"panel-layout\" ><div id=\"pg-8894-0\"  class=\"panel-grid panel-no-style\" ><div id=\"pgc-8894-0-0\"  class=\"panel-grid-cell\" ><div id=\"panel-8894-0-0-0\" class=\"so-panel widget widget_text panel-first-child panel-last-child\" data-index=\"0\" ><h3 class=\"widget-title\">Notre Politique de confidentialit\u00e9<\/h3>\t\t\t<div class=\"textwidget\"><p><strong>Derni\u00e8re mise \u00e0 jour le 22 mars 2024<\/strong><\/p>\n<p>Le pr\u00e9sent avis de confidentialit\u00e9 de The Body Mechanics (&#8221; <strong>nous<\/strong> &#8220;, &#8221; <strong>notre<\/strong> &#8221; ou &#8221; <strong>nos<\/strong>&#8220;) d\u00e9crit comment et pourquoi nous pouvons recueillir, stocker, utiliser et\/ou partager (&#8221; traiter &#8220;) vos informations lorsque vous utilisez nos services (&#8221; services &#8220;), par exemple lorsque vous :<\/p>\n<ul>\n<li>visitez notre site web \u00e0 l&#8217;adresse <a href=\"https:\/\/thebodymechanics.ca\">https:\/\/thebodymechanics.ca<\/a>, ou tout autre site web qui renvoie au pr\u00e9sent avis de confidentialit\u00e9<\/li>\n<li>vous entrez en contact avec nous par d&#8217;autres moyens, y compris les ventes, le marketing ou les \u00e9v\u00e9nements.<\/li>\n<\/ul>\n<p><strong>Des questions ou des inqui\u00e9tudes ?<\/strong> La lecture de cet avis de confidentialit\u00e9 vous aidera \u00e0 comprendre vos droits et vos choix en mati\u00e8re de protection de la vie priv\u00e9e. Si vous avez encore des questions ou des pr\u00e9occupations, veuillez nous contacter \u00e0 l&#8217;adresse <a href=\"mailto:privacy@thebodymechanics.ca\">privacy@thebodymechanics.ca<\/a>.<\/p>\n<p><strong>R\u00c9SUM\u00c9 DES POINTS CL\u00c9S<\/strong><\/p>\n<p>Ce r\u00e9sum\u00e9 pr\u00e9sente les points cl\u00e9s de notre avis de confidentialit\u00e9, mais vous pouvez obtenir plus de d\u00e9tails sur chacun de ces sujets en cliquant sur le lien qui suit chaque point cl\u00e9 ou en utilisant notre table des mati\u00e8res ci-dessous pour trouver la section que vous recherchez.<\/p>\n<p><strong>Quelles informations personnelles traitons-nous ?<\/strong> Lorsque vous visitez, utilisez ou naviguez sur nos services, nous pouvons traiter des informations personnelles en fonction de la mani\u00e8re dont vous interagissez avec nous et les services, des choix que vous faites et des produits et fonctionnalit\u00e9s que vous utilisez.<\/p>\n<p><strong>Traitons-nous des informations personnelles sensibles ?<\/strong> Nous pouvons traiter des informations personnelles sensibles lorsque cela est n\u00e9cessaire, avec votre consentement ou dans la mesure o\u00f9 la loi applicable le permet.<\/p>\n<p><strong>Recevons-nous des informations de la part de tiers ?<\/strong> Nous ne recevons aucune information de la part de tiers.<\/p>\n<p><strong>Comment traitons-nous vos informations ?<\/strong> Nous traitons vos informations pour fournir, am\u00e9liorer et administrer nos services, pour communiquer avec vous, pour la s\u00e9curit\u00e9 et la pr\u00e9vention de la fraude, et pour nous conformer \u00e0 la loi. Nous pouvons \u00e9galement traiter vos informations \u00e0 d&#8217;autres fins avec votre consentement. Nous ne traitons vos informations que lorsque nous avons une raison l\u00e9gale valable de le faire.<\/p>\n<p><strong>Dans quelles situations et avec quels types de parties partageons-nous des informations personnelles ?<\/strong> Nous pouvons partager des informations dans des situations sp\u00e9cifiques et avec des cat\u00e9gories sp\u00e9cifiques de tiers.<\/p>\n<p><strong>Comment assurons-nous la s\u00e9curit\u00e9 de vos informations ?<\/strong> Nous avons mis en place des processus et des proc\u00e9dures organisationnels et techniques pour prot\u00e9ger vos informations personnelles. Toutefois, aucune transmission \u00e9lectronique sur l&#8217;internet ou technologie de stockage de l&#8217;information ne peut \u00eatre garantie \u00e0 100 %, de sorte que nous ne pouvons pas promettre ou garantir que les pirates informatiques, les cybercriminels ou les personnes malveillantes ne peuvent pas acc\u00e9der \u00e0 vos donn\u00e9es personnelles.<\/p>\n<p>D&#8217;autres tiers non autoris\u00e9s ne seront pas en mesure de d\u00e9jouer notre s\u00e9curit\u00e9 et de collecter, d&#8217;acc\u00e9der, de voler ou de modifier vos informations de mani\u00e8re inappropri\u00e9e.<\/p>\n<p><strong>Quels sont vos droits en mati\u00e8re de protection de la vie priv\u00e9e ?<\/strong> Dans certaines r\u00e9gions (comme le Canada), vous disposez de certains droits en vertu des lois applicables en mati\u00e8re de protection des donn\u00e9es. Il peut s&#8217;agir du droit (i) de demander l&#8217;acc\u00e8s \u00e0 vos informations personnelles et d&#8217;en obtenir une copie, (ii) de demander la rectification ou l&#8217;effacement, (iii) de restreindre le traitement de vos informations personnelles, (iv) le cas \u00e9ch\u00e9ant, de b\u00e9n\u00e9ficier de la portabilit\u00e9 des donn\u00e9es, et (v) de ne pas faire l&#8217;objet d&#8217;une prise de d\u00e9cision automatis\u00e9e. Dans certaines circonstances, vous pouvez \u00e9galement avoir le droit de vous opposer au traitement de vos informations personnelles. Vous pouvez faire une telle demande en nous contactant aux coordonn\u00e9es indiqu\u00e9es dans la section &#8220;COMMENT PEUT-ON NOUS CONTACTER AU SUJET DE LA PR\u00c9SENTE NOTICE&#8221; ci-dessous.<\/p>\n<p><strong>Comment exercer vos droits ?<\/strong> La mani\u00e8re la plus simple d&#8217;exercer vos droits est de nous contacter par courrier \u00e9lectronique \u00e0 l&#8217;adresse privacy@thebodymechanics.ca. Nous examinerons toute demande et y donnerons suite conform\u00e9ment aux lois applicables en mati\u00e8re de protection des donn\u00e9es.<\/p>\n<p><u>TABLE DES MATI\u00c8RES<\/u><\/p>\n<p><u>\u00a0<\/u><\/p>\n<ol>\n<li><u> QUELLES SONT LES INFORMATIONS QUE NOUS COLLECTONS ?<\/u><\/li>\n<li><u> COMMENT TRAITONS-NOUS VOS INFORMATIONS ?<\/u><\/li>\n<li><u> QUELLES SONT LES BASES JURIDIQUES SUR LESQUELLES NOUS NOUS APPUYONS POUR TRAITER VOS INFORMATIONS PERSONNELLES ?<\/u><\/li>\n<li><u> QUAND ET AVEC QUI PARTAGEONS-NOUS VOS INFORMATIONS PERSONNELLES ?<\/u><\/li>\n<li><u> UTILISONS-NOUS DES COOKIES ET D&#8217;AUTRES TECHNOLOGIES DE SUIVI ?<\/u><\/li>\n<li><u> COMBIEN DE TEMPS CONSERVONS-NOUS VOS INFORMATIONS ?<\/u><\/li>\n<li><u> COMMENT ASSURONS-NOUS LA S\u00c9CURIT\u00c9 DE VOS INFORMATIONS ?<\/u><\/li>\n<li><u> QUELS SONT VOS DROITS EN MATI\u00c8RE DE PROTECTION DE LA VIE PRIV\u00c9E ?<\/u><\/li>\n<li><u> CONTR\u00d4LES DES FONCTIONS &#8220;DO-NOT-TRACK&#8221; (NE PAS SUIVRE)<\/u><\/li>\n<li><u> FAISONS-NOUS DES MISES \u00c0 JOUR DE CET AVIS ?<\/u><\/li>\n<li><u> COMMENT POUVEZ-VOUS NOUS CONTACTER AU SUJET DE CETTE NOTICE ?<\/u><\/li>\n<li><u> COMMENT POUVEZ-VOUS CONSULTER, METTRE \u00c0 JOUR OU SUPPRIMER LES DONN\u00c9ES QUE NOUS COLLECTONS AUPR\u00c8S DE VOUS ?<\/u><\/li>\n<\/ol>\n<p><u>\u00a0<\/u><\/p>\n<ol>\n<li><strong> QUELLES SONT LES INFORMATIONS QUE NOUS RECUEILLONS ?<\/strong><\/li>\n<\/ol>\n<p><strong>Informations personnelles que vous nous communiquez<\/strong><\/p>\n<p>Nous recueillons les informations personnelles que vous nous fournissez volontairement lorsque vous souhaitez obtenir des informations sur nous ou sur nos produits et services, lorsque vous participez \u00e0 des activit\u00e9s sur les services ou lorsque vous nous contactez.<\/p>\n<p><strong>Informations personnelles fournies par vous. <\/strong>Les informations personnelles que nous recueillons d\u00e9pendent du contexte de vos interactions avec nous et les services, des choix que vous faites et des produits et fonctions que vous utilisez. Les informations personnelles que nous recueillons peuvent inclure, sans s&#8217;y limiter, les \u00e9l\u00e9ments suivants :<\/p>\n<ul>\n<li>noms<\/li>\n<li>num\u00e9ros de t\u00e9l\u00e9phone<\/li>\n<li>les adresses \u00e9lectroniques<\/li>\n<li>adresses postales<\/li>\n<\/ul>\n<p>Toutes les informations personnelles que vous nous fournissez doivent \u00eatre vraies, compl\u00e8tes et exactes, et vous devez nous informer de toute modification de ces informations personnelles.<\/p>\n<p><strong>Informations collect\u00e9es automatiquement<\/strong><\/p>\n<p>Nous recueillons automatiquement certaines informations lorsque vous visitez, utilisez ou naviguez sur les services. Ces informations ne r\u00e9v\u00e8lent pas votre identit\u00e9 sp\u00e9cifique (comme votre nom ou vos coordonn\u00e9es) mais peuvent inclure des informations sur votre appareil et votre utilisation, comme votre adresse IP, les caract\u00e9ristiques de votre navigateur et de votre appareil, votre syst\u00e8me d&#8217;exploitation, vos pr\u00e9f\u00e9rences linguistiques, les URL de r\u00e9f\u00e9rence, le nom de votre appareil, votre pays, votre localisation, des informations sur la fa\u00e7on dont vous utilisez nos services et sur le moment o\u00f9 vous les utilisez, ainsi que d&#8217;autres informations techniques. Ces informations sont principalement n\u00e9cessaires pour maintenir la s\u00e9curit\u00e9 et le fonctionnement de nos services, ainsi qu&#8217;\u00e0 des fins d&#8217;analyse et de reporting internes.<\/p>\n<p><strong>Comme de nombreuses entreprises, nous collectons \u00e9galement des informations par le biais de cookies et de technologies similaires.<\/strong><\/p>\n<p>Les informations que nous recueillons sont les suivantes :<\/p>\n<ul>\n<li>Donn\u00e9es de connexion et d&#8217;utilisation. Les donn\u00e9es de connexion et d&#8217;utilisation sont des informations relatives au service, au diagnostic, \u00e0 l&#8217;utilisation et \u00e0 la performance que nos serveurs collectent automatiquement lorsque vous acc\u00e9dez \u00e0 nos services ou les utilisez et que nous enregistrons dans des fichiers de connexion. Selon la mani\u00e8re dont vous interagissez avec nous, ces donn\u00e9es de journal peuvent inclure votre adresse IP, des informations sur votre appareil, votre type de navigateur et vos param\u00e8tres, ainsi que des informations sur votre activit\u00e9 dans les services (telles que les horodatages associ\u00e9s \u00e0 votre utilisation, les pages et les fichiers consult\u00e9s, les recherches et les autres actions que vous effectuez, telles que les fonctions que vous utilisez), des informations sur les \u00e9v\u00e9nements de l&#8217;appareil (telles que l&#8217;activit\u00e9 du syst\u00e8me, les rapports d&#8217;erreur (parfois appel\u00e9s &#8220;crash dumps&#8221;) et les param\u00e8tres du mat\u00e9riel).<\/li>\n<\/ul>\n<p><strong>\u00a0<\/strong><strong>COMMENT TRAITONS-NOUS VOS INFORMATIONS ?<\/strong><\/p>\n<p>Nous traitons vos informations personnelles pour diverses raisons, en fonction de la mani\u00e8re dont vous interagissez avec nos services :<\/p>\n<ul>\n<li>Fournir et faciliter la fourniture de services \u00e0 l&#8217;utilisateur. Nous pouvons traiter vos informations pour vous fournir le service demand\u00e9.<\/li>\n<li>Pour vous envoyer des communications marketing et promotionnelles. Nous pouvons traiter les informations personnelles que vous nous envoyez \u00e0 des fins de marketing, si cela correspond \u00e0 vos pr\u00e9f\u00e9rences en mati\u00e8re de marketing. Vous pouvez \u00e0 tout moment refuser l&#8217;envoi de nos courriers \u00e9lectroniques de marketing.<\/li>\n<li>Pour \u00e9valuer et am\u00e9liorer nos services, nos produits, notre marketing et votre exp\u00e9rience. Nous pouvons traiter vos informations lorsque nous le jugeons n\u00e9cessaire pour identifier les tendances d&#8217;utilisation, d\u00e9terminer l&#8217;efficacit\u00e9 de nos campagnes promotionnelles et \u00e9valuer et am\u00e9liorer nos services, nos produits, notre marketing et votre exp\u00e9rience.<\/li>\n<\/ul>\n<ol start=\"3\">\n<li><strong> SUR QUELLES BASES JURIDIQUES NOUS APPUYONS-NOUS POUR TRAITER VOS INFORMATIONS ?<\/strong><\/li>\n<\/ol>\n<p>Nous pouvons traiter vos informations si vous nous avez donn\u00e9 l&#8217;autorisation sp\u00e9cifique (c&#8217;est-\u00e0-dire le consentement explicite) d&#8217;utiliser vos informations personnelles \u00e0 des fins sp\u00e9cifiques, ou dans des situations o\u00f9 votre autorisation peut \u00eatre d\u00e9duite (c&#8217;est-\u00e0-dire le consentement implicite). Vous pouvez retirer votre consentement \u00e0 tout moment.<\/p>\n<p><strong>Dans certains cas exceptionnels, nous pouvons \u00eatre l\u00e9galement autoris\u00e9s, en vertu de la loi applicable, \u00e0 traiter vos informations sans votre consentement, par exemple <\/strong>:<\/p>\n<ul>\n<li>Si la collecte est clairement dans l&#8217;int\u00e9r\u00eat d&#8217;une personne et que le consentement ne peut \u00eatre obtenu en temps utile.<\/li>\n<li>pour des transactions commerciales, sous r\u00e9serve que certaines conditions soient remplies<\/li>\n<li>si elles sont contenues dans une d\u00e9claration de t\u00e9moin et que la collecte est n\u00e9cessaire pour \u00e9valuer, traiter ou r\u00e9gler une demande d&#8217;indemnisation<\/li>\n<li>pour identifier des personnes bless\u00e9es, malades ou d\u00e9c\u00e9d\u00e9es et communiquer avec leurs proches<\/li>\n<li>si la divulgation est n\u00e9cessaire pour se conformer \u00e0 une citation \u00e0 compara\u00eetre, \u00e0 un mandat, \u00e0 une ordonnance du tribunal ou aux r\u00e8gles du tribunal relatives \u00e0 la production de documents<\/li>\n<li>si les informations ont \u00e9t\u00e9 produites par une personne dans le cadre de son emploi, de son entreprise ou de sa profession et que la collecte est compatible avec les objectifs pour lesquels les informations ont \u00e9t\u00e9 produites<\/li>\n<li>si les informations sont accessibles au public et sont sp\u00e9cifi\u00e9es par les r\u00e8glements.<\/li>\n<\/ul>\n<ol start=\"4\">\n<li><strong> QUAND ET AVEC QUI PARTAGEONS-NOUS VOS INFORMATIONS PERSONNELLES ?<\/strong><\/li>\n<\/ol>\n<p>Analytics pour suivre et analyser l&#8217;utilisation des services. Pour refuser d&#8217;\u00eatre suivi par Google Analytics sur l&#8217;ensemble des Services, visitez le site https:\/\/tools.google.com\/dlpage\/gaoptout. Pour plus d&#8217;informations sur les pratiques de Google en mati\u00e8re de confidentialit\u00e9, veuillez consulter la page Google Privacy &amp; Terms.<\/p>\n<p><strong>\u00a0<\/strong><strong>UTILISONS-NOUS DES COOKIES ET D&#8217;AUTRES TECHNOLOGIES DE SUIVI ?<\/strong><\/p>\n<p>En bref : Nous pouvons utiliser des cookies et d&#8217;autres technologies de suivi pour collecter et stocker vos informations.<\/p>\n<p>Nous pouvons utiliser des cookies et des technologies de suivi similaires (comme les balises web et les pixels) pour acc\u00e9der \u00e0 des informations ou les stocker. Des informations sp\u00e9cifiques sur la mani\u00e8re dont nous utilisons ces technologies et sur la mani\u00e8re dont vous pouvez refuser certains cookies sont pr\u00e9sent\u00e9es dans notre banni\u00e8re de consentement aux cookies.<\/p>\n<ol start=\"6\">\n<li><strong> COMBIEN DE TEMPS CONSERVONS-NOUS VOS INFORMATIONS ?<\/strong><\/li>\n<\/ol>\n<p>Nous ne conserverons vos informations personnelles qu&#8217;aussi longtemps que n\u00e9cessaire aux fins \u00e9nonc\u00e9es dans le pr\u00e9sent avis de confidentialit\u00e9, \u00e0 moins qu&#8217;une p\u00e9riode de conservation plus longue ne soit requise ou autoris\u00e9e par la loi (par exemple, pour des raisons fiscales, comptables ou autres exigences l\u00e9gales).<\/p>\n<p>Lorsque nous n&#8217;avons plus de besoin commercial l\u00e9gitime de traiter vos informations personnelles, nous les supprimons ou les rendons anonymes ou, si cela n&#8217;est pas possible (par exemple, parce que vos informations personnelles ont \u00e9t\u00e9 stock\u00e9es dans des archives de sauvegarde), nous les supprimons.<\/p>\n<p>conserver en toute s\u00e9curit\u00e9 vos informations personnelles et les isoler de tout traitement ult\u00e9rieur jusqu&#8217;\u00e0 ce que leur suppression soit possible.<\/p>\n<ol start=\"7\">\n<li><strong> COMMENT ASSURONS-NOUS LA S\u00c9CURIT\u00c9 DE VOS INFORMATIONS ?<\/strong><\/li>\n<\/ol>\n<p>Nous avons mis en \u0153uvre des mesures de s\u00e9curit\u00e9 techniques et organisationnelles appropri\u00e9es et raisonnables con\u00e7ues pour prot\u00e9ger la s\u00e9curit\u00e9 de toutes les informations personnelles que nous traitons. Toutefois, malgr\u00e9 nos mesures de protection et nos efforts pour s\u00e9curiser vos informations, aucune transmission \u00e9lectronique sur Internet ou technologie de stockage de l&#8217;information ne peut \u00eatre garantie \u00e0 100 %, de sorte que nous ne pouvons pas promettre ou garantir que les pirates informatiques, les cybercriminels ou d&#8217;autres tiers non autoris\u00e9s ne seront pas en mesure de d\u00e9jouer notre s\u00e9curit\u00e9 et de collecter, d&#8217;acc\u00e9der, de voler ou de modifier vos informations de mani\u00e8re inappropri\u00e9e. Bien que nous fassions de notre mieux pour prot\u00e9ger vos informations personnelles, la transmission d&#8217;informations personnelles vers et \u00e0 partir de nos services se fait \u00e0 vos propres risques. Vous ne devez acc\u00e9der aux services que dans un environnement s\u00e9curis\u00e9.<\/p>\n<ol start=\"8\">\n<li><strong> QUELS SONT VOS DROITS EN MATI\u00c8RE DE PROTECTION DE LA VIE PRIV\u00c9E ?<\/strong><\/li>\n<\/ol>\n<p>Dans certaines r\u00e9gions (comme le Canada), vous disposez de certains droits en vertu des lois applicables en mati\u00e8re de protection des donn\u00e9es. Il peut s&#8217;agir du droit (i) de demander l&#8217;acc\u00e8s \u00e0 vos informations personnelles et d&#8217;en obtenir une copie, (ii) de demander la rectification ou l&#8217;effacement, (iii) de restreindre le traitement de vos informations personnelles, (iv) le cas \u00e9ch\u00e9ant, de b\u00e9n\u00e9ficier de la portabilit\u00e9 des donn\u00e9es, et (v) de ne pas faire l&#8217;objet d&#8217;une prise de d\u00e9cision automatis\u00e9e. Dans certaines circonstances, vous pouvez \u00e9galement avoir le droit de vous opposer au traitement de vos informations personnelles. Vous pouvez faire une telle demande en nous contactant aux coordonn\u00e9es indiqu\u00e9es dans la section &#8220;COMMENT PEUT-ON NOUS CONTACTER AU SUJET DE LA PR\u00c9SENTE NOTICE&#8221; ci-dessous.<\/p>\n<p><strong>Nous examinerons toute demande et y donnerons suite conform\u00e9ment aux lois applicables en mati\u00e8re de protection des donn\u00e9es.<\/strong><\/p>\n<p><strong>\u00a0<\/strong><strong>Retrait de votre consentement :<\/strong> Si nous nous appuyons sur votre consentement pour traiter vos informations personnelles, qui peut \u00eatre un consentement explicite et\/ou implicite en fonction de la loi applicable, vous avez le droit de retirer votre consentement \u00e0 tout moment. Vous pouvez retirer votre consentement \u00e0 tout moment en nous contactant \u00e0 l&#8217;aide des coordonn\u00e9es fournies dans la section &#8220;COMMENT PEUT-ON NOUS CONTACTER AU SUJET DE LA PR\u00c9SENTE NOTICE&#8221; ci-dessous.<\/p>\n<p>Toutefois, veuillez noter que cela n&#8217;affectera pas la l\u00e9galit\u00e9 du traitement avant son retrait ni, lorsque la loi applicable le permet, le traitement de vos informations personnelles effectu\u00e9 sur la base de motifs de traitement l\u00e9gitimes autres que le consentement.<\/p>\n<p><strong>\u00a0<\/strong><strong>D\u00e9sinscription des communications marketing et promotionnelles :<\/strong> Vous pouvez vous d\u00e9sabonner de nos communications marketing et promotionnelles \u00e0 tout moment en cliquant sur le lien de d\u00e9sabonnement figurant dans les courriels que nous envoyons ou en nous contactant \u00e0 l&#8217;aide des coordonn\u00e9es fournies dans la section &#8220;COMMENT PEUT-ON NOUS CONTACTER AU SUJET DE CET AVIS ? Vous serez alors retir\u00e9 des listes de marketing. Toutefois, nous pourrons continuer \u00e0 communiquer avec vous, par exemple pour vous envoyer des messages relatifs aux services n\u00e9cessaires \u00e0 l&#8217;administration et \u00e0 l&#8217;utilisation de votre compte, pour r\u00e9pondre \u00e0 des demandes de service ou \u00e0 d&#8217;autres fins non commerciales.<\/p>\n<p><strong>Rectification :<\/strong> Toute personne a le droit de demander que nous corrigions toute information personnelle incompl\u00e8te ou inexacte que nous d\u00e9tenons \u00e0 son sujet.<\/p>\n<p><strong>Consentement :<\/strong> Nous recueillons et utilisons les informations personnelles avec le consentement \u00e9clair\u00e9 des individus. Toutefois, chaque personne a le droit de retirer son consentement au partage ou \u00e0 l&#8217;utilisation des informations personnelles collect\u00e9es \u00e0 tout moment.<\/p>\n<p><strong>Effacement :<\/strong> les personnes ont le droit de nous demander d&#8217;effacer, de d\u00e9truire, d&#8217;anonymiser, de d\u00e9sindexer ou de supprimer leurs informations personnelles dans certaines circonstances. Il peut s&#8217;agir de donn\u00e9es qui ne sont plus n\u00e9cessaires aux fins pour lesquelles elles ont \u00e9t\u00e9 collect\u00e9es ou si le consentement a \u00e9t\u00e9 retir\u00e9. Nous traitons ces demandes conform\u00e9ment aux lois applicables en mati\u00e8re de protection des donn\u00e9es.<\/p>\n<p>Si vous avez des questions ou des commentaires sur vos droits en mati\u00e8re de protection de la vie priv\u00e9e, vous pouvez nous envoyer un courrier \u00e9lectronique \u00e0 l&#8217;adresse privacy@thebodymechanics.ca.<\/p>\n<ol start=\"9\">\n<li><strong> CONTR\u00d4LES DES FONCTIONS &#8220;DO-NOT-TRACK<\/strong><\/li>\n<\/ol>\n<p>La plupart des navigateurs web et certains syst\u00e8mes d&#8217;exploitation mobiles et applications mobiles comprennent une fonction ou un param\u00e8tre &#8220;Do-Not-Track&#8221; (&#8220;DNT&#8221;) que vous pouvez activer pour signaler votre pr\u00e9f\u00e9rence en mati\u00e8re de respect de la vie priv\u00e9e, \u00e0 savoir que les donn\u00e9es relatives \u00e0 vos activit\u00e9s de navigation en ligne ne soient pas surveill\u00e9es et collect\u00e9es. \u00c0 ce stade, aucune norme technologique uniforme pour la reconnaissance et la mise en \u0153uvre des signaux DNT n&#8217;a \u00e9t\u00e9 finalis\u00e9e. Par cons\u00e9quent, nous ne r\u00e9pondons pas actuellement aux signaux DNT du navigateur ou \u00e0 tout autre m\u00e9canisme qui communique automatiquement votre choix de ne pas \u00eatre suivi en ligne. Si une norme de suivi en ligne est adopt\u00e9e et que nous devons la respecter \u00e0 l&#8217;avenir, nous vous informerons de cette pratique dans une version r\u00e9vis\u00e9e du pr\u00e9sent avis de confidentialit\u00e9.<\/p>\n<p><strong>\u00a0<\/strong><strong>FAISONS-NOUS DES MISES \u00c0 JOUR DE CET AVIS ?<\/strong><\/p>\n<p>Nous pouvons mettre \u00e0 jour le pr\u00e9sent avis de confidentialit\u00e9 de temps \u00e0 autre. La version mise \u00e0 jour sera indiqu\u00e9e par une date de mise \u00e0 jour &#8220;R\u00e9vis\u00e9&#8221; et la version mise \u00e0 jour sera effective d\u00e8s qu&#8217;elle sera accessible. Si nous apportons des modifications importantes au pr\u00e9sent avis de confidentialit\u00e9, nous vous en informerons soit en affichant de mani\u00e8re visible un avis de ces modifications, soit en vous envoyant directement une notification. Nous vous encourageons \u00e0 consulter r\u00e9guli\u00e8rement le pr\u00e9sent avis de confidentialit\u00e9 afin de vous tenir inform\u00e9 de la mani\u00e8re dont nous prot\u00e9geons vos informations.<\/p>\n<ol start=\"11\">\n<li><strong> COMMENT POUVEZ-VOUS NOUS CONTACTER AU SUJET DE CET AVIS ?<\/strong><\/li>\n<\/ol>\n<p>Si vous avez des questions ou des commentaires sur le pr\u00e9sent avis, vous pouvez nous envoyer un courriel \u00e0 l&#8217;adresse privacy@thebodymechanics.ca ou nous contacter par courrier \u00e0 l&#8217;adresse suivante :<\/p>\n<p><em>Responsable de la protection de la vie priv\u00e9e<\/em><\/p>\n<p><em>161 Av. Cartier, Pointe-Claire<\/em><\/p>\n<p><em>Pointe-Claire, Qu\u00e9bec H9S 4R9<\/em><\/p>\n<p><em>Canada<\/em><\/p>\n<ol start=\"12\">\n<li><strong> COMMENT POUVEZ-VOUS CONSULTER, METTRE \u00c0 JOUR OU SUPPRIMER LES DONN\u00c9ES QUE NOUS RECUEILLONS AUPR\u00c8S DE VOUS ?<\/strong><\/li>\n<\/ol>\n<p>Vous avez le droit de demander l&#8217;acc\u00e8s aux informations personnelles que nous recueillons aupr\u00e8s de vous, de les modifier ou de les supprimer. Pour demander la r\u00e9vision, la mise \u00e0 jour ou la suppression de vos informations personnelles, veuillez consulter : <a href=\"mailto:privacy@thebodymechanics.ca\">privacy@thebodymechanics.ca<\/a>.<\/p>\n<\/div>\n\t\t<\/div><\/div><\/div><\/div>","protected":false},"excerpt":{"rendered":"<p>Consultez notre politique de confidentialit\u00e9, derni\u00e8re mise \u00e0 jour le 22 mars 2024<\/p>\n","protected":false},"author":3,"featured_media":8387,"parent":0,"menu_order":0,"comment_status":"closed","ping_status":"closed","template":"","meta":{"nf_dc_page":"","footnotes":""},"class_list":["post-8894","page","type-page","status-publish","has-post-thumbnail","hentry"],"acf":[],"aioseo_notices":[],"_links":{"self":[{"href":"https:\/\/thebodymechanics.ca\/fr\/wp-json\/wp\/v2\/pages\/8894","targetHints":{"allow":["GET"]}}],"collection":[{"href":"https:\/\/thebodymechanics.ca\/fr\/wp-json\/wp\/v2\/pages"}],"about":[{"href":"https:\/\/thebodymechanics.ca\/fr\/wp-json\/wp\/v2\/types\/page"}],"author":[{"embeddable":true,"href":"https:\/\/thebodymechanics.ca\/fr\/wp-json\/wp\/v2\/users\/3"}],"replies":[{"embeddable":true,"href":"https:\/\/thebodymechanics.ca\/fr\/wp-json\/wp\/v2\/comments?post=8894"}],"version-history":[{"count":3,"href":"https:\/\/thebodymechanics.ca\/fr\/wp-json\/wp\/v2\/pages\/8894\/revisions"}],"predecessor-version":[{"id":8901,"href":"https:\/\/thebodymechanics.ca\/fr\/wp-json\/wp\/v2\/pages\/8894\/revisions\/8901"}],"wp:featuredmedia":[{"embeddable":true,"href":"https:\/\/thebodymechanics.ca\/fr\/wp-json\/wp\/v2\/media\/8387"}],"wp:attachment":[{"href":"https:\/\/thebodymechanics.ca\/fr\/wp-json\/wp\/v2\/media?parent=8894"}],"curies":[{"name":"wp","href":"https:\/\/api.w.org\/{rel}","templated":true}]}}