{"id":8540,"date":"2021-09-29T21:43:45","date_gmt":"2021-09-29T21:43:45","guid":{"rendered":"https:\/\/thebodymechanics.ca\/?page_id=8540"},"modified":"2023-06-07T23:34:56","modified_gmt":"2023-06-08T03:34:56","slug":"therapie-du-sport","status":"publish","type":"page","link":"https:\/\/thebodymechanics.ca\/fr\/services\/therapie-du-sport\/","title":{"rendered":"Th\u00e9rapie du sport"},"content":{"rendered":"<div id=\"pl-8540\"  class=\"panel-layout\" ><div id=\"pg-8540-0\"  class=\"panel-grid panel-no-style\" ><div id=\"pgc-8540-0-0\"  class=\"panel-grid-cell\" ><div id=\"panel-8540-0-0-0\" class=\"so-panel widget widget_sow-editor panel-first-child panel-last-child\" data-index=\"0\" ><div\n\t\t\t\n\t\t\tclass=\"so-widget-sow-editor so-widget-sow-editor-base\"\n\t\t\t\n\t\t>\n<div class=\"siteorigin-widget-tinymce textwidget\">\n\t<div id=\"pl-8154\" class=\"panel-layout\">\n<div id=\"pg-8154-0\" class=\"panel-grid panel-no-style\" data-style=\"{&quot;background_image_attachment&quot;:false,&quot;background_display&quot;:&quot;tile&quot;,&quot;cell_alignment&quot;:&quot;flex-start&quot;}\" data-ratio=\"1\" data-ratio-direction=\"right\">\n<div id=\"pgc-8154-0-0\" class=\"panel-grid-cell\" data-weight=\"1\">\n<div id=\"panel-8154-0-0-0\" class=\"so-panel widget widget_sow-editor panel-first-child\" data-index=\"0\" data-style=\"{&quot;background_image_attachment&quot;:false,&quot;background_display&quot;:&quot;tile&quot;,&quot;big_widget_title&quot;:&quot;&quot;,&quot;small_widget_title&quot;:&quot;&quot;,&quot;white_widget_title&quot;:&quot;&quot;,&quot;featured_box&quot;:&quot;&quot;,&quot;white_featured_box&quot;:&quot;&quot;}\">\n<div class=\"so-widget-sow-editor so-widget-sow-editor-base\">\n<div class=\"siteorigin-widget-tinymce textwidget\">\n<p><a href=\"https:\/\/athletictherapy.org\/fr\/la-therapie-du-sport\/qu-est-ce-que-la-therapie-du-sport\/\"><span style=\"color: #56afd5; font-size: 15px;\"><strong>Qu'est-ce que la th\u00e9rapie du sport ? | Association Canadienne des Th\u00e9rapeutes Du Sport<\/strong><\/span><\/a><\/p>\n<p>Les th\u00e9rapeutes du sport certifi\u00e9s sont surtout connus pour leurs soins d'urgence sur le terrain aux athl\u00e8tes professionnels et d'\u00e9lite. Les premiers \u00e0 intervenir lorsque quelqu'un se blesse, ce sont des experts en \u00e9valuation des blessures et en r\u00e9adaptation. C'est ce m\u00eame m\u00e9lange de soins sur place et de comp\u00e9tences en r\u00e9adaptation active qui rend les th\u00e9rapeutes du sport si efficaces dans le traitement des blessures musculosquelettiques (muscles, os et articulations) de tous les Canadiens, que ce soit sur le terrain ou en clinique.<\/p>\n<p>Les th\u00e9rapeutes du sport adh\u00e8rent au mod\u00e8le de soins de m\u00e9decine du sport. Ils traitent un large \u00e9ventail de patients, des enfants souffrant de commotions c\u00e9r\u00e9brales aux personnes \u00e2g\u00e9es qui se remettent d'une chirurgie de remplacement de la hanche, en utilisant diverses th\u00e9rapies manuelles, modalit\u00e9s, prescription d'exercices et m\u00eame appareillage et bandage. Le traitement varie mais pas l'objectif : le but d'un th\u00e9rapeute du sport est d'aider les clients \u00e0 reprendre leurs activit\u00e9s habituelles, qu'il s'agisse de pratiquer des sports de comp\u00e9tition ou de marcher jusqu'\u00e0 la bo\u00eete aux lettres et retour.<\/p>\n<\/div>\n<\/div>\n<\/div>\n<div id=\"panel-8154-0-0-1\" class=\"so-panel widget widget_sow-editor panel-last-child\" data-index=\"1\" data-style=\"{&quot;background_image_attachment&quot;:false,&quot;background_display&quot;:&quot;tile&quot;,&quot;big_widget_title&quot;:&quot;&quot;,&quot;small_widget_title&quot;:&quot;&quot;,&quot;white_widget_title&quot;:&quot;&quot;,&quot;featured_box&quot;:&quot;&quot;,&quot;white_featured_box&quot;:&quot;&quot;}\">\n<div class=\"so-widget-sow-editor so-widget-sow-editor-base\">\n<div class=\"siteorigin-widget-tinymce textwidget\">\n<p><span style=\"color: #56afd5; font-size: 15px;\"><strong>Notre service principal est la th\u00e9rapie sportive<\/strong><\/span><\/p>\n<p>Nous pensons que pour gu\u00e9rir la douleur, nous devons d\u00e9terminer la racine de la blessure et vous aider \u00e0 construire une base solide en utilisant des outils th\u00e9rapeutiques bas\u00e9s sur le mouvement.<\/p>\n<p>Nos th\u00e9rapeutes tr\u00e8s exp\u00e9riment\u00e9s travaillent en \u00e9troite collaboration avec les patients pour les aider \u00e0 am\u00e9liorer leur potentiel de mouvement. Ils sont consacr\u00e9s \u00e0 la pr\u00e9vention, \u00e0 l'identification, au traitement, \u00e0 la gestion et \u00e0 la r\u00e9adaptation des affections musculosquelettiques d'urgence, aigu\u00ebs et chroniques et des blessures des personnes physiquement actives, subies soit au travail ou par la participation \u00e0 des activit\u00e9s r\u00e9cr\u00e9atives ou sportives.<\/p>\n<\/div>\n<\/div>\n<\/div>\n<\/div>\n<\/div>\n<div id=\"pg-8154-1\" class=\"panel-grid panel-no-style\" data-style=\"{&quot;background_image_attachment&quot;:false,&quot;background_display&quot;:&quot;tile&quot;,&quot;cell_alignment&quot;:&quot;flex-start&quot;}\">\n<div id=\"pgc-8154-1-1\" class=\"panel-grid-cell\" data-weight=\"0.5\">\n<div id=\"panel-8154-1-1-0\" class=\"so-panel widget widget_sow-editor panel-first-child panel-last-child\" data-index=\"3\" data-style=\"{&quot;background_image_attachment&quot;:false,&quot;background_display&quot;:&quot;tile&quot;,&quot;big_widget_title&quot;:&quot;&quot;,&quot;small_widget_title&quot;:&quot;&quot;,&quot;white_widget_title&quot;:&quot;&quot;,&quot;featured_box&quot;:&quot;&quot;,&quot;white_featured_box&quot;:&quot;&quot;}\">\n<div class=\"so-widget-sow-editor so-widget-sow-editor-base\">\n<div class=\"siteorigin-widget-tinymce textwidget\"><\/div>\n<\/div>\n<\/div>\n<\/div>\n<\/div>\n<div id=\"pg-8154-2\" class=\"panel-grid panel-no-style\" data-style=\"{&quot;background_image_attachment&quot;:false,&quot;background_display&quot;:&quot;tile&quot;,&quot;cell_alignment&quot;:&quot;flex-start&quot;}\" data-ratio=\"1\" data-ratio-direction=\"right\">\n<div id=\"pgc-8154-2-0\" class=\"panel-grid-cell\" data-weight=\"1\">\n<div id=\"panel-8154-2-0-0\" class=\"so-panel widget widget_sow-button panel-first-child panel-last-child\" data-index=\"4\" data-style=\"{&quot;background_image_attachment&quot;:false,&quot;background_display&quot;:&quot;tile&quot;,&quot;big_widget_title&quot;:&quot;&quot;,&quot;small_widget_title&quot;:&quot;&quot;,&quot;white_widget_title&quot;:&quot;&quot;,&quot;featured_box&quot;:&quot;&quot;,&quot;white_featured_box&quot;:&quot;&quot;}\"><\/div>\n<\/div>\n<\/div>\n<\/div>\n<p>&nbsp;<\/p>\n<\/div>\n<\/div><\/div><\/div><\/div><div id=\"pg-8540-1\"  class=\"panel-grid panel-no-style\" ><div id=\"pgc-8540-1-0\"  class=\"panel-grid-cell\" ><div id=\"panel-8540-1-0-0\" class=\"so-panel widget widget_sow-editor panel-first-child panel-last-child\" data-index=\"1\" ><div\n\t\t\t\n\t\t\tclass=\"so-widget-sow-editor so-widget-sow-editor-base\"\n\t\t\t\n\t\t>\n<div class=\"siteorigin-widget-tinymce textwidget\">\n\t<p><img loading=\"lazy\" decoding=\"async\" class=\"alignnone wp-image-8352\" src=\"https:\/\/thebodymechanics.ca\/wp-content\/uploads\/2021\/09\/Athletic-Therapy-1-002-1024x683.jpg\" alt=\"\" width=\"850\" height=\"567\" srcset=\"https:\/\/thebodymechanics.ca\/wp-content\/uploads\/2021\/09\/Athletic-Therapy-1-002-1024x683.jpg 1024w, https:\/\/thebodymechanics.ca\/wp-content\/uploads\/2021\/09\/Athletic-Therapy-1-002-300x200.jpg 300w, https:\/\/thebodymechanics.ca\/wp-content\/uploads\/2021\/09\/Athletic-Therapy-1-002-768x512.jpg 768w, https:\/\/thebodymechanics.ca\/wp-content\/uploads\/2021\/09\/Athletic-Therapy-1-002-360x240.jpg 360w, https:\/\/thebodymechanics.ca\/wp-content\/uploads\/2021\/09\/Athletic-Therapy-1-002-850x567.jpg 850w, https:\/\/thebodymechanics.ca\/wp-content\/uploads\/2021\/09\/Athletic-Therapy-1-002-272x182.jpg 272w, https:\/\/thebodymechanics.ca\/wp-content\/uploads\/2021\/09\/Athletic-Therapy-1-002.jpg 1440w\" sizes=\"auto, (max-width: 850px) 100vw, 850px\" \/><\/p>\n<\/div>\n<\/div><\/div><\/div><div id=\"pgc-8540-1-1\"  class=\"panel-grid-cell\" ><div id=\"panel-8540-1-1-0\" class=\"so-panel widget widget_sow-editor panel-first-child panel-last-child\" data-index=\"2\" ><div\n\t\t\t\n\t\t\tclass=\"so-widget-sow-editor so-widget-sow-editor-base\"\n\t\t\t\n\t\t>\n<div class=\"siteorigin-widget-tinymce textwidget\">\n\t<div id=\"pl-8154\" class=\"panel-layout\">\n<div id=\"pg-8154-0\" class=\"panel-grid panel-no-style\" data-style=\"{&quot;background_image_attachment&quot;:false,&quot;background_display&quot;:&quot;tile&quot;,&quot;cell_alignment&quot;:&quot;flex-start&quot;}\" data-ratio=\"1\" data-ratio-direction=\"right\">\n<div id=\"pgc-8154-0-0\" class=\"panel-grid-cell\" data-weight=\"1\">\n<div id=\"panel-8154-0-0-0\" class=\"so-panel widget widget_sow-editor panel-first-child\" data-index=\"0\" data-style=\"{&quot;background_image_attachment&quot;:false,&quot;background_display&quot;:&quot;tile&quot;,&quot;big_widget_title&quot;:&quot;&quot;,&quot;small_widget_title&quot;:&quot;&quot;,&quot;white_widget_title&quot;:&quot;&quot;,&quot;featured_box&quot;:&quot;&quot;,&quot;white_featured_box&quot;:&quot;&quot;}\">\n<div class=\"so-widget-sow-editor so-widget-sow-editor-base\">\n<div class=\"siteorigin-widget-tinymce textwidget\">\n<div id=\"pl-8154\" class=\"panel-layout\">\n<div id=\"pg-8154-0\" class=\"panel-grid panel-no-style\" data-style=\"{&quot;background_image_attachment&quot;:false,&quot;background_display&quot;:&quot;tile&quot;,&quot;cell_alignment&quot;:&quot;flex-start&quot;}\" data-ratio=\"1\" data-ratio-direction=\"right\">\n<div id=\"pgc-8154-0-0\" class=\"panel-grid-cell\" data-weight=\"1\">\n<div id=\"panel-8154-0-0-0\" class=\"so-panel widget widget_sow-editor panel-first-child\" data-index=\"0\" data-style=\"{&quot;background_image_attachment&quot;:false,&quot;background_display&quot;:&quot;tile&quot;,&quot;big_widget_title&quot;:&quot;&quot;,&quot;small_widget_title&quot;:&quot;&quot;,&quot;white_widget_title&quot;:&quot;&quot;,&quot;featured_box&quot;:&quot;&quot;,&quot;white_featured_box&quot;:&quot;&quot;}\">\n<div class=\"so-widget-sow-editor so-widget-sow-editor-base\">\n<div class=\"siteorigin-widget-tinymce textwidget\">\n<h6><span style=\"color: #56afd5; font-size: 15px;\"><strong>Nos services comprennent:<\/strong><\/span><\/h6>\n<p>Nos kin\u00e9sith\u00e9rapeutes sp\u00e9cialis\u00e9s dans le sport poss\u00e8dent une grande exp\u00e9rience dans l'\u00e9valuation et le traitement des l\u00e9sions des tissus mous, avec des connaissances prim\u00e9es en biom\u00e9canique, pathologie tissulaire et cicatrisation. Ils effectuent une \u00e9valuation approfondie, un traitement et une r\u00e9\u00e9ducation pour toutes les blessures musculosquelettiques.<\/p>\n<p>Pour les r\u00e9clamations comprenant :<br \/>\n<strong><span class=\"icon-wrap\"><i class=\"fas fa-check\"><\/i><\/span> Tous les types de blessures musculosquelettiques de la t\u00eate aux pieds peuvent \u00eatre trait\u00e9s par nos th\u00e9rapeutes du sport.<\/strong><br \/>\n<strong><span class=\"icon-wrap\"><i class=\"fas fa-check\"><\/i><\/span> Tout au long de vos soins, nous travaillerons avec diligence pour vous aider \u00e0 vous sentir bien et \u00e0 reprendre toutes vos activit\u00e9s pr\u00e9f\u00e9r\u00e9es.<\/strong><br \/>\n<strong><span class=\"icon-wrap\"><i class=\"fas fa-check\"><\/i><\/span> Contactez-nous et parlez \u00e0 l'un de nos professionnels pour voir comment la th\u00e9rapie du sport peut vous aider.<\/strong><br \/>\n<strong><span class=\"icon-wrap\"><i class=\"fas fa-check\"><\/i><\/span> Pour voir notre liste de blessures\/conditions que nous traitons, <a href=\"https:\/\/thebodymechanics.ca\/fr\/services\/liste-des-traitements\/\">consultez notre liste des traitements.<\/a><\/strong><\/p>\n<\/div>\n<\/div>\n<\/div>\n<\/div>\n<\/div>\n<div id=\"pg-8154-1\" class=\"panel-grid panel-no-style\" data-style=\"{&quot;background_image_attachment&quot;:false,&quot;background_display&quot;:&quot;tile&quot;,&quot;cell_alignment&quot;:&quot;flex-start&quot;}\">\n<div id=\"pgc-8154-1-0\" class=\"panel-grid-cell\" data-weight=\"0.5\">\n<div id=\"panel-8154-1-0-0\" class=\"so-panel widget widget_sow-editor panel-first-child panel-last-child\" data-index=\"2\" data-style=\"{&quot;background_image_attachment&quot;:false,&quot;background_display&quot;:&quot;tile&quot;,&quot;big_widget_title&quot;:&quot;&quot;,&quot;small_widget_title&quot;:&quot;&quot;,&quot;white_widget_title&quot;:&quot;&quot;,&quot;featured_box&quot;:&quot;&quot;,&quot;white_featured_box&quot;:&quot;&quot;}\">\n<div class=\"so-widget-sow-editor so-widget-sow-editor-base\">\n<div class=\"siteorigin-widget-tinymce textwidget\"><\/div>\n<\/div>\n<\/div>\n<\/div>\n<\/div>\n<\/div>\n<\/div>\n<\/div>\n<\/div>\n<\/div>\n<\/div>\n<\/div>\n<\/div>\n<\/div><\/div><\/div><\/div><div id=\"pg-8540-2\"  class=\"panel-grid panel-no-style\" ><div id=\"pgc-8540-2-0\"  class=\"panel-grid-cell\" ><div id=\"panel-8540-2-0-0\" class=\"so-panel widget widget_sow-button panel-first-child panel-last-child\" data-index=\"3\" ><div\n\t\t\t\n\t\t\tclass=\"so-widget-sow-button so-widget-sow-button-atom-f54c0409268f-8540\"\n\t\t\t\n\t\t><div class=\"ow-button-base ow-button-align-center\"\n>\n\t\t\t<a\n\t\t\t\t\thref=\"https:\/\/www.thebodymechanics.ca\/fr\/services\"\n\t\t\t\t\tclass=\"sowb-button ow-icon-placement-left ow-button-hover\" \t>\n\t\t<span>\n\t\t\t\n\t\t\tConsulter tous nos services\t\t<\/span>\n\t\t\t<\/a>\n\t<\/div>\n<\/div><\/div><\/div><\/div><\/div>","protected":false},"excerpt":{"rendered":"<p>Nous pensons que pour gu\u00e9rir la douleur, nous devons d\u00e9terminer la source de la blessure et trouver une solution permanente.<\/p>\n","protected":false},"author":4,"featured_media":8351,"parent":8107,"menu_order":0,"comment_status":"closed","ping_status":"closed","template":"","meta":{"nf_dc_page":"","footnotes":""},"class_list":["post-8540","page","type-page","status-publish","has-post-thumbnail","hentry"],"acf":[],"aioseo_notices":[],"_links":{"self":[{"href":"https:\/\/thebodymechanics.ca\/fr\/wp-json\/wp\/v2\/pages\/8540","targetHints":{"allow":["GET"]}}],"collection":[{"href":"https:\/\/thebodymechanics.ca\/fr\/wp-json\/wp\/v2\/pages"}],"about":[{"href":"https:\/\/thebodymechanics.ca\/fr\/wp-json\/wp\/v2\/types\/page"}],"author":[{"embeddable":true,"href":"https:\/\/thebodymechanics.ca\/fr\/wp-json\/wp\/v2\/users\/4"}],"replies":[{"embeddable":true,"href":"https:\/\/thebodymechanics.ca\/fr\/wp-json\/wp\/v2\/comments?post=8540"}],"version-history":[{"count":4,"href":"https:\/\/thebodymechanics.ca\/fr\/wp-json\/wp\/v2\/pages\/8540\/revisions"}],"predecessor-version":[{"id":8827,"href":"https:\/\/thebodymechanics.ca\/fr\/wp-json\/wp\/v2\/pages\/8540\/revisions\/8827"}],"up":[{"embeddable":true,"href":"https:\/\/thebodymechanics.ca\/fr\/wp-json\/wp\/v2\/pages\/8107"}],"wp:featuredmedia":[{"embeddable":true,"href":"https:\/\/thebodymechanics.ca\/fr\/wp-json\/wp\/v2\/media\/8351"}],"wp:attachment":[{"href":"https:\/\/thebodymechanics.ca\/fr\/wp-json\/wp\/v2\/media?parent=8540"}],"curies":[{"name":"wp","href":"https:\/\/api.w.org\/{rel}","templated":true}]}}