{"id":8120,"date":"2021-08-12T20:26:47","date_gmt":"2021-08-12T20:26:47","guid":{"rendered":"https:\/\/thebodymechanics.ca\/?page_id=8120"},"modified":"2023-06-07T23:37:35","modified_gmt":"2023-06-08T03:37:35","slug":"liste-des-traitements","status":"publish","type":"page","link":"https:\/\/thebodymechanics.ca\/fr\/services\/liste-des-traitements\/","title":{"rendered":"Liste des traitements"},"content":{"rendered":"<div id=\"pl-8120\"  class=\"panel-layout\" ><div id=\"pg-8120-0\"  class=\"panel-grid panel-no-style\" ><div id=\"pgc-8120-0-0\"  class=\"panel-grid-cell\" ><div id=\"panel-8120-0-0-0\" class=\"so-panel widget widget_sow-editor panel-first-child panel-last-child\" data-index=\"0\" ><div\n\t\t\t\n\t\t\tclass=\"so-widget-sow-editor so-widget-sow-editor-base\"\n\t\t\t\n\t\t>\n<div class=\"siteorigin-widget-tinymce textwidget\">\n\t<p>Vous cherchez de l'aide pour une blessure ou une condition sp\u00e9cifique? Que vous souffriez d'un probl\u00e8me r\u00e9cent ou chronique, ou que vous souhaitiez pr\u00e9venir des probl\u00e8mes courants, nous sommes la clinique qu'il vous faut. Ceci est une liste de traitements non exhaustive de ce que nous traitons, d\u00e9compos\u00e9e en sections afin qu'il soit facile de naviguer et de trouver ce que vous cherchez. <a href=\"https:\/\/thebodymechanics.ca\/fr\/contactez-nous\/\">Contactez-nous<\/a> pour plus d'informations.<\/p>\n<\/div>\n<\/div><\/div><\/div><\/div><div id=\"pg-8120-1\"  class=\"panel-grid panel-no-style\" ><div id=\"pgc-8120-1-0\"  class=\"panel-grid-cell\" ><div id=\"panel-8120-1-0-0\" class=\"so-panel widget widget_sow-editor panel-first-child panel-last-child\" data-index=\"1\" ><div\n\t\t\t\n\t\t\tclass=\"so-widget-sow-editor so-widget-sow-editor-base\"\n\t\t\t\n\t\t>\n<div class=\"siteorigin-widget-tinymce textwidget\">\n\t<p><span style=\"color: #56afd5; font-size: 15px;\"><span style=\"color: #56afd5;\"><span style=\"font-size: 15px;\"><b>G\u00e9n\u00e9ral<\/b><\/span><\/span><strong style=\"color: #56afd5; font-size: 15px;\">:<\/strong><\/span><\/p>\n<p>Qu'entendons-nous par g\u00e9n\u00e9ral? Nous parlons des probl\u00e8mes communs qui affectent la plupart des gens \u00e0 un moment ou \u00e0 un autre. Une bonne posture est la position dans laquelle les effets de la gravit\u00e9 permettent le moins de stress et de tension sur notre colonne vert\u00e9brale et nos articulations. Dans une mauvaise posture, certains muscles se contractent et se raccourcissent, tandis que d'autres s'allongent et s'affaiblissent, modifiant la fa\u00e7on dont notre corps r\u00e9agit au stress. Lorsque nous nous \u00e9cartons de cette position id\u00e9ale en raison de longues journ\u00e9es assises, de mauvaises habitudes de sommeil, de sports unilat\u00e9rale ou de sacs \u00e0 dos lourds, pour n'en nommer que quelques-uns, cela peut entra\u00eener des douleurs, des blessures ou d'autres probl\u00e8mes de sant\u00e9. Heureusement, nous sommes pass\u00e9s ma\u00eetres dans l'\u00e9valuation posturale, le traitement et le reconditionnement !<\/p>\n<p><strong><span class=\"icon-wrap\"><i class=\"fas fa-check\"><\/i><\/span>\u00a0 \u00a0Mauvaise posture<\/strong><br \/>\n<strong><span class=\"icon-wrap\"><i class=\"fas fa-check\"><\/i><\/span>\u00a0 \u00a0Soins postop\u00e9ratoires de chirurgies orthop\u00e9diques telles que les arthroplasties de la hanche, les arthrod\u00e8ses vert\u00e9brales, les arthroplasties du genou, etc.)<\/strong><\/p>\n<\/div>\n<\/div><\/div><\/div><div id=\"pgc-8120-1-1\"  class=\"panel-grid-cell\" ><div id=\"panel-8120-1-1-0\" class=\"so-panel widget widget_sow-editor panel-first-child panel-last-child\" data-index=\"2\" ><div\n\t\t\t\n\t\t\tclass=\"so-widget-sow-editor so-widget-sow-editor-base\"\n\t\t\t\n\t\t>\n<div class=\"siteorigin-widget-tinymce textwidget\">\n\t<p><img loading=\"lazy\" decoding=\"async\" class=\"alignnone wp-image-8340\" src=\"https:\/\/thebodymechanics.ca\/wp-content\/uploads\/2021\/09\/Treatment-List-the-body-mechanics.jpeg\" alt=\"Une professionelle avec une liste de traitements.\" width=\"850\" height=\"567\" srcset=\"https:\/\/thebodymechanics.ca\/wp-content\/uploads\/2021\/09\/Treatment-List-the-body-mechanics.jpeg 1440w, https:\/\/thebodymechanics.ca\/wp-content\/uploads\/2021\/09\/Treatment-List-the-body-mechanics-300x200.jpeg 300w, https:\/\/thebodymechanics.ca\/wp-content\/uploads\/2021\/09\/Treatment-List-the-body-mechanics-1024x683.jpeg 1024w, https:\/\/thebodymechanics.ca\/wp-content\/uploads\/2021\/09\/Treatment-List-the-body-mechanics-768x513.jpeg 768w, https:\/\/thebodymechanics.ca\/wp-content\/uploads\/2021\/09\/Treatment-List-the-body-mechanics-360x240.jpeg 360w, https:\/\/thebodymechanics.ca\/wp-content\/uploads\/2021\/09\/Treatment-List-the-body-mechanics-850x567.jpeg 850w, https:\/\/thebodymechanics.ca\/wp-content\/uploads\/2021\/09\/Treatment-List-the-body-mechanics-272x182.jpeg 272w\" sizes=\"auto, (max-width: 850px) 100vw, 850px\" \/><\/p>\n<\/div>\n<\/div><\/div><\/div><\/div><div id=\"pg-8120-2\"  class=\"panel-grid panel-no-style\" ><div id=\"pgc-8120-2-0\"  class=\"panel-grid-cell\" ><div id=\"panel-8120-2-0-0\" class=\"so-panel widget widget_sow-editor panel-first-child panel-last-child\" data-index=\"3\" ><div\n\t\t\t\n\t\t\tclass=\"so-widget-sow-editor so-widget-sow-editor-base\"\n\t\t\t\n\t\t>\n<div class=\"siteorigin-widget-tinymce textwidget\">\n\t<p><span style=\"color: #56afd5; font-size: 15px;\"><strong>T\u00eate et cou:<\/strong><\/span><\/p>\n<p>Une mauvaise posture , ainsi que les traumatisme et le stress, sont les principales causes de douleurs \u00e0 la t\u00eate et au cou. Se pencher vers nos ordinateurs portables, regarder nos t\u00e9l\u00e9phones pendant des heures, de mauvaises positions de sommeil et de vieux oreillers sont des causes courantes. Avec une \u00e9valuation appropri\u00e9e, les bons conseils ergonomiques et nos traitements et r\u00e9adaptation pratiques, les probl\u00e8mes ci-dessous sont traitables et \u00e9vitables.<\/p>\n<p>Les probl\u00e8mes de t\u00eate et de cou peuvent inclure\u00a0:<\/p>\n<p><strong><span class=\"icon-wrap\"><i class=\"fas fa-check\"><\/i><\/span>\u00a0 \u00a0Maux de t\u00eate de tension<\/strong><br \/>\n<strong><span class=\"icon-wrap\"><i class=\"fas fa-check\"><\/i><\/span>\u00a0 \u00a0Maux de t\u00eate occipitaux<\/strong><br \/>\n<strong><span class=\"icon-wrap\"><i class=\"fas fa-check\"><\/i><\/span>\u00a0 \u00a0Migraines,<\/strong><br \/>\n<strong><span class=\"icon-wrap\"><i class=\"fas fa-check\"><\/i><\/span>\u00a0 \u00a0Syndrome post-commotionnel<\/strong><br \/>\n<strong><span class=\"icon-wrap\"><i class=\"fas fa-check\"><\/i><\/span>\u00a0 \u00a0Douleur au cou<\/strong><br \/>\n<strong><span class=\"icon-wrap\"><i class=\"fas fa-check\"><\/i><\/span>\u00a0 \u00a0Douleur de l'ATM (douleur \u00e0 la m\u00e2choire) et dysfonctionnement<\/strong><br \/>\n<strong><span class=\"icon-wrap\"><i class=\"fas fa-check\"><\/i><\/span>\u00a0 \u00a0Blessures du coup du lapin<\/strong><br \/>\n<strong><span class=\"icon-wrap\"><i class=\"fas fa-check\"><\/i><\/span>\u00a0 \u00a0Torticolis<\/strong><br \/>\n<strong><span class=\"icon-wrap\"><i class=\"fas fa-check\"><\/i><\/span>\u00a0 \u00a0Hernies discales<\/strong><br \/>\n<strong><span class=\"icon-wrap\"><i class=\"fas fa-check\"><\/i><\/span>\u00a0 \u00a0Contraintes et pi\u00e9geages nerveux<\/strong><br \/>\n<strong><span class=\"icon-wrap\"><i class=\"fas fa-check\"><\/i><\/span>\u00a0 \u00a0Disque d\u00e9g\u00e9n\u00e9rative<\/strong><br \/>\n<strong><span class=\"icon-wrap\"><i class=\"fas fa-check\"><\/i><\/span>\u00a0 \u00a0Position de la t\u00eate vers l'avant<\/strong><\/p>\n<p><span style=\"color: #56afd5; font-size: 15px;\"><strong>Haut du corps:<\/strong><\/span><\/p>\n<p>En ce promenant en dessous du cou maintenant, nous trouvons des probl\u00e8mes communs dans le haut du dos, les \u00e9paules et les bras. La plupart des gens ne r\u00e9alisent pas que les limitations dans notre cou et le haut du dos sont souvent les pr\u00e9curseurs de la douleur dans nos \u00e9paules, coudes et poignets. Que ce soit en portant trois sacs d'\u00e9picerie sur un bras ou en tapant\/cliquant sur la souris d'ordinateur toute la journ\u00e9e, il n'est pas surprenant que nous puissions nous r\u00e9veiller incapables de redresser notre coude\u00a0!<\/p>\n<p>Les modes de vie sportifs et non sportifs peuvent favoriser les blessures, l'inflammation ou le manque de mobilit\u00e9 des \u00e9paules vers le bas, c'est pourquoi nous \u00e9valuons et traitons l'ensemble de la cha\u00eene sup\u00e9rieure du corps, en s'attaquant \u00e0 la racine du probl\u00e8me et en pr\u00e9venant les r\u00e9cidives futures.<\/p>\n<p>Les probl\u00e8mes du haut du corps peuvent inclure\u00a0:<\/p>\n<p><strong><span class=\"icon-wrap\"><i class=\"fas fa-check\"><\/i><\/span>\u00a0 \u00a0Tendinite et bursite de l'\u00e9paule et du coude<\/strong><br \/>\n<strong><span class=\"icon-wrap\"><i class=\"fas fa-check\"><\/i><\/span>\u00a0 \u00a0Blessures \u00e0 la coiffe des rotateurs<\/strong><br \/>\n<strong><span class=\"icon-wrap\"><i class=\"fas fa-check\"><\/i><\/span>\u00a0 \u00a0\u00c9paule gel\u00e9e (capsulite r\u00e9tractile)<\/strong><br \/>\n<strong><span class=\"icon-wrap\"><i class=\"fas fa-check\"><\/i><\/span>\u00a0 \u00a0Coude de tennis (\u00e9picondylite lat\u00e9rale)<\/strong><br \/>\n<strong><span class=\"icon-wrap\"><i class=\"fas fa-check\"><\/i><\/span>\u00a0 \u00a0Le coude du golfeur<\/strong><br \/>\n<strong><span class=\"icon-wrap\"><i class=\"fas fa-check\"><\/i><\/span>\u00a0 \u00a0Entorses et foulures<\/strong><br \/>\n<strong><span class=\"icon-wrap\"><i class=\"fas fa-check\"><\/i><\/span>\u00a0 \u00a0Blessures du plexus brachial<\/strong><br \/>\n<strong><span class=\"icon-wrap\"><i class=\"fas fa-check\"><\/i><\/span>\u00a0 \u00a0Tunnel carpien et t\u00e9nosynovite<\/strong><\/p>\n<p><span style=\"color: #56afd5; font-size: 15px;\"><strong>Bas du dos:<\/strong><\/span><\/p>\n<p>Qui parmi nous n\u2019a pas souffert d\u2019un tour de rein ou une lombalgie une fois dans sa vie? Notre pauvre colonne lombaire est souvent le point faible quand les autres zones du corps ne sont pas efficace ou compense pour une mauvaise posture, cr\u00e9ant une r\u00e9action qui nous am\u00e8nent \u00e0 barrer quand nous nous penchons simplement pour attacher notre chaussure. Les douleurs et tensions musculaires de ces \u00e9pisodes sont facilement maniables, mais la r\u00e9\u00e9ducation et le renforcement des groupes de cha\u00eenes musculaires appropri\u00e9s sont la cl\u00e9 d'une r\u00e9cup\u00e9ration r\u00e9ussie du bas du dos.<\/p>\n<p>Les probl\u00e8mes du bas du dos peuvent inclure\u00a0:<\/p>\n<p><strong><span class=\"icon-wrap\"><i class=\"fas fa-check\"><\/i><\/span>\u00a0 \u00a0Entorses et foulures lombaires<\/strong><br \/>\n<strong><span class=\"icon-wrap\"><i class=\"fas fa-check\"><\/i><\/span>\u00a0 \u00a0Hernies discales<\/strong><br \/>\n<strong><span class=\"icon-wrap\"><i class=\"fas fa-check\"><\/i><\/span>\u00a0 \u00a0Sciatique<\/strong><br \/>\n<b><span class=\"icon-wrap\"><i class=\"fas fa-check\"><\/i><\/span>\u00a0 \u00a0Pi\u00e8ges du nerf f\u00e9moral<\/b><br \/>\n<strong><span class=\"icon-wrap\"><i class=\"fas fa-check\"><\/i><\/span>\u00a0 \u00a0Spasmes musculaires<\/strong><br \/>\n<strong><span class=\"icon-wrap\"><i class=\"fas fa-check\"><\/i><\/span>\u00a0 \u00a0Dysfonctionnements sacro-iliaques<\/strong><br \/>\n<strong><span class=\"icon-wrap\"><i class=\"fas fa-check\"><\/i><\/span>\u00a0 \u00a0Probl\u00e8mes li\u00e9s \u00e0 la scoliose<\/strong><br \/>\n<strong><span class=\"icon-wrap\"><i class=\"fas fa-check\"><\/i><\/span>\u00a0 \u00a0Douleur de reflux chronique<\/strong><\/p>\n<p><span style=\"color: #56afd5; font-size: 15px;\"><strong>Hanches et genoux:<\/strong><\/span><\/p>\n<p>La douleur \u00e0 la hanche, la douleur au genou et la dysfonction lombaire sont \u00e9troitement li\u00e9es et s'influencent souvent mutuellement. Alors que nous passons la plupart de nos journ\u00e9es assis sur des chaises dures et des canap\u00e9s moelleux, croisant les jambes, bougeant d'un c\u00f4t\u00e9 \u00e0 l'autre lorsque nous nous tenons debout ou dormons sur un matelas us\u00e9, nos hanches peuvent nous causer toutes sortes de probl\u00e8mes. Aborder la fonction du bassin et de toute la cha\u00eene du bas du corps est la meilleur fa\u00e7on de traiter la plupart des probl\u00e8mes de hanche et de genou, y compris tous ceux ci-dessous. Un traitement et une r\u00e9\u00e9ducation appropri\u00e9s vous permettront de vous remettre au travail et aux loisirs pr\u00e9f\u00e9r\u00e9s.<\/p>\n<p>Les probl\u00e8mes de hanche et de genou peuvent inclure\u00a0:<\/p>\n<p><strong><span class=\"icon-wrap\"><i class=\"fas fa-check\"><\/i><\/span>\u00a0 \u00a0Bursite et tendinite<\/strong><br \/>\n<strong><span class=\"icon-wrap\"><i class=\"fas fa-check\"><\/i><\/span>\u00a0 \u00a0D\u00e9s\u00e9quilibres musculaires<\/strong><br \/>\n<strong><span class=\"icon-wrap\"><i class=\"fas fa-check\"><\/i><\/span>\u00a0 \u00a0Remplacements de la hanche<\/strong><br \/>\n<strong><span class=\"icon-wrap\"><i class=\"fas fa-check\"><\/i><\/span>\u00a0 \u00a0Entorses et entorses du genou<\/strong><br \/>\n<strong><span class=\"icon-wrap\"><i class=\"fas fa-check\"><\/i><\/span>\u00a0 \u00a0Larmes du LCA et du m\u00e9nisque<\/strong><br \/>\n<strong><span class=\"icon-wrap\"><i class=\"fas fa-check\"><\/i><\/span>\u00a0 \u00a0Chondromalacie rotulienne<\/strong><br \/>\n<strong><span class=\"icon-wrap\"><i class=\"fas fa-check\"><\/i><\/span>\u00a0 \u00a0Genou du sauteur<\/strong><br \/>\n<strong><span class=\"icon-wrap\"><i class=\"fas fa-check\"><\/i><\/span>\u00a0 \u00a0Syndrome f\u00e9moro-patellaire<\/strong><br \/>\n<strong><span class=\"icon-wrap\"><i class=\"fas fa-check\"><\/i><\/span>\u00a0 \u00a0Maladie d'Osgood-Schlatter<\/strong><\/p>\n<p><span style=\"color: #56afd5; font-size: 15px;\"><strong>Chevilles et pieds :<\/strong><\/span><\/p>\n<p>Enfin, nous arrivons de la t\u00eate aux pieds ! Ici, nous avons nos chevilles et nos pieds. Nous avons souvent tendance \u00e0 ignorer les pieds endoloris et les douleurs persistantes \u00e0 la cheville, mais ces petites articulations supportent <em>tout <\/em>le poids de notre corps toute la journ\u00e9e et sont un aspect crucial d'une biom\u00e9canique saine, responsable de la sant\u00e9 de toutes les articulations plus hauts. Non seulement une blessure \u00e0 la cheville ou au pied peuvent-\u00eatre douloureuse, mais compte tenu de la quantit\u00e9 de temps que nous sommes debout, \u00e7a peut cr\u00e9er des d\u00e9lais important de r\u00e9cup\u00e9ration . Vos pieds sont la base, apr\u00e8s-tout, et il est essentiel de s'assurer qu'ils fonctionnent bien.<\/p>\n<p>Les probl\u00e8mes de cheville et de pied peuvent inclure\u00a0:<\/p>\n<p><strong><span class=\"icon-wrap\"><i class=\"fas fa-check\"><\/i><\/span>\u00a0 \u00a0Entorses et foulures de la cheville<\/strong><br \/>\n<strong><span class=\"icon-wrap\"><i class=\"fas fa-check\"><\/i><\/span>\u00a0 \u00a0Tendinite<\/strong><br \/>\n<strong><span class=\"icon-wrap\"><i class=\"fas fa-check\"><\/i><\/span>\u00a0 \u00a0Tendinite d'Achille<\/strong><br \/>\n<strong><span class=\"icon-wrap\"><i class=\"fas fa-check\"><\/i><\/span>\u00a0 \u00a0Douleur au pied<\/strong><br \/>\n<strong><span class=\"icon-wrap\"><i class=\"fas fa-check\"><\/i><\/span>\u00a0 \u00a0Tendinite de l'\u00e9pine calcan\u00e9enne<\/strong><br \/>\n<strong><span class=\"icon-wrap\"><i class=\"fas fa-check\"><\/i><\/span>\u00a0 \u00a0Fasciite plantaire<\/strong><br \/>\n<strong><span class=\"icon-wrap\"><i class=\"fas fa-check\"><\/i><\/span>\u00a0 \u00a0N\u00e9vrome de Morton<\/strong><\/p>\n<\/div>\n<\/div><\/div><\/div><\/div><div id=\"pg-8120-3\"  class=\"panel-grid panel-no-style\" ><div id=\"pgc-8120-3-0\"  class=\"panel-grid-cell\" ><div id=\"panel-8120-3-0-0\" class=\"so-panel widget widget_sow-button panel-first-child panel-last-child\" data-index=\"4\" ><div\n\t\t\t\n\t\t\tclass=\"so-widget-sow-button so-widget-sow-button-atom-f54c0409268f-8120\"\n\t\t\t\n\t\t><div class=\"ow-button-base ow-button-align-center\"\n>\n\t\t\t<a\n\t\t\t\t\thref=\"https:\/\/www.thebodymechanics.ca\/fr\/services\"\n\t\t\t\t\tclass=\"sowb-button ow-icon-placement-left ow-button-hover\" \t>\n\t\t<span>\n\t\t\t\n\t\t\tConsultez tous nos services\t\t<\/span>\n\t\t\t<\/a>\n\t<\/div>\n<\/div><\/div><\/div><\/div><\/div>","protected":false},"excerpt":{"rendered":"<p>Une liste non exhaustive de ce que nous traitons, d\u00e9compos\u00e9e en sections afin qu&#8217;il soit facile de naviguer et de trouver ce que vous cherchez.<\/p>\n","protected":false},"author":3,"featured_media":8387,"parent":8107,"menu_order":0,"comment_status":"closed","ping_status":"closed","template":"","meta":{"nf_dc_page":"","footnotes":""},"class_list":["post-8120","page","type-page","status-publish","has-post-thumbnail","hentry"],"acf":[],"aioseo_notices":[],"_links":{"self":[{"href":"https:\/\/thebodymechanics.ca\/fr\/wp-json\/wp\/v2\/pages\/8120","targetHints":{"allow":["GET"]}}],"collection":[{"href":"https:\/\/thebodymechanics.ca\/fr\/wp-json\/wp\/v2\/pages"}],"about":[{"href":"https:\/\/thebodymechanics.ca\/fr\/wp-json\/wp\/v2\/types\/page"}],"author":[{"embeddable":true,"href":"https:\/\/thebodymechanics.ca\/fr\/wp-json\/wp\/v2\/users\/3"}],"replies":[{"embeddable":true,"href":"https:\/\/thebodymechanics.ca\/fr\/wp-json\/wp\/v2\/comments?post=8120"}],"version-history":[{"count":4,"href":"https:\/\/thebodymechanics.ca\/fr\/wp-json\/wp\/v2\/pages\/8120\/revisions"}],"predecessor-version":[{"id":8833,"href":"https:\/\/thebodymechanics.ca\/fr\/wp-json\/wp\/v2\/pages\/8120\/revisions\/8833"}],"up":[{"embeddable":true,"href":"https:\/\/thebodymechanics.ca\/fr\/wp-json\/wp\/v2\/pages\/8107"}],"wp:featuredmedia":[{"embeddable":true,"href":"https:\/\/thebodymechanics.ca\/fr\/wp-json\/wp\/v2\/media\/8387"}],"wp:attachment":[{"href":"https:\/\/thebodymechanics.ca\/fr\/wp-json\/wp\/v2\/media?parent=8120"}],"curies":[{"name":"wp","href":"https:\/\/api.w.org\/{rel}","templated":true}]}}