{"id":8119,"date":"2021-08-12T20:26:59","date_gmt":"2021-08-12T20:26:59","guid":{"rendered":"https:\/\/thebodymechanics.ca\/?page_id=8119"},"modified":"2023-06-07T23:33:08","modified_gmt":"2023-06-08T03:33:08","slug":"rehabilitation-physique","status":"publish","type":"page","link":"https:\/\/thebodymechanics.ca\/fr\/services\/rehabilitation-physique\/","title":{"rendered":"R\u00e9habilitation physique"},"content":{"rendered":"<div id=\"pl-8119\"  class=\"panel-layout\" ><div id=\"pg-8119-0\"  class=\"panel-grid panel-no-style\" ><div id=\"pgc-8119-0-0\"  class=\"panel-grid-cell\" ><div id=\"panel-8119-0-0-0\" class=\"so-panel widget widget_sow-editor panel-first-child panel-last-child\" data-index=\"0\" ><div\n\t\t\t\n\t\t\tclass=\"so-widget-sow-editor so-widget-sow-editor-base\"\n\t\t\t\n\t\t>\n<div class=\"siteorigin-widget-tinymce textwidget\">\n\t<p>La r\u00e9habilitation est un \u00e9l\u00e9ment cl\u00e9 pour obtenir des r\u00e9sultats durables. Qu'une personne ait eu une blessure r\u00e9cente ou une maladie chronique qui s'\u00e9tend sur 20 ans, le corps d\u00e9veloppe rapidement des m\u00e9canismes compensatoires qui emp\u00eachent un r\u00e9tablissement complet. Une r\u00e9\u00e9ducation et un reconditionnement sp\u00e9cifiques et cibl\u00e9s peuvent restaurer une biom\u00e9canique appropri\u00e9e vous permettant de revenir au sommet de votre forme !<\/p>\n<\/div>\n<\/div><\/div><\/div><\/div><div id=\"pg-8119-1\"  class=\"panel-grid panel-no-style\" ><div id=\"pgc-8119-1-0\"  class=\"panel-grid-cell\" ><div id=\"panel-8119-1-0-0\" class=\"so-panel widget widget_sow-editor panel-first-child panel-last-child\" data-index=\"1\" ><div\n\t\t\t\n\t\t\tclass=\"so-widget-sow-editor so-widget-sow-editor-base\"\n\t\t\t\n\t\t>\n<div class=\"siteorigin-widget-tinymce textwidget\">\n\t<p><span style=\"color: #56afd5; font-size: 15px;\"><strong>Qu'est-ce que la r\u00e9habilitation physique?<\/strong><\/span><\/p>\n<p>La r\u00e9habilitation est la restauration d'une forme et d'une fonction optimales.<\/p>\n<p>Qu'une personne ait eu une blessure r\u00e9cente ou une maladie chronique qui dure depuis 20 ans, le corps d\u00e9veloppe des moyens de compenser et de tricher qui peuvent emp\u00eacher un r\u00e9tablissement complet. C'est pourquoi la r\u00e9habilitation sp\u00e9cialis\u00e9e est si importante.<\/p>\n<p>Toutes les blessures n\u00e9cessitent un programme de r\u00e9\u00e9ducation sur mesure en tant que partie cruciale du processus de r\u00e9cup\u00e9ration. Apr\u00e8s une \u00e9valuation approfondie, chaque client re\u00e7oit un plan de traitement combinant th\u00e9rapie manuelle et programme de r\u00e9habilitation , con\u00e7u selon ses besoins uniques et sp\u00e9cifiques. L'objectif est que vous puissiez reprendre en toute confiance la m\u00eame activit\u00e9, le m\u00eame sport et\/ou l'environnement dans lequel la blessure s'est produite et \u00e9viter toute complication future.<\/p>\n<\/div>\n<\/div><\/div><\/div><div id=\"pgc-8119-1-1\"  class=\"panel-grid-cell\" ><div id=\"panel-8119-1-1-0\" class=\"so-panel widget widget_sow-editor panel-first-child panel-last-child\" data-index=\"2\" ><div\n\t\t\t\n\t\t\tclass=\"so-widget-sow-editor so-widget-sow-editor-base\"\n\t\t\t\n\t\t>\n<div class=\"siteorigin-widget-tinymce textwidget\">\n\t<p><img loading=\"lazy\" decoding=\"async\" class=\"alignnone wp-image-8357\" src=\"https:\/\/thebodymechanics.ca\/wp-content\/uploads\/2021\/09\/Physical-Rehabilitation-1-1024x683.jpg\" alt=\"\" width=\"850\" height=\"567\" srcset=\"https:\/\/thebodymechanics.ca\/wp-content\/uploads\/2021\/09\/Physical-Rehabilitation-1-1024x683.jpg 1024w, https:\/\/thebodymechanics.ca\/wp-content\/uploads\/2021\/09\/Physical-Rehabilitation-1-300x200.jpg 300w, https:\/\/thebodymechanics.ca\/wp-content\/uploads\/2021\/09\/Physical-Rehabilitation-1-768x512.jpg 768w, https:\/\/thebodymechanics.ca\/wp-content\/uploads\/2021\/09\/Physical-Rehabilitation-1-360x240.jpg 360w, https:\/\/thebodymechanics.ca\/wp-content\/uploads\/2021\/09\/Physical-Rehabilitation-1-850x567.jpg 850w, https:\/\/thebodymechanics.ca\/wp-content\/uploads\/2021\/09\/Physical-Rehabilitation-1-272x182.jpg 272w, https:\/\/thebodymechanics.ca\/wp-content\/uploads\/2021\/09\/Physical-Rehabilitation-1.jpg 1440w\" sizes=\"auto, (max-width: 850px) 100vw, 850px\" \/><\/p>\n<\/div>\n<\/div><\/div><\/div><\/div><div id=\"pg-8119-2\"  class=\"panel-grid panel-no-style\" ><div id=\"pgc-8119-2-0\"  class=\"panel-grid-cell\" ><div id=\"panel-8119-2-0-0\" class=\"so-panel widget widget_sow-editor panel-first-child panel-last-child\" data-index=\"3\" ><div\n\t\t\t\n\t\t\tclass=\"so-widget-sow-editor so-widget-sow-editor-base\"\n\t\t\t\n\t\t>\n<div class=\"siteorigin-widget-tinymce textwidget\">\n\t<p><span style=\"color: #56afd5; font-size: 15px;\"><strong>Autres services:<\/strong><\/span><\/p>\n<p>Une blessure n'est pas n\u00e9cessairement la seule raison pour laquelle vous pouvez vouloir entra\u00eener votre corps. Des enfants athl\u00e8tes aux plus performants et aux guerriers du week-end, nous pouvons adapter des programmes pour atteindre tous vos objectifs.<\/p>\n<p><span class=\"icon-wrap\"><i class=\"fas fa-check\"><\/i><\/span>\u00a0\u00a0 <strong>Formation personnelle individuelle.<\/strong><\/p>\n<p>Vous voulez am\u00e9liorer votre sant\u00e9, votre posture, devenir plus fort, abaisser votre tension art\u00e9rielle, renforcer votre densit\u00e9 osseuse ou perdre du poids ? Nos th\u00e9rapeutes du sport peuvent cr\u00e9er des programmes individuels en fonction de vos besoins et peuvent vous former en personne ou sur zoom, ou \u00eatre un guide qui vous suit \u00e0 intervalles r\u00e9guliers pour vous garder sur la bonne voie.<\/p>\n<p><span class=\"icon-wrap\"><i class=\"fas fa-check\"><\/i><\/span>\u00a0 <strong>Entra\u00eenement sp\u00e9cifique au sport<\/strong><\/p>\n<p>Vous souhaitez am\u00e9liorer votre jeu de golf ou de tennis ? Envie de courir le marathon cette ann\u00e9e ? Voulez-vous am\u00e9liorer votre endurance et\/ou vos performances dans n'importe quel sport ou activit\u00e9 sans aggraver une vieille blessure\u00a0? Nos th\u00e9rapeutes du sport peuvent personnaliser un programme p\u00e9riodis\u00e9 qui ciblera vos faiblesses, vous aidera \u00e0 ma\u00eetriser de nouvelles comp\u00e9tences et \u00e0 apprendre \u00e0 vous entra\u00eener en toute s\u00e9curit\u00e9 et efficacement sur une p\u00e9riode de temps d\u00e9finie. Avec nos conseils, vos objectifs sont \u00e0 port\u00e9e de main.<\/p>\n<p>Tous nos programmes sont accessibles par t\u00e9l\u00e9phone, tablette et ordinateur, et incluent des vid\u00e9os et des instructions \u00e9tape par \u00e9tape. Nous sommes votre meilleure ressource pour tous vos besoins de formation.<\/p>\n<p><span class=\"icon-wrap\"><i class=\"fas fa-check\"><\/i><\/span>\u00a0 \u00a0<strong><a href=\"https:\/\/thebodymechanics.ca\/fr\/contactez-nous\/\">Contactez-nous<\/a> et parlez \u00e0 l'un de nos professionnels pour voir comment la r\u00e9adaptation ou la formation personnelle pourraient vous \u00eatre b\u00e9n\u00e9fiques<\/strong><\/p>\n<p><span class=\"icon-wrap\"><i class=\"fas fa-check\"><\/i><\/span>\u00a0 \u00a0<strong>Pour voir notre liste de blessures\/conditions que nous traitons, <a href=\"https:\/\/thebodymechanics.ca\/fr\/services\/liste-des-traitements\/\">cliquez ici.<\/a><\/strong><\/p>\n<\/div>\n<\/div><\/div><\/div><\/div><div id=\"pg-8119-3\"  class=\"panel-grid panel-no-style\" ><div id=\"pgc-8119-3-0\"  class=\"panel-grid-cell\" ><div id=\"panel-8119-3-0-0\" class=\"so-panel widget widget_sow-button panel-first-child panel-last-child\" data-index=\"4\" ><div\n\t\t\t\n\t\t\tclass=\"so-widget-sow-button so-widget-sow-button-flat-de7b33e059b9-8119\"\n\t\t\t\n\t\t><div class=\"ow-button-base ow-button-align-center\"\n>\n\t\t\t<a\n\t\t\t\t\thref=\"https:\/\/www.thebodymechanics.ca\/fr\/services\"\n\t\t\t\t\tclass=\"sowb-button ow-icon-placement-left ow-button-hover\" \t>\n\t\t<span>\n\t\t\t\n\t\t\tConsulter tous nos services \t\t<\/span>\n\t\t\t<\/a>\n\t<\/div>\n<\/div><\/div><\/div><\/div><\/div>","protected":false},"excerpt":{"rendered":"<p>Qu&#8217;il s&#8217;agisse d&#8217;une blessure ou d&#8217;une maladie, le corps d\u00e9veloppe des moyens de compenser qui peuvent emp\u00eacher un r\u00e9tablissement complet.<\/p>\n","protected":false},"author":3,"featured_media":8318,"parent":8107,"menu_order":0,"comment_status":"closed","ping_status":"closed","template":"","meta":{"nf_dc_page":"","footnotes":""},"class_list":["post-8119","page","type-page","status-publish","has-post-thumbnail","hentry"],"acf":[],"aioseo_notices":[],"_links":{"self":[{"href":"https:\/\/thebodymechanics.ca\/fr\/wp-json\/wp\/v2\/pages\/8119","targetHints":{"allow":["GET"]}}],"collection":[{"href":"https:\/\/thebodymechanics.ca\/fr\/wp-json\/wp\/v2\/pages"}],"about":[{"href":"https:\/\/thebodymechanics.ca\/fr\/wp-json\/wp\/v2\/types\/page"}],"author":[{"embeddable":true,"href":"https:\/\/thebodymechanics.ca\/fr\/wp-json\/wp\/v2\/users\/3"}],"replies":[{"embeddable":true,"href":"https:\/\/thebodymechanics.ca\/fr\/wp-json\/wp\/v2\/comments?post=8119"}],"version-history":[{"count":2,"href":"https:\/\/thebodymechanics.ca\/fr\/wp-json\/wp\/v2\/pages\/8119\/revisions"}],"predecessor-version":[{"id":8821,"href":"https:\/\/thebodymechanics.ca\/fr\/wp-json\/wp\/v2\/pages\/8119\/revisions\/8821"}],"up":[{"embeddable":true,"href":"https:\/\/thebodymechanics.ca\/fr\/wp-json\/wp\/v2\/pages\/8107"}],"wp:featuredmedia":[{"embeddable":true,"href":"https:\/\/thebodymechanics.ca\/fr\/wp-json\/wp\/v2\/media\/8318"}],"wp:attachment":[{"href":"https:\/\/thebodymechanics.ca\/fr\/wp-json\/wp\/v2\/media?parent=8119"}],"curies":[{"name":"wp","href":"https:\/\/api.w.org\/{rel}","templated":true}]}}