{"id":8109,"date":"2021-08-12T20:15:48","date_gmt":"2021-08-12T20:15:48","guid":{"rendered":"https:\/\/thebodymechanics.ca\/?page_id=8109"},"modified":"2023-06-07T23:36:37","modified_gmt":"2023-06-08T03:36:37","slug":"cours-en-ligne","status":"publish","type":"page","link":"https:\/\/thebodymechanics.ca\/fr\/services\/cours-en-ligne\/","title":{"rendered":"Cours en ligne"},"content":{"rendered":"<div id=\"pl-8109\"  class=\"panel-layout\" ><div id=\"pg-8109-0\"  class=\"panel-grid panel-no-style\" ><div id=\"pgc-8109-0-0\"  class=\"panel-grid-cell\" ><div id=\"panel-8109-0-0-0\" class=\"so-panel widget widget_sow-editor panel-first-child panel-last-child\" data-index=\"0\" ><div\n\t\t\t\n\t\t\tclass=\"so-widget-sow-editor so-widget-sow-editor-base\"\n\t\t\t\n\t\t>\n<div class=\"siteorigin-widget-tinymce textwidget\">\n\t<p><span style=\"color: #56afd5; font-size: 15px;\"><strong>Comment fonctionnent les cours en ligne?<\/strong><\/span><\/p>\n<p>Nos cours offrent \u00e0 nos clients un moyen amusant et s\u00fbr de rester actifs, de devenir plus forts tout en r\u00e9adaptant des blessures r\u00e9centes ou chroniques. En raison de la pand\u00e9mie de COVID-19, ces cours sont d\u00e9sormais uniquement propos\u00e9s en ligne via ZOOM pour le moment.<\/p>\n<p>Les clients ont la possibilit\u00e9 de participer \u00e0 ces cours en direct avec l'un de nos instructeurs ou de recevoir le cours le lendemain pour le faire \u00e0 leur guise. Nos professionnels sont hautement qualifi\u00e9s et accr\u00e9dit\u00e9s pour enseigner ces cours, en les adaptant \u00e0 tous les niveaux de condition physique et en respectant toutes les limitations physiques.<\/p>\n<\/div>\n<\/div><\/div><\/div><\/div><div id=\"pg-8109-1\"  class=\"panel-grid panel-no-style\" ><div id=\"pgc-8109-1-0\"  class=\"panel-grid-cell\" ><div id=\"panel-8109-1-0-0\" class=\"so-panel widget widget_sow-editor panel-first-child panel-last-child\" data-index=\"1\" ><div\n\t\t\t\n\t\t\tclass=\"so-widget-sow-editor so-widget-sow-editor-base\"\n\t\t\t\n\t\t>\n<div class=\"siteorigin-widget-tinymce textwidget\">\n\t<p><span style=\"color: #56afd5; font-size: 15px;\"><strong>Les cours en ligne comprennent:<\/strong><\/span><\/p>\n<p>Une grande vari\u00e9t\u00e9 d'options de cours telles que ELDOA, Yoga, Pilates, Cardio et plus encore!<\/p>\n<p><a href=\"https:\/\/thebodymechanics.ca\/fr\/contactez-nous\/\"><strong>Contactez-nous <\/strong><\/a>pour conna\u00eetre les cours \u00e0 venir, les horaires et les options de cours :<\/p>\n<p><strong>Horaire de cours actuel:<\/strong><\/p>\n<p><em>*il n'y a pas de cours en ligne actifs pour le moment*<\/em><\/p>\n<p><strong><span class=\"icon-wrap\"><i class=\"fas fa-check\"><\/i><\/span> Pour voir notre liste de blessures\/conditions que nous traitons, <a href=\"https:\/\/thebodymechanics.ca\/fr\/services\/liste-des-traitements\/\">consultez notre liste des traitements.<\/a><\/strong><\/p>\n<\/div>\n<\/div><\/div><\/div><div id=\"pgc-8109-1-1\"  class=\"panel-grid-cell\" ><div id=\"panel-8109-1-1-0\" class=\"so-panel widget widget_sow-editor panel-first-child panel-last-child\" data-index=\"2\" ><div\n\t\t\t\n\t\t\tclass=\"so-widget-sow-editor so-widget-sow-editor-base\"\n\t\t\t\n\t\t>\n<div class=\"siteorigin-widget-tinymce textwidget\">\n\t<p><img loading=\"lazy\" decoding=\"async\" class=\"alignnone size-full wp-image-8214\" src=\"https:\/\/thebodymechanics.ca\/wp-content\/uploads\/2021\/08\/TBM-Online-Courses-1.png\" alt=\"\" width=\"850\" height=\"567\" srcset=\"https:\/\/thebodymechanics.ca\/wp-content\/uploads\/2021\/08\/TBM-Online-Courses-1.png 850w, https:\/\/thebodymechanics.ca\/wp-content\/uploads\/2021\/08\/TBM-Online-Courses-1-300x200.png 300w, https:\/\/thebodymechanics.ca\/wp-content\/uploads\/2021\/08\/TBM-Online-Courses-1-768x512.png 768w, https:\/\/thebodymechanics.ca\/wp-content\/uploads\/2021\/08\/TBM-Online-Courses-1-360x240.png 360w, https:\/\/thebodymechanics.ca\/wp-content\/uploads\/2021\/08\/TBM-Online-Courses-1-272x182.png 272w\" sizes=\"auto, (max-width: 850px) 100vw, 850px\" \/><\/p>\n<\/div>\n<\/div><\/div><\/div><\/div><div id=\"pg-8109-2\"  class=\"panel-grid panel-no-style\" ><div id=\"pgc-8109-2-0\"  class=\"panel-grid-cell\" ><div id=\"panel-8109-2-0-0\" class=\"so-panel widget widget_sow-button panel-first-child panel-last-child\" data-index=\"3\" ><div\n\t\t\t\n\t\t\tclass=\"so-widget-sow-button so-widget-sow-button-flat-cb545f786054-8109\"\n\t\t\t\n\t\t><div class=\"ow-button-base ow-button-align-center\"\n>\n\t\t\t<a\n\t\t\t\t\thref=\"https:\/\/www.thebodymechanics.ca\/fr\/services\"\n\t\t\t\t\tclass=\"sowb-button ow-icon-placement-left ow-button-hover\" \t>\n\t\t<span>\n\t\t\t\n\t\t\tConsultez tous nos services\t\t<\/span>\n\t\t\t<\/a>\n\t<\/div>\n<\/div><\/div><\/div><\/div><\/div>","protected":false},"excerpt":{"rendered":"<p>Nos cours offrent \u00e0 nos clients un moyen amusant et s\u00fbr de rester actifs, de devenir plus forts tout en r\u00e9adaptant des blessures r\u00e9centes ou chroniques.<\/p>\n","protected":false},"author":3,"featured_media":8335,"parent":8107,"menu_order":0,"comment_status":"closed","ping_status":"closed","template":"","meta":{"nf_dc_page":"","footnotes":""},"class_list":["post-8109","page","type-page","status-publish","has-post-thumbnail","hentry"],"acf":[],"aioseo_notices":[],"_links":{"self":[{"href":"https:\/\/thebodymechanics.ca\/fr\/wp-json\/wp\/v2\/pages\/8109","targetHints":{"allow":["GET"]}}],"collection":[{"href":"https:\/\/thebodymechanics.ca\/fr\/wp-json\/wp\/v2\/pages"}],"about":[{"href":"https:\/\/thebodymechanics.ca\/fr\/wp-json\/wp\/v2\/types\/page"}],"author":[{"embeddable":true,"href":"https:\/\/thebodymechanics.ca\/fr\/wp-json\/wp\/v2\/users\/3"}],"replies":[{"embeddable":true,"href":"https:\/\/thebodymechanics.ca\/fr\/wp-json\/wp\/v2\/comments?post=8109"}],"version-history":[{"count":2,"href":"https:\/\/thebodymechanics.ca\/fr\/wp-json\/wp\/v2\/pages\/8109\/revisions"}],"predecessor-version":[{"id":8829,"href":"https:\/\/thebodymechanics.ca\/fr\/wp-json\/wp\/v2\/pages\/8109\/revisions\/8829"}],"up":[{"embeddable":true,"href":"https:\/\/thebodymechanics.ca\/fr\/wp-json\/wp\/v2\/pages\/8107"}],"wp:featuredmedia":[{"embeddable":true,"href":"https:\/\/thebodymechanics.ca\/fr\/wp-json\/wp\/v2\/media\/8335"}],"wp:attachment":[{"href":"https:\/\/thebodymechanics.ca\/fr\/wp-json\/wp\/v2\/media?parent=8109"}],"curies":[{"name":"wp","href":"https:\/\/api.w.org\/{rel}","templated":true}]}}