{"id":8107,"date":"2021-08-12T20:09:29","date_gmt":"2021-08-12T20:09:29","guid":{"rendered":"https:\/\/thebodymechanics.ca\/?page_id=8107"},"modified":"2025-03-18T14:16:56","modified_gmt":"2025-03-18T18:16:56","slug":"services","status":"publish","type":"page","link":"https:\/\/thebodymechanics.ca\/fr\/services\/","title":{"rendered":"Services"},"content":{"rendered":"<div id=\"pl-8107\"  class=\"panel-layout\" ><div id=\"pg-8107-0\"  class=\"panel-grid panel-no-style\" ><div id=\"pgc-8107-0-0\"  class=\"panel-grid-cell\" ><div id=\"panel-8107-0-0-0\" class=\"so-panel widget widget_qt_feature_page widget-featured-page panel-first-child panel-last-child\" data-index=\"0\" >\n\t\t\t<div class=\"featured-page\">\n\t\t\t\t\t\t\t\t\t<div class=\"featured-page--image\">\n\t\t\t\t\t\t<a href=\"https:\/\/thebodymechanics.ca\/fr\/services\/therapie-du-sport\/\">\n\t\t\t\t\t\t\t<img decoding=\"async\" loading=\"lazy\" width=\"360\" height=\"240\" src=\"https:\/\/thebodymechanics.ca\/wp-content\/uploads\/2021\/09\/Athletic-Therapy-2-1-360x240.jpg\" class=\"attachment-physio-qt-featured-s size-physio-qt-featured-s\" alt=\"Athletic Therapy\" srcset=\"https:\/\/thebodymechanics.ca\/wp-content\/uploads\/2021\/09\/Athletic-Therapy-2-1-360x240.jpg 360w, https:\/\/thebodymechanics.ca\/wp-content\/uploads\/2021\/09\/Athletic-Therapy-2-1-850x567.jpg 850w, https:\/\/thebodymechanics.ca\/wp-content\/uploads\/2021\/09\/Athletic-Therapy-2-1-272x182.jpg 272w\" sizes=\"auto, (min-width: 781px) 360px, calc(100vw - 30px)\" \/>\t\t\t\t\t\t\t<div class=\"featured-page--overlay\">\n\t\t\t\t\t\t\t\t\t\t\t\t\t\t\t\t\t<div class=\"overlay--center\">\n\t\t\t\t\t\t\t\t\t\t<span>En savoir plus<\/span>\n\t\t\t\t\t\t\t\t\t<\/div>\n\t\t\t\t\t\t\t\t\t\t\t\t\t\t\t<\/div>\n\t\t\t\t\t\t<\/a>\n\t\t\t\t\t<\/div>\n\t\t\t\t\t\t\t\t<div class=\"featured-page--content\">\n\t\t\t\t\t<h4 class=\"featued-page--title\">\n\t\t\t\t\t\t<a href=\"https:\/\/thebodymechanics.ca\/fr\/services\/therapie-du-sport\/\">Th\u00e9rapie du sport<\/a>\n\t\t\t\t\t<\/h4>\n\t\t\t\t\t\t\t\t\t\t\t<p>Nous pensons que pour gu\u00e9rir la douleur, nous devons d\u00e9terminer la source de la blessure et trouver une solution permanente.<\/p>\n\t\t\t\t\t\t\t\t\t\t\t\t\t\t\t\t<a href=\"https:\/\/thebodymechanics.ca\/fr\/services\/therapie-du-sport\/\" class=\"text-link\">En savoir plus<\/a>\n\t\t\t\t\t\t\t\t\t<\/div>\n\t\t\t<\/div>\n\n\t\t\t<\/div><\/div><div id=\"pgc-8107-0-1\"  class=\"panel-grid-cell\" ><div id=\"panel-8107-0-1-0\" class=\"so-panel widget widget_qt_feature_page widget-featured-page panel-first-child panel-last-child\" data-index=\"1\" >\n\t\t\t<div class=\"featured-page\">\n\t\t\t\t\t\t\t\t\t<div class=\"featured-page--image\">\n\t\t\t\t\t\t<a href=\"https:\/\/thebodymechanics.ca\/fr\/services\/cours-en-ligne\/\">\n\t\t\t\t\t\t\t<img decoding=\"async\" loading=\"lazy\" width=\"360\" height=\"240\" src=\"https:\/\/thebodymechanics.ca\/wp-content\/uploads\/2021\/09\/Online-Classes-the-body-mechanics-360x240.jpeg\" class=\"attachment-physio-qt-featured-s size-physio-qt-featured-s\" alt=\"Cours en ligne\" srcset=\"https:\/\/thebodymechanics.ca\/wp-content\/uploads\/2021\/09\/Online-Classes-the-body-mechanics-360x240.jpeg 360w, https:\/\/thebodymechanics.ca\/wp-content\/uploads\/2021\/09\/Online-Classes-the-body-mechanics-300x200.jpeg 300w, https:\/\/thebodymechanics.ca\/wp-content\/uploads\/2021\/09\/Online-Classes-the-body-mechanics-1024x683.jpeg 1024w, https:\/\/thebodymechanics.ca\/wp-content\/uploads\/2021\/09\/Online-Classes-the-body-mechanics-768x512.jpeg 768w, https:\/\/thebodymechanics.ca\/wp-content\/uploads\/2021\/09\/Online-Classes-the-body-mechanics-850x567.jpeg 850w, https:\/\/thebodymechanics.ca\/wp-content\/uploads\/2021\/09\/Online-Classes-the-body-mechanics-272x182.jpeg 272w, https:\/\/thebodymechanics.ca\/wp-content\/uploads\/2021\/09\/Online-Classes-the-body-mechanics.jpeg 1440w\" sizes=\"auto, (min-width: 781px) 360px, calc(100vw - 30px)\" \/>\t\t\t\t\t\t\t<div class=\"featured-page--overlay\">\n\t\t\t\t\t\t\t\t\t\t\t\t\t\t\t\t\t<div class=\"overlay--center\">\n\t\t\t\t\t\t\t\t\t\t<span>En savoir plus<\/span>\n\t\t\t\t\t\t\t\t\t<\/div>\n\t\t\t\t\t\t\t\t\t\t\t\t\t\t\t<\/div>\n\t\t\t\t\t\t<\/a>\n\t\t\t\t\t<\/div>\n\t\t\t\t\t\t\t\t<div class=\"featured-page--content\">\n\t\t\t\t\t<h4 class=\"featued-page--title\">\n\t\t\t\t\t\t<a href=\"https:\/\/thebodymechanics.ca\/fr\/services\/cours-en-ligne\/\">Cours en ligne<\/a>\n\t\t\t\t\t<\/h4>\n\t\t\t\t\t\t\t\t\t\t\t<p>Nos cours offrent \u00e0 nos clients un moyen amusant et s\u00fbr de rester actifs, de devenir plus forts tout en r\u00e9adaptant des blessures r\u00e9centes ou chroniques.<\/p>\n\t\t\t\t\t\t\t\t\t\t\t\t\t\t\t\t<a href=\"https:\/\/thebodymechanics.ca\/fr\/services\/cours-en-ligne\/\" class=\"text-link\">En savoir plus<\/a>\n\t\t\t\t\t\t\t\t\t<\/div>\n\t\t\t<\/div>\n\n\t\t\t<\/div><\/div><\/div><div id=\"pg-8107-1\"  class=\"panel-grid panel-no-style\" ><div id=\"pgc-8107-1-0\"  class=\"panel-grid-cell\" ><div id=\"panel-8107-1-0-0\" class=\"so-panel widget widget_qt_feature_page widget-featured-page panel-first-child panel-last-child\" data-index=\"2\" >\n\t\t\t<div class=\"featured-page\">\n\t\t\t\t\t\t\t\t\t<div class=\"featured-page--image\">\n\t\t\t\t\t\t<a href=\"https:\/\/thebodymechanics.ca\/fr\/services\/rehabilitation-physique\/\">\n\t\t\t\t\t\t\t<img decoding=\"async\" loading=\"lazy\" width=\"360\" height=\"240\" src=\"https:\/\/thebodymechanics.ca\/wp-content\/uploads\/2021\/09\/Physical-Rehabilitation-TBM-360x240.jpeg\" class=\"attachment-physio-qt-featured-s size-physio-qt-featured-s\" alt=\"R\u00e9habilitation physique\" srcset=\"https:\/\/thebodymechanics.ca\/wp-content\/uploads\/2021\/09\/Physical-Rehabilitation-TBM-360x240.jpeg 360w, https:\/\/thebodymechanics.ca\/wp-content\/uploads\/2021\/09\/Physical-Rehabilitation-TBM-300x200.jpeg 300w, https:\/\/thebodymechanics.ca\/wp-content\/uploads\/2021\/09\/Physical-Rehabilitation-TBM-1024x683.jpeg 1024w, https:\/\/thebodymechanics.ca\/wp-content\/uploads\/2021\/09\/Physical-Rehabilitation-TBM-768x513.jpeg 768w, https:\/\/thebodymechanics.ca\/wp-content\/uploads\/2021\/09\/Physical-Rehabilitation-TBM-850x567.jpeg 850w, https:\/\/thebodymechanics.ca\/wp-content\/uploads\/2021\/09\/Physical-Rehabilitation-TBM-272x182.jpeg 272w, https:\/\/thebodymechanics.ca\/wp-content\/uploads\/2021\/09\/Physical-Rehabilitation-TBM.jpeg 1440w\" sizes=\"auto, (min-width: 781px) 360px, calc(100vw - 30px)\" \/>\t\t\t\t\t\t\t<div class=\"featured-page--overlay\">\n\t\t\t\t\t\t\t\t\t\t\t\t\t\t\t\t\t<div class=\"overlay--center\">\n\t\t\t\t\t\t\t\t\t\t<span>En savoir plus<\/span>\n\t\t\t\t\t\t\t\t\t<\/div>\n\t\t\t\t\t\t\t\t\t\t\t\t\t\t\t<\/div>\n\t\t\t\t\t\t<\/a>\n\t\t\t\t\t<\/div>\n\t\t\t\t\t\t\t\t<div class=\"featured-page--content\">\n\t\t\t\t\t<h4 class=\"featued-page--title\">\n\t\t\t\t\t\t<a href=\"https:\/\/thebodymechanics.ca\/fr\/services\/rehabilitation-physique\/\">R\u00e9habilitation physique<\/a>\n\t\t\t\t\t<\/h4>\n\t\t\t\t\t\t\t\t\t\t\t<p>Qu&#039;il s&#039;agisse d&#039;une blessure ou d&#039;une maladie, le corps d\u00e9veloppe des moyens de compenser qui peuvent emp\u00eacher un r\u00e9tablissement complet.<\/p>\n\t\t\t\t\t\t\t\t\t\t\t\t\t\t\t\t<a href=\"https:\/\/thebodymechanics.ca\/fr\/services\/rehabilitation-physique\/\" class=\"text-link\">En savoir plus<\/a>\n\t\t\t\t\t\t\t\t\t<\/div>\n\t\t\t<\/div>\n\n\t\t\t<\/div><\/div><div id=\"pgc-8107-1-1\"  class=\"panel-grid-cell\" ><div id=\"panel-8107-1-1-0\" class=\"so-panel widget widget_qt_feature_page widget-featured-page panel-first-child panel-last-child\" data-index=\"3\" >\n\t\t\t<div class=\"featured-page\">\n\t\t\t\t\t\t\t\t\t<div class=\"featured-page--image\">\n\t\t\t\t\t\t<a href=\"https:\/\/thebodymechanics.ca\/fr\/services\/liste-des-traitements\/\">\n\t\t\t\t\t\t\t<img decoding=\"async\" loading=\"lazy\" width=\"360\" height=\"240\" src=\"https:\/\/thebodymechanics.ca\/wp-content\/uploads\/2021\/09\/slider-3-360x240.jpg\" class=\"attachment-physio-qt-featured-s size-physio-qt-featured-s\" alt=\"Liste des traitements\" srcset=\"https:\/\/thebodymechanics.ca\/wp-content\/uploads\/2021\/09\/slider-3-360x240.jpg 360w, https:\/\/thebodymechanics.ca\/wp-content\/uploads\/2021\/09\/slider-3-300x200.jpg 300w, https:\/\/thebodymechanics.ca\/wp-content\/uploads\/2021\/09\/slider-3-1024x682.jpg 1024w, https:\/\/thebodymechanics.ca\/wp-content\/uploads\/2021\/09\/slider-3-768x512.jpg 768w, https:\/\/thebodymechanics.ca\/wp-content\/uploads\/2021\/09\/slider-3-1536x1024.jpg 1536w, https:\/\/thebodymechanics.ca\/wp-content\/uploads\/2021\/09\/slider-3-2048x1365.jpg 2048w, https:\/\/thebodymechanics.ca\/wp-content\/uploads\/2021\/09\/slider-3-850x567.jpg 850w, https:\/\/thebodymechanics.ca\/wp-content\/uploads\/2021\/09\/slider-3-272x182.jpg 272w\" sizes=\"auto, (min-width: 781px) 360px, calc(100vw - 30px)\" \/>\t\t\t\t\t\t\t<div class=\"featured-page--overlay\">\n\t\t\t\t\t\t\t\t\t\t\t\t\t\t\t\t\t<div class=\"overlay--center\">\n\t\t\t\t\t\t\t\t\t\t<span>En savoir plus<\/span>\n\t\t\t\t\t\t\t\t\t<\/div>\n\t\t\t\t\t\t\t\t\t\t\t\t\t\t\t<\/div>\n\t\t\t\t\t\t<\/a>\n\t\t\t\t\t<\/div>\n\t\t\t\t\t\t\t\t<div class=\"featured-page--content\">\n\t\t\t\t\t<h4 class=\"featued-page--title\">\n\t\t\t\t\t\t<a href=\"https:\/\/thebodymechanics.ca\/fr\/services\/liste-des-traitements\/\">Liste des traitements<\/a>\n\t\t\t\t\t<\/h4>\n\t\t\t\t\t\t\t\t\t\t\t<p>Une liste non exhaustive de ce que nous traitons, d\u00e9compos\u00e9e en sections afin qu&#039;il soit facile de naviguer et de trouver ce que vous cherchez.<\/p>\n\t\t\t\t\t\t\t\t\t\t\t\t\t\t\t\t<a href=\"https:\/\/thebodymechanics.ca\/fr\/services\/liste-des-traitements\/\" class=\"text-link\">En savoir plus<\/a>\n\t\t\t\t\t\t\t\t\t<\/div>\n\t\t\t<\/div>\n\n\t\t\t<\/div><\/div><\/div><\/div>","protected":false},"excerpt":{"rendered":"<p>En savoir plus Th\u00e9rapie du sport Nous pensons que pour gu\u00e9rir la douleur, nous devons d\u00e9terminer la source de la blessure et trouver une solution permanente. En savoir plus En savoir plus Cours en ligne Nos cours offrent \u00e0 nos clients un moyen amusant et s\u00fbr de rester actifs, de devenir plus forts tout en [&hellip;]<\/p>\n","protected":false},"author":3,"featured_media":8371,"parent":0,"menu_order":0,"comment_status":"closed","ping_status":"closed","template":"","meta":{"nf_dc_page":"","footnotes":""},"class_list":["post-8107","page","type-page","status-publish","has-post-thumbnail","hentry"],"acf":[],"aioseo_notices":[],"_links":{"self":[{"href":"https:\/\/thebodymechanics.ca\/fr\/wp-json\/wp\/v2\/pages\/8107","targetHints":{"allow":["GET"]}}],"collection":[{"href":"https:\/\/thebodymechanics.ca\/fr\/wp-json\/wp\/v2\/pages"}],"about":[{"href":"https:\/\/thebodymechanics.ca\/fr\/wp-json\/wp\/v2\/types\/page"}],"author":[{"embeddable":true,"href":"https:\/\/thebodymechanics.ca\/fr\/wp-json\/wp\/v2\/users\/3"}],"replies":[{"embeddable":true,"href":"https:\/\/thebodymechanics.ca\/fr\/wp-json\/wp\/v2\/comments?post=8107"}],"version-history":[{"count":4,"href":"https:\/\/thebodymechanics.ca\/fr\/wp-json\/wp\/v2\/pages\/8107\/revisions"}],"predecessor-version":[{"id":8941,"href":"https:\/\/thebodymechanics.ca\/fr\/wp-json\/wp\/v2\/pages\/8107\/revisions\/8941"}],"wp:featuredmedia":[{"embeddable":true,"href":"https:\/\/thebodymechanics.ca\/fr\/wp-json\/wp\/v2\/media\/8371"}],"wp:attachment":[{"href":"https:\/\/thebodymechanics.ca\/fr\/wp-json\/wp\/v2\/media?parent=8107"}],"curies":[{"name":"wp","href":"https:\/\/api.w.org\/{rel}","templated":true}]}}