{"id":8099,"date":"2021-08-12T20:00:21","date_gmt":"2021-08-12T20:00:21","guid":{"rendered":"https:\/\/thebodymechanics.ca\/?page_id=8099"},"modified":"2024-02-06T16:57:53","modified_gmt":"2024-02-06T21:57:53","slug":"contactez-nous","status":"publish","type":"page","link":"https:\/\/thebodymechanics.ca\/fr\/contactez-nous\/","title":{"rendered":"Contactez Nous"},"content":{"rendered":"<div id=\"pl-8099\"  class=\"panel-layout\" ><div id=\"pg-8099-0\"  class=\"panel-grid panel-no-style\" ><div id=\"pgc-8099-0-0\"  class=\"panel-grid-cell\" ><div id=\"panel-8099-0-0-0\" class=\"so-panel widget widget_sow-editor panel-first-child\" data-index=\"0\" ><div class=\"featured-box panel-widget-style panel-widget-style-for-8099-0-0-0\" ><div\n\t\t\t\n\t\t\tclass=\"so-widget-sow-editor so-widget-sow-editor-base\"\n\t\t\t\n\t\t>\n<div class=\"siteorigin-widget-tinymce textwidget\">\n\t<p><strong>Montreal<br \/>\n<\/strong>3287 rue Saint-Jacques,<br \/>\nSuite 103-104,<br \/>\nMontr\u00e9al, QC H4C 1G8<\/p>\n<p><strong>Pointe-Claire (si\u00e8ge social)<\/strong><br \/>\n161 avenue Cartier,<br \/>\nPointe-Claire, QC, H9S 4R9<\/p>\n<p><strong>Lachine <\/strong><br \/>\n1250 Boulevard Saint-Joseph, Lachine, QC H8S 2M8<\/p>\n<hr \/>\n<p><b>T\u00e9l\u00e9phone<\/b><br \/>\n<a style=\"font-weight: bold;\" href=\"tel:+15146956595\">(514) 695 6595<\/a><\/p>\n<hr \/>\n<p><b>Adresse\u00a0courriel<\/b><br \/>\n<a href=\"mailto:info@thebodymechanics.ca\">info@thebodymechanics.ca<\/a><\/p>\n<hr \/>\n<p><strong>R\u00e9seaux sociaux<br \/>\n<\/strong><br \/>\n<a class=\"icon-wrap\" href=\"http:\/\/facebook.com\/bodymechanics.ca\" target=\"_self\"><i class=\"fab fa-facebook-f\"><\/i><\/a>\u00a0 <a class=\"icon-wrap\" href=\"https:\/\/www.instagram.com\/bodymechanicsmtl\" target=\"_self\"><i class=\"fab fa-instagram\"><\/i><\/a> <a class=\"icon-wrap\" href=\"https:\/\/www.youtube.com\/channel\/UCF_Xdv7_spZpMNqLQe9e6iQl\" target=\"_self\"><i class=\"fab fa-youtube\"><\/i><\/a><\/p>\n<\/div>\n<\/div><\/div><\/div><div id=\"panel-8099-0-0-1\" class=\"so-panel widget widget_qt_opening_hours widget-opening-hours panel-last-child\" data-index=\"1\" ><div class=\"smaller-widget-title panel-widget-style panel-widget-style-for-8099-0-0-1\" ><h3 class=\"widget-title\">Nos heures d&#8217;ouverture<\/h3><div class=\"opening-hours\"><ul><li class=\"weekday\">Lun\/Mon<span class=\"right\">8:00 AM -  5:00 PM<\/span><\/li><li class=\"weekday\">Mar\/Tue<span class=\"right\">8:00 AM -  5:00 PM<\/span><\/li><li class=\"weekday\">Mer\/Wed<span class=\"right\">8:00 AM -  5:00 PM<\/span><\/li><li class=\"weekday\">Jeu\/Thu<span class=\"right\">8:00 AM  -  5:00 PM<\/span><\/li><li class=\"weekday\">Ven\/Fri<span class=\"right\">8:00 AM  -  5:00 PM<\/span><\/li><li class=\"weekday\">Sam\/Sat<span class=\"right label\">FERM\u00c9 \/ CLOSED<\/span><\/li><li class=\"weekday today\">Dim\/Sun<span class=\"right label\">FERM\u00c9 \/ CLOSED<\/span><\/li><\/ul><\/div><\/div><\/div><\/div><div id=\"pgc-8099-0-1\"  class=\"panel-grid-cell\" ><div id=\"panel-8099-0-1-0\" class=\"so-panel widget widget_qt_google_map_iframe widget-google-map-iframe panel-first-child\" data-index=\"2\" >\n\t    \t<div class=\"qt-map-iframe\">\n\t\t\t\t<iframe loading=\"lazy\" frameborder=\"0\" title=\"Google Maps\" src=\"https:\/\/maps.google.com\/maps?f=q&source=s_q&hl=en&geocode=&q=161+Avenue+Cartier+Pointe-Claire+QC+H9S+4R9&z=12&output=embed\" width=\"100%\" height=\"337px;\"><\/iframe>\n\t\t\t<\/div>\n\t\t\t\t\n\t\t\t<\/div><div id=\"panel-8099-0-1-1\" class=\"so-panel widget widget_sow-editor\" data-index=\"3\" ><div\n\t\t\t\n\t\t\tclass=\"so-widget-sow-editor so-widget-sow-editor-base\"\n\t\t\t\n\t\t>\n<div class=\"siteorigin-widget-tinymce textwidget\">\n\t<p><a href=\"https:\/\/www.google.com\/maps\/dir\/\/Clinique+Les+M%C3%A9cani-corps\/@45.4373434,-73.8289197,16.75z\/data=!4m8!4m7!1m0!1m5!1m1!1s0x4cc93c208919a411:0x82154fba5e6bc13e!2m2!1d-73.8266426!2d45.4382864\"><img loading=\"lazy\" decoding=\"async\" class=\"\" src=\"https:\/\/upload.wikimedia.org\/wikipedia\/commons\/thumb\/a\/aa\/Google_Maps_icon_%282020%29.svg\/714px-Google_Maps_icon_%282020%29.svg.png\" alt=\"File:Google Maps icon (2020).svg - Wikimedia Commons\" width=\"31\" height=\"45\" \/> \u00a0<\/a><strong><a href=\"https:\/\/www.google.com\/maps\/dir\/\/Clinique+Les+M%C3%A9cani-corps\/@45.4373434,-73.8289197,16.75z\/data=!4m8!4m7!1m0!1m5!1m1!1s0x4cc93c208919a411:0x82154fba5e6bc13e!2m2!1d-73.8266426!2d45.4382864\">Itin\u00e9raire Google Maps\u00a0<\/a><\/strong><\/p>\n<\/div>\n<\/div><\/div><div id=\"panel-8099-0-1-2\" class=\"so-panel widget widget_sow-editor\" data-index=\"4\" ><div class=\"smaller-widget-title panel-widget-style panel-widget-style-for-8099-0-1-2\" ><div\n\t\t\t\n\t\t\tclass=\"so-widget-sow-editor so-widget-sow-editor-base\"\n\t\t\t\n\t\t>\n<div class=\"siteorigin-widget-tinymce textwidget\">\n\t<div class=\"siteorigin-widget-tinymce textwidget\">\n<h1>Contactez-nous!<\/h1>\n<p>N'h\u00e9sitez pas \u00e0 poser vos questions par t\u00e9l\u00e9phone ou \u00e0 nous contacter via notre formulaire de contact ci-dessous. Votre message sera envoy\u00e9 directement \u00e0 <a title=\"\u00c0 propos\" href=\"https:\/\/thebodymechanics.ca\/fr\/a-propos\/\">notre personnel<\/a> qui vous r\u00e9pondra dans les plus brefs d\u00e9lais.<\/p>\n<\/div>\n<\/div>\n<\/div><\/div><\/div><div id=\"panel-8099-0-1-3\" class=\"so-panel widget widget_sow-editor panel-last-child\" data-index=\"5\" ><div class=\"panel-widget-style panel-widget-style-for-8099-0-1-3\" ><div\n\t\t\t\n\t\t\tclass=\"so-widget-sow-editor so-widget-sow-editor-base\"\n\t\t\t\n\t\t>\n<div class=\"siteorigin-widget-tinymce textwidget\">\n\t\n<div class=\"wpcf7 no-js\" id=\"wpcf7-f8051-o1\" lang=\"fr-FR\" dir=\"ltr\" data-wpcf7-id=\"8051\">\n<div class=\"screen-reader-response\"><p role=\"status\" aria-live=\"polite\" aria-atomic=\"true\"><\/p> <ul><\/ul><\/div>\n<form action=\"\/fr\/wp-json\/wp\/v2\/pages\/8099#wpcf7-f8051-o1\" method=\"post\" class=\"wpcf7-form init\" aria-label=\"Formulaire de contact\" novalidate=\"novalidate\" data-status=\"init\">\n<fieldset class=\"hidden-fields-container\"><input type=\"hidden\" name=\"_wpcf7\" value=\"8051\" \/><input type=\"hidden\" name=\"_wpcf7_version\" value=\"6.1.4\" \/><input type=\"hidden\" name=\"_wpcf7_locale\" value=\"fr_FR\" \/><input type=\"hidden\" name=\"_wpcf7_unit_tag\" value=\"wpcf7-f8051-o1\" \/><input type=\"hidden\" name=\"_wpcf7_container_post\" value=\"0\" \/><input type=\"hidden\" name=\"_wpcf7_posted_data_hash\" value=\"\" \/><input type=\"hidden\" name=\"_wpcf7_recaptcha_response\" value=\"\" \/>\n<\/fieldset>\n<div class=\"questionform white-featured-box\">\n\t<div class=\"row\">\n\t\t<div class=\"col-xs-12 col-md-6\">\n\t\t\t<p><span class=\"wpcf7-form-control-wrap\" data-name=\"your-name\"><input size=\"40\" maxlength=\"400\" class=\"wpcf7-form-control wpcf7-text wpcf7-validates-as-required\" aria-required=\"true\" aria-invalid=\"false\" placeholder=\"Nom Complet *\" value=\"\" type=\"text\" name=\"your-name\" \/><\/span><span class=\"wpcf7-form-control-wrap\" data-name=\"your-email\"><input size=\"40\" maxlength=\"400\" class=\"wpcf7-form-control wpcf7-email wpcf7-validates-as-required wpcf7-text wpcf7-validates-as-email\" aria-required=\"true\" aria-invalid=\"false\" placeholder=\"Adresse courriel *\" value=\"\" type=\"email\" name=\"your-email\" \/><\/span><span class=\"wpcf7-form-control-wrap\" data-name=\"your-phone\"><input size=\"40\" maxlength=\"400\" class=\"wpcf7-form-control wpcf7-tel wpcf7-validates-as-required wpcf7-text wpcf7-validates-as-tel\" aria-required=\"true\" aria-invalid=\"false\" placeholder=\"Num\u00e9ro t\u00e9l\u00e9phone *\" value=\"\" type=\"tel\" name=\"your-phone\" \/><\/span><span class=\"wpcf7-form-control-wrap\" data-name=\"answer\"><select class=\"wpcf7-form-control wpcf7-select wpcf7-validates-as-required\" aria-required=\"true\" aria-invalid=\"false\" name=\"answer\"><option value=\"\">Pr\u00e9f\u00e9rence de communication:<\/option><option value=\"Par t\u00e9l\u00e9phone\">Par t\u00e9l\u00e9phone<\/option><option value=\"Par courriel\">Par courriel<\/option><\/select><\/span>\n\t\t\t<\/p>\n\t\t<\/div>\n\t\t<div class=\"col-xs-12 col-md-6\">\n\t\t\t<p><span class=\"wpcf7-form-control-wrap\" data-name=\"your-subject\"><input size=\"40\" maxlength=\"400\" class=\"wpcf7-form-control wpcf7-text wpcf7-validates-as-required\" aria-required=\"true\" aria-invalid=\"false\" placeholder=\"Raison de contact\" value=\"\" type=\"text\" name=\"your-subject\" \/><\/span><span class=\"wpcf7-form-control-wrap\" data-name=\"your-message\"><textarea cols=\"40\" rows=\"10\" maxlength=\"2000\" class=\"wpcf7-form-control wpcf7-textarea wpcf7-validates-as-required\" aria-required=\"true\" aria-invalid=\"false\" placeholder=\"\u00c9crivez votre message ou question.\" name=\"your-message\"><\/textarea><\/span><input class=\"wpcf7-form-control wpcf7-submit has-spinner btn btn-primary pull-right fullwidth\" type=\"submit\" value=\"Envoyer\" \/>\n\t\t\t<\/p>\n\t\t<\/div>\n\t<\/div>\n<\/div><div class=\"wpcf7-response-output\" aria-hidden=\"true\"><\/div>\n<\/form>\n<\/div>\n\n<\/div>\n<\/div><\/div><\/div><\/div><\/div><\/div>","protected":false},"excerpt":{"rendered":"<p>Montreal 3287 rue Saint-Jacques, Suite 103-104, Montr\u00e9al, QC H4C 1G8 Pointe-Claire (si\u00e8ge social) 161 avenue Cartier, Pointe-Claire, QC, H9S 4R9 Lachine 1250 Boulevard Saint-Joseph, Lachine, QC H8S 2M8 T\u00e9l\u00e9phone (514) 695 6595 Adresse\u00a0courriel info@thebodymechanics.ca R\u00e9seaux sociaux \u00a0 \u00a0Itin\u00e9raire Google Maps\u00a0 Contactez-nous! N&#8217;h\u00e9sitez pas \u00e0 poser vos questions par t\u00e9l\u00e9phone ou \u00e0 nous contacter via notre [&hellip;]<\/p>\n","protected":false},"author":3,"featured_media":8371,"parent":0,"menu_order":0,"comment_status":"closed","ping_status":"closed","template":"","meta":{"nf_dc_page":"","footnotes":""},"class_list":["post-8099","page","type-page","status-publish","has-post-thumbnail","hentry"],"acf":[],"aioseo_notices":[],"_links":{"self":[{"href":"https:\/\/thebodymechanics.ca\/fr\/wp-json\/wp\/v2\/pages\/8099","targetHints":{"allow":["GET"]}}],"collection":[{"href":"https:\/\/thebodymechanics.ca\/fr\/wp-json\/wp\/v2\/pages"}],"about":[{"href":"https:\/\/thebodymechanics.ca\/fr\/wp-json\/wp\/v2\/types\/page"}],"author":[{"embeddable":true,"href":"https:\/\/thebodymechanics.ca\/fr\/wp-json\/wp\/v2\/users\/3"}],"replies":[{"embeddable":true,"href":"https:\/\/thebodymechanics.ca\/fr\/wp-json\/wp\/v2\/comments?post=8099"}],"version-history":[{"count":6,"href":"https:\/\/thebodymechanics.ca\/fr\/wp-json\/wp\/v2\/pages\/8099\/revisions"}],"predecessor-version":[{"id":8883,"href":"https:\/\/thebodymechanics.ca\/fr\/wp-json\/wp\/v2\/pages\/8099\/revisions\/8883"}],"wp:featuredmedia":[{"embeddable":true,"href":"https:\/\/thebodymechanics.ca\/fr\/wp-json\/wp\/v2\/media\/8371"}],"wp:attachment":[{"href":"https:\/\/thebodymechanics.ca\/fr\/wp-json\/wp\/v2\/media?parent=8099"}],"curies":[{"name":"wp","href":"https:\/\/api.w.org\/{rel}","templated":true}]}}