{"id":8081,"date":"2021-08-12T19:53:46","date_gmt":"2021-08-12T19:53:46","guid":{"rendered":"https:\/\/thebodymechanics.ca\/?page_id=8081"},"modified":"2025-11-06T13:18:45","modified_gmt":"2025-11-06T18:18:45","slug":"samantha-savard-lamothe","status":"publish","type":"page","link":"https:\/\/thebodymechanics.ca\/fr\/a-propos\/notre-equipe\/samantha-savard-lamothe\/","title":{"rendered":"Samantha Savard Lamothe. CAT\u00a9"},"content":{"rendered":"<div id=\"pl-8081\"  class=\"panel-layout\" ><div id=\"pg-8081-0\"  class=\"panel-grid panel-no-style\" ><div id=\"pgc-8081-0-0\"  class=\"panel-grid-cell\" ><div id=\"panel-8081-0-0-0\" class=\"so-panel widget widget_sow-editor panel-first-child panel-last-child\" data-index=\"0\" ><div\n\t\t\t\n\t\t\tclass=\"so-widget-sow-editor so-widget-sow-editor-base\"\n\t\t\t\n\t\t>\n<div class=\"siteorigin-widget-tinymce textwidget\">\n\t<p><img loading=\"lazy\" decoding=\"async\" class=\"size-medium wp-image-9059 alignright\" src=\"https:\/\/thebodymechanics.ca\/wp-content\/uploads\/2025\/08\/DSC_0107-300x300.jpg\" alt=\"\" width=\"300\" height=\"300\" srcset=\"https:\/\/thebodymechanics.ca\/wp-content\/uploads\/2025\/08\/DSC_0107-300x300.jpg 300w, https:\/\/thebodymechanics.ca\/wp-content\/uploads\/2025\/08\/DSC_0107-1024x1024.jpg 1024w, https:\/\/thebodymechanics.ca\/wp-content\/uploads\/2025\/08\/DSC_0107-150x150.jpg 150w, https:\/\/thebodymechanics.ca\/wp-content\/uploads\/2025\/08\/DSC_0107-768x767.jpg 768w, https:\/\/thebodymechanics.ca\/wp-content\/uploads\/2025\/08\/DSC_0107-1536x1536.jpg 1536w, https:\/\/thebodymechanics.ca\/wp-content\/uploads\/2025\/08\/DSC_0107-2048x2046.jpg 2048w\" sizes=\"auto, (max-width: 300px) 100vw, 300px\" \/><\/p>\n<p>Samantha est une th\u00e9rapeute du sport agr\u00e9\u00e9e passionn\u00e9e par le mouvement et la performance. Elle se sp\u00e9cialise dans la pr\u00e9vention, l'\u00e9valuation et la r\u00e9\u00e9ducation des blessures musculosquelettiques, aidant les clients \u00e0 retrouver leur pleine capacit\u00e9 et \u00e0 reprendre les activit\u00e9s qu'ils aiment. Elle offre \u00e9galement une couverture en premiers soins lors d'\u00e9v\u00e9nements sportifs.<\/p>\n<p>Passionn\u00e9e de mouvement, Samantha danse depuis plus de 20 ans et a \u00e9tudi\u00e9 \u00e0 l'\u00c9cole de danse contemporaine de Montr\u00e9al (EDCMTL). Depuis une d\u00e9cennie, elle transmet sa passion pour la danse \u00e0 travers l'enseignement, alliant sa compr\u00e9hension du mouvement humain \u00e0 son expertise en th\u00e9rapie.<\/p>\n<p><span style=\"color: #56afd5;\"><span style=\"font-size: 15px;\"><b>Carri\u00e8re<\/b><\/span><\/span><\/p>\n<p>Son exp\u00e9rience en tant que danseuse professionnelle et professeure lui conf\u00e8re une compr\u00e9hension unique de la biom\u00e9canique, ce qui lui permet de d\u00e9velopper des strat\u00e9gies de r\u00e9\u00e9ducation adapt\u00e9es aux athl\u00e8tes, aux danseurs et aux personnes actives. Samantha adopte une approche pratique, utilisant des techniques de th\u00e9rapie manuelle pour soulager les tensions, restaurer la mobilit\u00e9 et optimiser les mouvements.<\/p>\n<p>Qu'elle travaille avec des professionnels, des athl\u00e8tes amateurs ou des passionn\u00e9s de sport du dimanche, son objectif est d'aider les gens \u00e0 mieux bouger, \u00e0 se sentir plus forts et \u00e0 rester actifs.<\/p>\n<p><span style=\"color: #56afd5;\"><span style=\"font-size: 15px;\"><b>Formation<br \/>\n<\/b><\/span><\/span>Baccalaur\u00e9at en sciences de la sant\u00e9, kin\u00e9siologie et physiologie appliqu\u00e9e, sp\u00e9cialisation en th\u00e9rapie du sport<\/p>\n<p>- Universit\u00e9 Concordia<\/p>\n<p><span style=\"color: #56afd5; font-size: 15px;\"><strong>Qualifications<\/strong><\/span><\/p>\n<p><strong><span class=\"icon-wrap\"><i class=\"fas fa-check\"><\/i><\/span>\u00a0 \u00a0Th\u00e9rapeute du sport certifi\u00e9 de l'Association canadienne des th\u00e9rapeutes du sport CAT\u00a9<\/strong><br \/>\n<strong><span class=\"icon-wrap\"><i class=\"fas fa-check\"><\/i><\/span>\u00a0 \u00a0Membre du CTSQ, la Corporation des Th\u00e9rapeutes du Sport du Qu\u00e9bec<\/strong><br \/>\n<strong><span class=\"icon-wrap\"><i class=\"fas fa-check\"><\/i><\/span>\u00a0 \u00a0Premier intervenant sportif<\/strong><\/p>\n<\/div>\n<\/div><\/div><\/div><\/div><\/div>","protected":false},"excerpt":{"rendered":"<p>Samantha est une th\u00e9rapeute du sport agr\u00e9\u00e9e passionn\u00e9e par le mouvement et la performance. Elle se sp\u00e9cialise dans la pr\u00e9vention, l&#8217;\u00e9valuation et la r\u00e9\u00e9ducation des blessures musculosquelettiques, aidant les clients \u00e0 retrouver leur pleine capacit\u00e9 et \u00e0 reprendre les activit\u00e9s qu&#8217;ils aiment. Elle offre \u00e9galement une couverture en premiers soins lors d&#8217;\u00e9v\u00e9nements sportifs. Passionn\u00e9e de [&hellip;]<\/p>\n","protected":false},"author":3,"featured_media":8703,"parent":9084,"menu_order":0,"comment_status":"closed","ping_status":"closed","template":"","meta":{"nf_dc_page":"","footnotes":""},"class_list":["post-8081","page","type-page","status-publish","has-post-thumbnail","hentry"],"acf":[],"aioseo_notices":[],"_links":{"self":[{"href":"https:\/\/thebodymechanics.ca\/fr\/wp-json\/wp\/v2\/pages\/8081","targetHints":{"allow":["GET"]}}],"collection":[{"href":"https:\/\/thebodymechanics.ca\/fr\/wp-json\/wp\/v2\/pages"}],"about":[{"href":"https:\/\/thebodymechanics.ca\/fr\/wp-json\/wp\/v2\/types\/page"}],"author":[{"embeddable":true,"href":"https:\/\/thebodymechanics.ca\/fr\/wp-json\/wp\/v2\/users\/3"}],"replies":[{"embeddable":true,"href":"https:\/\/thebodymechanics.ca\/fr\/wp-json\/wp\/v2\/comments?post=8081"}],"version-history":[{"count":5,"href":"https:\/\/thebodymechanics.ca\/fr\/wp-json\/wp\/v2\/pages\/8081\/revisions"}],"predecessor-version":[{"id":9288,"href":"https:\/\/thebodymechanics.ca\/fr\/wp-json\/wp\/v2\/pages\/8081\/revisions\/9288"}],"up":[{"embeddable":true,"href":"https:\/\/thebodymechanics.ca\/fr\/wp-json\/wp\/v2\/pages\/9084"}],"wp:featuredmedia":[{"embeddable":true,"href":"https:\/\/thebodymechanics.ca\/fr\/wp-json\/wp\/v2\/media\/8703"}],"wp:attachment":[{"href":"https:\/\/thebodymechanics.ca\/fr\/wp-json\/wp\/v2\/media?parent=8081"}],"curies":[{"name":"wp","href":"https:\/\/api.w.org\/{rel}","templated":true}]}}