{"id":8070,"date":"2021-08-12T19:46:51","date_gmt":"2021-08-12T19:46:51","guid":{"rendered":"https:\/\/thebodymechanics.ca\/?page_id=8070"},"modified":"2025-11-06T13:35:45","modified_gmt":"2025-11-06T18:35:45","slug":"chantal-guy","status":"publish","type":"page","link":"https:\/\/thebodymechanics.ca\/fr\/a-propos\/notre-equipe\/chantal-guy\/","title":{"rendered":"Chantal Guy, B.Sc. CAT\u00a9"},"content":{"rendered":"<div id=\"pl-8070\"  class=\"panel-layout\" ><div id=\"pg-8070-0\"  class=\"panel-grid panel-no-style\" ><div id=\"pgc-8070-0-0\"  class=\"panel-grid-cell\" ><div id=\"panel-8070-0-0-0\" class=\"so-panel widget widget_sow-editor panel-first-child panel-last-child\" data-index=\"0\" ><div\n\t\t\t\n\t\t\tclass=\"so-widget-sow-editor so-widget-sow-editor-base\"\n\t\t\t\n\t\t>\n<div class=\"siteorigin-widget-tinymce textwidget\">\n\t<p>Th\u00e9rapeute du sport certifi\u00e9e depuis 1998, Chantal est devenue connue pour ses comp\u00e9tences folles en th\u00e9rapie clinique et manuelle, sp\u00e9cialis\u00e9e dans la lib\u00e9ration des tissus profonds et myofasciale, l'\u00e9nergie musculaire, la somatoth\u00e9rapie et la technique Be Activated. Chantal croit que le corps doit \u00eatre vu comme un tout, que le patient doit \u00eatre trait\u00e9 comme une personne compl\u00e8te et que le mouvement dans l'\u00e9valuation, le traitement et la r\u00e9adaptation est la cl\u00e9 pour briser avec succ\u00e8s les sch\u00e9mas qui nous maintiennent dans la douleur.<\/p>\n<p><span style=\"color: #56afd5; font-size: 18px;\"><b>\u00c9ducation<\/b><\/span><br \/>\nChantal Guy CAT(C), dipl\u00f4m\u00e9e de l'Universit\u00e9 Concordia avec un baccalaur\u00e9at, sp\u00e9cialisation BSc : th\u00e9rapie du sport. Les exp\u00e9riences et les int\u00e9r\u00eats de Chantal comprennent les traitements musculosquelettiques manuels, l'\u00e9ducation de ses clients en mati\u00e8re de gestion de la sant\u00e9 et des blessures ainsi que des approches alternatives \u00e0 la sant\u00e9 et au bien-\u00eatre.<\/p>\n<p><span style=\"color: #56afd5; font-size: 18px;\"><strong>Carri\u00e8re<\/strong><\/span><br \/>\nCopropri\u00e9taire de The Body Mechanics, th\u00e9rapeute du sport pour les athl\u00e8tes de la LCF, de la LNH ainsi que des nageurs synchronis\u00e9s et patineurs artistiques de niveau olympique. Malgr\u00e9 sa vaste exp\u00e9rience aupr\u00e8s des athl\u00e8tes de haut niveau, la client\u00e8le de Chantal reste assez vari\u00e9e, ayant trait\u00e9 tout le monde, des gymnastes pr\u00e9-adolescents aux joueurs de tennis de 75 ans. Servir ses patients et les redonner \u00e0 leurs activit\u00e9s pr\u00e9f\u00e9r\u00e9es reste sa passion.<\/p>\n<p><span style=\"color: #56afd5; font-size: 18px;\"><strong>Qualifications de th\u00e9rapeute<\/strong><\/span><\/p>\n<p><strong><span class=\"icon-wrap\"><i class=\"fas fa-check\"><\/i><\/span>\u00a0 Universit\u00e9 Concordia, Baccalaur\u00e9at en sciences de l'exercice avec sp\u00e9cialisation en th\u00e9rapie du sport<\/strong><br \/>\n<strong><span class=\"icon-wrap\"><i class=\"fas fa-check\"><\/i><\/span>\u00a0 Th\u00e9rapeute du sport agr\u00e9\u00e9e de l'Association canadienne des th\u00e9rapeutes du sport (C.A.T.A.) C.A.T.(C)<\/strong><br \/>\n<strong><span class=\"icon-wrap\"><i class=\"fas fa-check\"><\/i><\/span>\u00a0 Somathoth\u00e9rapeute certifi\u00e9, a \u00e9tudi\u00e9e \u00e0 la Sutherland Academy \u00e0 Toronto avec l'ost\u00e9opathe Dr Guy Voyer D.O.<\/strong><br \/>\n<strong><span class=\"icon-wrap\"><i class=\"fas fa-check\"><\/i><\/span>\u00a0 BE Activ\u00e9 Praticienne; Talon Douglas \u00ae<\/strong><br \/>\n<strong><span class=\"icon-wrap\"><i class=\"fas fa-check\"><\/i><\/span>\u00a0 K-Taping (R) Pro Provider, a \u00e9tudi\u00e9 \u00e0 la K-Taping International Academy.<\/strong><\/p>\n<\/div>\n<\/div><\/div><\/div><div id=\"pgc-8070-0-1\"  class=\"panel-grid-cell\" ><div id=\"panel-8070-0-1-0\" class=\"so-panel widget widget_sow-image panel-first-child panel-last-child\" data-index=\"1\" ><div\n\t\t\t\n\t\t\tclass=\"so-widget-sow-image so-widget-sow-image-default-8b5b6f678277-8070\"\n\t\t\t\n\t\t>\n<div class=\"sow-image-container\">\n\t\t<img loading=\"lazy\" \n\tsrc=\"https:\/\/thebodymechanics.ca\/wp-content\/uploads\/2025\/08\/DSC_0145-scaled.jpg\" width=\"2560\" height=\"2560\" srcset=\"https:\/\/thebodymechanics.ca\/wp-content\/uploads\/2025\/08\/DSC_0145-scaled.jpg 2560w, https:\/\/thebodymechanics.ca\/wp-content\/uploads\/2025\/08\/DSC_0145-300x300.jpg 300w, https:\/\/thebodymechanics.ca\/wp-content\/uploads\/2025\/08\/DSC_0145-1024x1024.jpg 1024w, https:\/\/thebodymechanics.ca\/wp-content\/uploads\/2025\/08\/DSC_0145-150x150.jpg 150w, https:\/\/thebodymechanics.ca\/wp-content\/uploads\/2025\/08\/DSC_0145-768x768.jpg 768w, https:\/\/thebodymechanics.ca\/wp-content\/uploads\/2025\/08\/DSC_0145-1536x1536.jpg 1536w, https:\/\/thebodymechanics.ca\/wp-content\/uploads\/2025\/08\/DSC_0145-2048x2048.jpg 2048w\" sizes=\"auto, (max-width: 2560px) 100vw, 2560px\" title=\"DSC_0145\" alt=\"\" \t\tclass=\"so-widget-image\"\/>\n\t<\/div>\n\n<\/div><\/div><\/div><\/div><\/div>","protected":false},"excerpt":{"rendered":"<p>Th\u00e9rapeute du sport certifi\u00e9e depuis 1998, Chantal est devenue connue pour ses comp\u00e9tences folles en th\u00e9rapie clinique et manuelle, sp\u00e9cialis\u00e9e dans la lib\u00e9ration des tissus profonds et myofasciale, l&#8217;\u00e9nergie musculaire, la somatoth\u00e9rapie et la technique Be Activated. Chantal croit que le corps doit \u00eatre vu comme un tout, que le patient doit \u00eatre trait\u00e9 comme [&hellip;]<\/p>\n","protected":false},"author":3,"featured_media":8291,"parent":9084,"menu_order":0,"comment_status":"closed","ping_status":"closed","template":"","meta":{"nf_dc_page":"","footnotes":""},"class_list":["post-8070","page","type-page","status-publish","has-post-thumbnail","hentry"],"acf":[],"aioseo_notices":[],"_links":{"self":[{"href":"https:\/\/thebodymechanics.ca\/fr\/wp-json\/wp\/v2\/pages\/8070","targetHints":{"allow":["GET"]}}],"collection":[{"href":"https:\/\/thebodymechanics.ca\/fr\/wp-json\/wp\/v2\/pages"}],"about":[{"href":"https:\/\/thebodymechanics.ca\/fr\/wp-json\/wp\/v2\/types\/page"}],"author":[{"embeddable":true,"href":"https:\/\/thebodymechanics.ca\/fr\/wp-json\/wp\/v2\/users\/3"}],"replies":[{"embeddable":true,"href":"https:\/\/thebodymechanics.ca\/fr\/wp-json\/wp\/v2\/comments?post=8070"}],"version-history":[{"count":5,"href":"https:\/\/thebodymechanics.ca\/fr\/wp-json\/wp\/v2\/pages\/8070\/revisions"}],"predecessor-version":[{"id":9300,"href":"https:\/\/thebodymechanics.ca\/fr\/wp-json\/wp\/v2\/pages\/8070\/revisions\/9300"}],"up":[{"embeddable":true,"href":"https:\/\/thebodymechanics.ca\/fr\/wp-json\/wp\/v2\/pages\/9084"}],"wp:featuredmedia":[{"embeddable":true,"href":"https:\/\/thebodymechanics.ca\/fr\/wp-json\/wp\/v2\/media\/8291"}],"wp:attachment":[{"href":"https:\/\/thebodymechanics.ca\/fr\/wp-json\/wp\/v2\/media?parent=8070"}],"curies":[{"name":"wp","href":"https:\/\/api.w.org\/{rel}","templated":true}]}}