{"id":8063,"date":"2021-08-12T19:44:25","date_gmt":"2021-08-12T19:44:25","guid":{"rendered":"https:\/\/thebodymechanics.ca\/?page_id=8063"},"modified":"2025-08-07T16:10:25","modified_gmt":"2025-08-07T20:10:25","slug":"a-propos","status":"publish","type":"page","link":"https:\/\/thebodymechanics.ca\/fr\/a-propos\/","title":{"rendered":"\u00c0 propos"},"content":{"rendered":"<div id=\"pl-8063\"  class=\"panel-layout\" ><div id=\"pg-8063-0\"  class=\"panel-grid panel-no-style\" ><div id=\"pgc-8063-0-0\"  class=\"panel-grid-cell\" ><div id=\"panel-8063-0-0-0\" class=\"so-panel widget widget_sow-editor panel-first-child panel-last-child\" data-index=\"0\" ><div\n\t\t\t\n\t\t\tclass=\"so-widget-sow-editor so-widget-sow-editor-base\"\n\t\t\t\n\t\t><h3 class=\"widget-title\">Notre Vision<\/h3>\n<div class=\"siteorigin-widget-tinymce textwidget\">\n\t<div class=\"siteorigin-widget-tinymce textwidget\">\n<p>Votre corps est le v\u00e9hicule le plus complexe jamais construit ; notre priorit\u00e9 est de veiller \u00e0 ce que le chemin du r\u00e9tablissement soit devant vous.<\/p>\n<p>Les M\u00e9cani-Corps mettent l'accent sur la th\u00e9rapie manuelle, la forme physique et la performance sportive. Notre personnel des M\u00e9cani-Corps s'efforce de fournir \u00e0 nos patients des services de la plus haute qualit\u00e9 et des soins fond\u00e9s sur des donn\u00e9es probantes gr\u00e2ce au d\u00e9veloppement professionnel et \u00e0 la formation continue. Nous nous concentrons sur les meilleures pratiques et les soins individualis\u00e9s aux patients, comme en t\u00e9moignent notre multitude de sp\u00e9cialit\u00e9s, de th\u00e9rapies et de programmes. De plus, nous travaillons en partenariat avec des entreprises cl\u00e9s pour offrir une grande vari\u00e9t\u00e9 de ressources de sant\u00e9 et d'opportunit\u00e9s de bien-\u00eatre.<\/p>\n<p>&nbsp;<\/p>\n<p><img loading=\"lazy\" decoding=\"async\" class=\"alignnone wp-image-7817\" src=\"https:\/\/thebodymechanics.ca\/wp-content\/uploads\/2021\/03\/bodymechanics_pictures-13-300x200.jpg\" alt=\"\" width=\"335\" height=\"224\" srcset=\"https:\/\/thebodymechanics.ca\/wp-content\/uploads\/2021\/03\/bodymechanics_pictures-13-300x200.jpg 300w, https:\/\/thebodymechanics.ca\/wp-content\/uploads\/2021\/03\/bodymechanics_pictures-13-1024x684.jpg 1024w, https:\/\/thebodymechanics.ca\/wp-content\/uploads\/2021\/03\/bodymechanics_pictures-13-768x513.jpg 768w, https:\/\/thebodymechanics.ca\/wp-content\/uploads\/2021\/03\/bodymechanics_pictures-13-1536x1026.jpg 1536w, https:\/\/thebodymechanics.ca\/wp-content\/uploads\/2021\/03\/bodymechanics_pictures-13-2048x1368.jpg 2048w, https:\/\/thebodymechanics.ca\/wp-content\/uploads\/2021\/03\/bodymechanics_pictures-13-360x240.jpg 360w, https:\/\/thebodymechanics.ca\/wp-content\/uploads\/2021\/03\/bodymechanics_pictures-13-850x567.jpg 850w, https:\/\/thebodymechanics.ca\/wp-content\/uploads\/2021\/03\/bodymechanics_pictures-13-272x182.jpg 272w\" sizes=\"auto, (max-width: 335px) 100vw, 335px\" \/><\/p>\n<\/div>\n<\/div>\n<\/div><\/div><\/div><div id=\"pgc-8063-0-1\"  class=\"panel-grid-cell\" ><div id=\"panel-8063-0-1-0\" class=\"so-panel widget widget_sow-editor panel-first-child panel-last-child\" data-index=\"1\" ><div\n\t\t\t\n\t\t\tclass=\"so-widget-sow-editor so-widget-sow-editor-base\"\n\t\t\t\n\t\t><h3 class=\"widget-title\">Notre Mission<\/h3>\n<div class=\"siteorigin-widget-tinymce textwidget\">\n\t<div class=\"siteorigin-widget-tinymce textwidget\">\n<p style=\"text-align: center;\"><strong>Nous nous effor\u00e7ons d'am\u00e9liorer la qualit\u00e9 de vie de tous nos patients.<\/strong><\/p>\n<p>Que cela signifie soulager la douleur, augmenter la fonction \u00e0 la maison ou au travail, ou am\u00e9liorer les performances sportives. Nous sommes fiers de fournir d'excellents soins qui r\u00e9pondent aux besoins individuels de nos patients. De plus, nous valorisons les soins de qualit\u00e9, le service client et la compr\u00e9hension, car l'aspect le plus important de notre mission consiste \u00e0 \u00e9tablir des relations de confiance avec nos patients et la communaut\u00e9 locale.<\/p>\n<p><span style=\"color: #56afd5; font-size: 15px;\"><strong>Haute qualit\u00e9<\/strong><\/span><br \/>\nNous adoptons une approche globale pour gu\u00e9rir vos blessures. Nous d\u00e9terminons la cause de la blessure et traitons la racine, pas seulement les sympt\u00f4mes.<\/p>\n<p><span style=\"color: #56afd5; font-size: 15px;\"><strong>Service client<\/strong><\/span><br \/>\nNotre approche de traitement est pratique et \u00e9ducative. Vous partirez d'ici en comprenant votre blessure, ce qui vous permettra de devenir un participant actif dans votre processus de r\u00e9tablissement.<\/p>\n<p><span style=\"color: #56afd5; font-size: 15px;\"><strong>Service professionnel<\/strong><\/span><br \/>\nNotre \u00e9quipe de 6 th\u00e9rapeutes cumule 50 ans d'exp\u00e9rience et partage la passion d'aider notre communaut\u00e9 \u00e0 rester active.<\/p>\n<\/div>\n<\/div>\n<\/div><\/div><\/div><div id=\"pgc-8063-0-2\"  class=\"panel-grid-cell\" ><div id=\"panel-8063-0-2-0\" class=\"so-panel widget widget_sow-editor panel-first-child panel-last-child\" data-index=\"2\" ><div\n\t\t\t\n\t\t\tclass=\"so-widget-sow-editor so-widget-sow-editor-base\"\n\t\t\t\n\t\t><h3 class=\"widget-title\">Notre Philosophie<\/h3>\n<div class=\"siteorigin-widget-tinymce textwidget\">\n\t<div class=\"siteorigin-widget-tinymce textwidget\">\n<p>Notre philosophie est assez simple ; nous croyons que pour gu\u00e9rir la douleur, nous devons d\u00e9terminer la racine de la blessure et construire une base solide en utilisant des outils th\u00e9rapeutiques bas\u00e9s sur le mouvement.<\/p>\n<p>La cl\u00e9 d'une \u00e9valuation, d'un traitement et d'une r\u00e9\u00e9ducation r\u00e9ussis d'une blessure r\u00e9side dans les bons <em><strong>mouvements<\/strong><\/em>.<\/p>\n<ol>\n<li>Notre \u00e9valuation est r\u00e9alis\u00e9e avec\u00a0<em><strong>mouvement.<\/strong><\/em><\/li>\n<li>Nos traitements utilisent le <em><strong>mouvement.<\/strong><\/em><\/li>\n<li>Notre r\u00e9habilitation et notre reconditionnement sont des <em><strong>mouvements.<\/strong><\/em><\/li>\n<\/ol>\n<p>C'est aussi simple que \u00e7a!<\/p>\n<p>&nbsp;<\/p>\n<p>&nbsp;<\/p>\n<p><img loading=\"lazy\" decoding=\"async\" class=\"alignnone wp-image-7873\" src=\"https:\/\/thebodymechanics.ca\/wp-content\/uploads\/2021\/03\/bodymechanics_pictures-11-300x200.jpg\" alt=\"\" width=\"336\" height=\"224\" srcset=\"https:\/\/thebodymechanics.ca\/wp-content\/uploads\/2021\/03\/bodymechanics_pictures-11-300x200.jpg 300w, https:\/\/thebodymechanics.ca\/wp-content\/uploads\/2021\/03\/bodymechanics_pictures-11-1024x684.jpg 1024w, https:\/\/thebodymechanics.ca\/wp-content\/uploads\/2021\/03\/bodymechanics_pictures-11-768x513.jpg 768w, https:\/\/thebodymechanics.ca\/wp-content\/uploads\/2021\/03\/bodymechanics_pictures-11-1536x1026.jpg 1536w, https:\/\/thebodymechanics.ca\/wp-content\/uploads\/2021\/03\/bodymechanics_pictures-11-2048x1368.jpg 2048w, https:\/\/thebodymechanics.ca\/wp-content\/uploads\/2021\/03\/bodymechanics_pictures-11-360x240.jpg 360w, https:\/\/thebodymechanics.ca\/wp-content\/uploads\/2021\/03\/bodymechanics_pictures-11-850x567.jpg 850w, https:\/\/thebodymechanics.ca\/wp-content\/uploads\/2021\/03\/bodymechanics_pictures-11-272x182.jpg 272w\" sizes=\"auto, (max-width: 336px) 100vw, 336px\" \/><\/p>\n<\/div>\n<\/div>\n<\/div><\/div><\/div><\/div><div id=\"pg-8063-1\"  class=\"panel-grid panel-no-style\" ><div id=\"pgc-8063-1-0\"  class=\"panel-grid-cell\" ><div id=\"panel-8063-1-0-0\" class=\"so-panel widget widget_sow-editor panel-first-child panel-last-child\" data-index=\"3\" ><div\n\t\t\t\n\t\t\tclass=\"so-widget-sow-editor so-widget-sow-editor-base\"\n\t\t\t\n\t\t>\n<div class=\"siteorigin-widget-tinymce textwidget\">\n\t<p><img loading=\"lazy\" decoding=\"async\" class=\"size-full wp-image-245\" src=\"http:\/\/export-xml.qreativethemes.com\/physio\/wp-content\/uploads\/sites\/3\/2015\/11\/image-divider.jpg\" alt=\"image-divider\" width=\"1144\" height=\"50\"\/><\/p>\n<\/div>\n<\/div><\/div><\/div><\/div><\/div>","protected":false},"excerpt":{"rendered":"<p>Votre corps est le v\u00e9hicule le plus complexe jamais construit ; notre priorit\u00e9 est de veiller \u00e0 ce que le chemin du r\u00e9tablissement soit devant vous. Les M\u00e9cani-Corps mettent l&#8217;accent sur la th\u00e9rapie manuelle, la forme physique et la performance sportive. Notre personnel des M\u00e9cani-Corps s&#8217;efforce de fournir \u00e0 nos patients des services de la [&hellip;]<\/p>\n","protected":false},"author":3,"featured_media":0,"parent":0,"menu_order":0,"comment_status":"closed","ping_status":"closed","template":"","meta":{"nf_dc_page":"","footnotes":""},"class_list":["post-8063","page","type-page","status-publish","hentry"],"acf":[],"aioseo_notices":[],"_links":{"self":[{"href":"https:\/\/thebodymechanics.ca\/fr\/wp-json\/wp\/v2\/pages\/8063","targetHints":{"allow":["GET"]}}],"collection":[{"href":"https:\/\/thebodymechanics.ca\/fr\/wp-json\/wp\/v2\/pages"}],"about":[{"href":"https:\/\/thebodymechanics.ca\/fr\/wp-json\/wp\/v2\/types\/page"}],"author":[{"embeddable":true,"href":"https:\/\/thebodymechanics.ca\/fr\/wp-json\/wp\/v2\/users\/3"}],"replies":[{"embeddable":true,"href":"https:\/\/thebodymechanics.ca\/fr\/wp-json\/wp\/v2\/comments?post=8063"}],"version-history":[{"count":7,"href":"https:\/\/thebodymechanics.ca\/fr\/wp-json\/wp\/v2\/pages\/8063\/revisions"}],"predecessor-version":[{"id":9097,"href":"https:\/\/thebodymechanics.ca\/fr\/wp-json\/wp\/v2\/pages\/8063\/revisions\/9097"}],"wp:attachment":[{"href":"https:\/\/thebodymechanics.ca\/fr\/wp-json\/wp\/v2\/media?parent=8063"}],"curies":[{"name":"wp","href":"https:\/\/api.w.org\/{rel}","templated":true}]}}