{"id":8027,"date":"2021-08-12T17:57:35","date_gmt":"2021-08-12T17:57:35","guid":{"rendered":"https:\/\/thebodymechanics.ca\/?page_id=8027"},"modified":"2025-09-25T10:35:19","modified_gmt":"2025-09-25T14:35:19","slug":"home","status":"publish","type":"page","link":"https:\/\/thebodymechanics.ca\/fr\/","title":{"rendered":"Accueil"},"content":{"rendered":"<div id=\"pl-8027\"  class=\"panel-layout\" ><div id=\"pg-8027-0\"  class=\"panel-grid panel-no-style\" ><div id=\"pgc-8027-0-0\"  class=\"panel-grid-cell\" ><div id=\"panel-8027-0-0-0\" class=\"so-panel widget widget_sow-editor panel-first-child panel-last-child\" data-index=\"0\" ><div\n\t\t\t\n\t\t\tclass=\"so-widget-sow-editor so-widget-sow-editor-base\"\n\t\t\t\n\t\t><h3 class=\"widget-title\">R\u00e9habilitation physique<\/h3>\n<div class=\"siteorigin-widget-tinymce textwidget\">\n\t<div class=\"siteorigin-widget-tinymce textwidget\">\n<p>La r\u00e9habilitation est un \u00e9l\u00e9ment cl\u00e9 pour obtenir des r\u00e9sultats durables. Qu'il s'agisse d'une blessure r\u00e9cente ou d'une maladie chronique, le corps d\u00e9veloppe rapidement des m\u00e9canismes compensatoires qui entravent le r\u00e9tablissement complet.<\/p>\n<a href=\"https:\/\/thebodymechanics.ca\/fr\/services\/rehabilitation-physique\/\" class=\"btn btn-primary\" target=\"_self\" > Plus d&#039;information<\/a>\n<\/div>\n<\/div>\n<\/div><\/div><\/div><div id=\"pgc-8027-0-1\"  class=\"panel-grid-cell\" ><div id=\"panel-8027-0-1-0\" class=\"so-panel widget widget_sow-editor panel-first-child panel-last-child\" data-index=\"1\" ><div\n\t\t\t\n\t\t\tclass=\"so-widget-sow-editor so-widget-sow-editor-base\"\n\t\t\t\n\t\t><h3 class=\"widget-title\">Cours interactifs en ligne<\/h3>\n<div class=\"siteorigin-widget-tinymce textwidget\">\n\t<div class=\"siteorigin-widget-tinymce textwidget\">\n<p>Nos cours offrent \u00e0 nos clients un moyen amusant et s\u00fbr de rester actifs tout en r\u00e9habilitant des blessures. Nous offrons une grande vari\u00e9t\u00e9 d'options de cours qui ont lieu r\u00e9guli\u00e8rement tout au long de l'ann\u00e9e, chacune se concentrant sur des sujets sp\u00e9cifiques.<\/p>\n<a href=\"https:\/\/thebodymechanics.ca\/fr\/services\/cours-en-ligne\/\" class=\"btn btn-primary\" target=\"_self\" >Voir les cours<\/a>\n<\/div>\n<\/div>\n<\/div><\/div><\/div><div id=\"pgc-8027-0-2\"  class=\"panel-grid-cell\" ><div id=\"panel-8027-0-2-0\" class=\"so-panel widget widget_sow-editor panel-first-child panel-last-child\" data-index=\"2\" ><div\n\t\t\t\n\t\t\tclass=\"so-widget-sow-editor so-widget-sow-editor-base\"\n\t\t\t\n\t\t><h3 class=\"widget-title\">Th\u00e9rapie du sport certifi\u00e9e<\/h3>\n<div class=\"siteorigin-widget-tinymce textwidget\">\n\t<div class=\"siteorigin-widget-tinymce textwidget\">\n<p>Les th\u00e9rapeutes du sport certifi\u00e9s sont surtout connus pour leurs soins d'urgence sur le terrain aux athl\u00e8tes professionnels et d'\u00e9lite. Les premiers \u00e0 intervenir lorsque quelqu'un se blesse, ce sont des experts en \u00e9valuation des blessures et en r\u00e9adaptation.<\/p>\n<a href=\"https:\/\/thebodymechanics.ca\/fr\/services\/therapie-du-sport\/\" class=\"btn btn-primary\" target=\"_self\" > En savoir plus <\/a>\n<\/div>\n<\/div>\n<\/div><\/div><\/div><\/div><div id=\"pg-8027-1\"  class=\"panel-grid panel-has-style\" ><div class=\"siteorigin-panels-stretch panel-row-style panel-row-style-for-8027-1\" data-stretch-type=\"full\" ><div id=\"pgc-8027-1-0\"  class=\"panel-grid-cell\" ><div id=\"panel-8027-1-0-0\" class=\"so-panel widget widget_sow-editor panel-first-child panel-last-child\" data-index=\"3\" ><div class=\"bigger-widget-title panel-widget-style panel-widget-style-for-8027-1-0-0\" ><div\n\t\t\t\n\t\t\tclass=\"so-widget-sow-editor so-widget-sow-editor-base\"\n\t\t\t\n\t\t><h3 class=\"widget-title\">Pourquoi choisir Les M\u00e9cani-Corps?<\/h3>\n<div class=\"siteorigin-widget-tinymce textwidget\">\n\t<div class=\"siteorigin-widget-tinymce textwidget\">\n\t<\/div>\n<\/div>\n<\/div><\/div><\/div><\/div><\/div><\/div><div id=\"pg-8027-2\"  class=\"panel-grid panel-no-style\" ><div id=\"pgc-8027-2-0\"  class=\"panel-grid-cell\" ><div id=\"panel-8027-2-0-0\" class=\"so-panel widget widget_qt_icon_box widget-icon-box panel-first-child\" data-index=\"4\" >\t\t\t\t<div class=\"icon-box\">\n\t\t\t\t\t\t\t\t\t\t\t\t<div class=\"icon-box--icon\">\n\t\t\t\t\t\t<i class=\"fa fas fa-graduation-cap\"><\/i>\n\t\t\t\t\t<\/div>\n\t\t\t\t\t\t\t\t<div class=\"icon-box--text\">\n\t\t\t\t\t\t\t\t\t\t\t<h6 class=\"icon-box--title\">Personnel exp\u00e9riment\u00e9<\/h6>\n\t\t\t\t\t\t\t\t\t\t\t\t\t\t\t\t<span class=\"icon-box--description\">Nos th\u00e9rapeutes sont form\u00e9es et certifi\u00e9es dans de nombreuses techniques pour vous offrir le meilleur service.<\/span>\n\t\t\t\t\t\t\t\t\t<\/div>\n\t\t\t<\/div>\n\n\t\t\t<\/div><div id=\"panel-8027-2-0-1\" class=\"so-panel widget widget_qt_icon_box widget-icon-box panel-last-child\" data-index=\"5\" >\t\t\t\t<div class=\"icon-box\">\n\t\t\t\t\t\t\t\t\t\t\t\t<div class=\"icon-box--icon\">\n\t\t\t\t\t\t<i class=\"fa fas fa-check\"><\/i>\n\t\t\t\t\t<\/div>\n\t\t\t\t\t\t\t\t<div class=\"icon-box--text\">\n\t\t\t\t\t\t\t\t\t\t\t<h6 class=\"icon-box--title\">Th\u00e9rapeutes agr\u00e9\u00e9s<\/h6>\n\t\t\t\t\t\t\t\t\t\t\t\t\t\t\t\t<span class=\"icon-box--description\">Nous sommes fiers d'annoncer que tous nos th\u00e9rapeutes sont agr\u00e9\u00e9s et certifi\u00e9s dans leur profession et dans leurs domaines respectifs.<\/span>\n\t\t\t\t\t\t\t\t\t<\/div>\n\t\t\t<\/div>\n\n\t\t\t<\/div><\/div><div id=\"pgc-8027-2-1\"  class=\"panel-grid-cell\" ><div id=\"panel-8027-2-1-0\" class=\"so-panel widget widget_qt_icon_box widget-icon-box panel-first-child\" data-index=\"6\" >\t\t\t\t<div class=\"icon-box\">\n\t\t\t\t\t\t\t\t\t\t\t\t<div class=\"icon-box--icon\">\n\t\t\t\t\t\t<i class=\"fa fas fa-briefcase-medical\"><\/i>\n\t\t\t\t\t<\/div>\n\t\t\t\t\t\t\t\t<div class=\"icon-box--text\">\n\t\t\t\t\t\t\t\t\t\t\t<h6 class=\"icon-box--title\">Traitement personnalis\u00e9<\/h6>\n\t\t\t\t\t\t\t\t\t\t\t\t\t\t\t\t<span class=\"icon-box--description\">Vous recevrez un plan de traitement individualis\u00e9 de votre praticien soigneusement s\u00e9lectionn\u00e9.<\/span>\n\t\t\t\t\t\t\t\t\t<\/div>\n\t\t\t<\/div>\n\n\t\t\t<\/div><div id=\"panel-8027-2-1-1\" class=\"so-panel widget widget_qt_icon_box widget-icon-box panel-last-child\" data-index=\"7\" >\t\t\t\t<div class=\"icon-box\">\n\t\t\t\t\t\t\t\t\t\t\t\t<div class=\"icon-box--icon\">\n\t\t\t\t\t\t<i class=\"fa fas fa-users\"><\/i>\n\t\t\t\t\t<\/div>\n\t\t\t\t\t\t\t\t<div class=\"icon-box--text\">\n\t\t\t\t\t\t\t\t\t\t\t<h6 class=\"icon-box--title\">R\u00e9seau de praticiens<\/h6>\n\t\t\t\t\t\t\t\t\t\t\t\t\t\t\t\t<span class=\"icon-box--description\">Nous travaillerons avec vos professionnels de la sant\u00e9, car nous comprenons l'importance du travail d'\u00e9quipe interdisciplinaire.<\/span>\n\t\t\t\t\t\t\t\t\t<\/div>\n\t\t\t<\/div>\n\n\t\t\t<\/div><\/div><div id=\"pgc-8027-2-2\"  class=\"panel-grid-cell\" ><div id=\"panel-8027-2-2-0\" class=\"so-panel widget widget_qt_icon_box widget-icon-box panel-first-child\" data-index=\"8\" >\t\t\t\t<div class=\"icon-box\">\n\t\t\t\t\t\t\t\t\t\t\t\t<div class=\"icon-box--icon\">\n\t\t\t\t\t\t<i class=\"fa fas fa-map-pin\"><\/i>\n\t\t\t\t\t<\/div>\n\t\t\t\t\t\t\t\t<div class=\"icon-box--text\">\n\t\t\t\t\t\t\t\t\t\t\t<h6 class=\"icon-box--title\">Cliniques accueillantes<\/h6>\n\t\t\t\t\t\t\t\t\t\t\t\t\t\t\t\t<span class=\"icon-box--description\">Avec 3 emplacements pour mieux vous servir, nos cliniques offrent des environnements accueillants \u00e0 travers Montr\u00e9al.<\/span>\n\t\t\t\t\t\t\t\t\t<\/div>\n\t\t\t<\/div>\n\n\t\t\t<\/div><div id=\"panel-8027-2-2-1\" class=\"so-panel widget widget_qt_icon_box widget-icon-box panel-last-child\" data-index=\"9\" >\t\t\t\t<div class=\"icon-box\">\n\t\t\t\t\t\t\t\t\t\t\t\t<div class=\"icon-box--icon\">\n\t\t\t\t\t\t<i class=\"fa fas fa-calendar-alt\"><\/i>\n\t\t\t\t\t<\/div>\n\t\t\t\t\t\t\t\t<div class=\"icon-box--text\">\n\t\t\t\t\t\t\t\t\t\t\t<h6 class=\"icon-box--title\">Objectifs de la th\u00e9rapie<\/h6>\n\t\t\t\t\t\t\t\t\t\t\t\t\t\t\t\t<span class=\"icon-box--description\">Nous vous aiderons \u00e0 fixer des objectifs et \u00e0 mettre en place des plans pour vous aider \u00e0 atteindre ces objectifs tout au long de votre processus de r\u00e9tablissement.<\/span>\n\t\t\t\t\t\t\t\t\t<\/div>\n\t\t\t<\/div>\n\n\t\t\t<\/div><\/div><\/div><div id=\"pg-8027-3\"  class=\"panel-grid panel-no-style\" ><div id=\"pgc-8027-3-0\"  class=\"panel-grid-cell\" ><div id=\"panel-8027-3-0-0\" class=\"so-panel widget widget_qt_testimonials widget-testimonials panel-first-child panel-last-child\" data-index=\"10\" ><div class=\"bigger-widget-title panel-widget-style panel-widget-style-for-8027-3-0-0\" >\n\t\t\t<div class=\"testimonials\">\n\t\t\t\t\t\t\t\t\t<h3 class=\"widget-title\">T\u00e9moignages de nos clients<\/h3>\n\t\t\t\t\n\t\t\t\t\t\t\t\t\t<div class=\"testimonial-controls\">\n\t\t\t\t\t\t<a class=\"left testimonial-control\" href=\"#testimonials-carousel-widget-3-0-0\" role=\"button\" aria-label=\"Previous\" data-slide=\"prev\">\n\t\t\t\t\t\t\t<i class=\"fas fa-angle-left\" aria-hidden=\"true\"><\/i>\n\t\t\t\t\t\t<\/a>\n\t\t\t\t\t\t<a class=\"right testimonial-control\" href=\"#testimonials-carousel-widget-3-0-0\" role=\"button\" aria-label=\"Next\" data-slide=\"next\">\n\t\t\t\t\t\t\t<i class=\"fas fa-angle-right\" aria-hidden=\"true\"><\/i>\n\t\t\t\t\t\t<\/a>\n\t\t\t\t\t<\/div>\n\t\t\t\t\t\t\t\t\n\t\t\t\t<div id=\"testimonials-carousel-widget-3-0-0\" class=\"testimonial-carousel carousel-touch carousel slide\" >\n\t\t\t\t\t<div class=\"carousel-inner\">\n\t\t\t\t\t\t<div class=\"item active\">\n\t\t\t\t\t\t\t<div class=\"row\">\n\t\t\t\t\t\t\t\t\t\t\t\t\t\t\t\t\t\t\t\t\t\t\t\t\t\t<div class=\"col-xs-12 col-sm-6 col-md-6\">\n\t\t\t\t\t\t\t\t\t\t<blockquote class=\"testimonial--quote\">\n\t\t\t\t\t\t\t\t\t\t\t(traduction)Tout le personnel \u00e9tait fantastique ! Les soins que j'ai re\u00e7us \u00e9taient impeccables. Bel endroit! J'aime aussi la disponibilit\u00e9 du Fit Plan pour un soutien continu apr\u00e8s ma sortie.\t\t\t\t\t\t\t\t\t\t<\/blockquote>\n\t\t\t\t\t\t\t\t\t\t<cite class=\"testimonial--author\">\n\t\t\t\t\t\t\t\t\t\t\tChristopher Strock\t\t\t\t\t\t\t\t\t\t<\/cite>\n\t\t\t\t\t\t\t\t\t\t<span class=\"testimonial--description\">\n\t\t\t\t\t\t\t\t\t\t\tTraitement des maux de dos\t\t\t\t\t\t\t\t\t\t<\/span>\n\t\t\t\t\t\t\t\t\t<\/div>\n\t\t\t\t\t\t\t\t\t\t\t\t\t\t\t\t\t\t\t\t\t\t\t\t\t\t<div class=\"col-xs-12 col-sm-6 col-md-6\">\n\t\t\t\t\t\t\t\t\t\t<blockquote class=\"testimonial--quote\">\n\t\t\t\t\t\t\t\t\t\t\t(traduction)Tous ceux avec qui j'ai travaill\u00e9 \u00e9taient merveilleux, tr\u00e8s professionnels, attentionn\u00e9s et rapides. Mon th\u00e9rapeute \u00e9tait super, tout comme toutes les aides !\t\t\t\t\t\t\t\t\t\t<\/blockquote>\n\t\t\t\t\t\t\t\t\t\t<cite class=\"testimonial--author\">\n\t\t\t\t\t\t\t\t\t\t\tJohn White\t\t\t\t\t\t\t\t\t\t<\/cite>\n\t\t\t\t\t\t\t\t\t\t<span class=\"testimonial--description\">\n\t\t\t\t\t\t\t\t\t\t\tTraitement des accidents du travail\t\t\t\t\t\t\t\t\t\t<\/span>\n\t\t\t\t\t\t\t\t\t<\/div>\n\t\t\t\t\t\t\t\t\t\t\t\t\t\t\t\t\t<\/div><\/div><div class=\"item\"><div class=\"row\">\t\t\t\t\t\t\t\t\t<div class=\"col-xs-12 col-sm-6 col-md-6\">\n\t\t\t\t\t\t\t\t\t\t<blockquote class=\"testimonial--quote\">\n\t\t\t\t\t\t\t\t\t\t\tJ'ai grandement appr\u00e9ci\u00e9 le professionnalisme, la hygi\u00e8ne, et la th\u00e9rapie. Tout le monde agit professionnellement d\u00e8s mon entr\u00e9e. Je suis \u00e9galement tr\u00e8s satisfait du traitement que j'ai re\u00e7u pour ma douleur au cou.\t\t\t\t\t\t\t\t\t\t<\/blockquote>\n\t\t\t\t\t\t\t\t\t\t<cite class=\"testimonial--author\">\n\t\t\t\t\t\t\t\t\t\t\tMichel G\t\t\t\t\t\t\t\t\t\t<\/cite>\n\t\t\t\t\t\t\t\t\t\t<span class=\"testimonial--description\">\n\t\t\t\t\t\t\t\t\t\t\tMal au cou - Mauvaise posture\t\t\t\t\t\t\t\t\t\t<\/span>\n\t\t\t\t\t\t\t\t\t<\/div>\n\t\t\t\t\t\t\t\t\t\t\t\t\t\t\t\t\t\t\t\t\t\t\t\t\t\t<div class=\"col-xs-12 col-sm-6 col-md-6\">\n\t\t\t\t\t\t\t\t\t\t<blockquote class=\"testimonial--quote\">\n\t\t\t\t\t\t\t\t\t\t\tJe n'ai jamais consult\u00e9 de th\u00e9rapeute du sport auparavant, mais apr\u00e8s quelques visites avec l'incroyable Nick au Body Mechanics, je peux vous dire que cela en vaut la peine. Non seulement le personnel est extr\u00eamement sympathique et serviable, mais lors de ma premi\u00e8re visite avec Nick, je pouvais dire qu'il savait exactement ce qu'il faisait. Je me sentais entre de tr\u00e8s bonnes mains et dans un espace s\u00fbr, surtout compte tenu du climat COVID. \t\t\t\t\t\t\t\t\t\t<\/blockquote>\n\t\t\t\t\t\t\t\t\t\t<cite class=\"testimonial--author\">\n\t\t\t\t\t\t\t\t\t\t\tMichael Cassir\t\t\t\t\t\t\t\t\t\t<\/cite>\n\t\t\t\t\t\t\t\t\t\t<span class=\"testimonial--description\">\n\t\t\t\t\t\t\t\t\t\t\t\t\t\t\t\t\t\t\t\t\t<\/span>\n\t\t\t\t\t\t\t\t\t<\/div>\n\t\t\t\t\t\t\t\t\t\t\t\t\t\t\t<\/div>\n\t\t\t\t\t\t<\/div>\n\t\t\t\t\t<\/div>\t\n\t\t\t\t<\/div>\n\t\t\t<\/div>\n\n\t\t\t<\/div><\/div><\/div><\/div><div id=\"pg-8027-4\"  class=\"panel-grid panel-has-style\" ><div class=\"siteorigin-panels-stretch panel-row-style panel-row-style-for-8027-4\" data-stretch-type=\"full\" ><div id=\"pgc-8027-4-0\"  class=\"panel-grid-cell\" ><div id=\"panel-8027-4-0-0\" class=\"so-panel widget widget_sow-editor panel-first-child panel-last-child\" data-index=\"11\" ><div class=\"panel-widget-style panel-widget-style-for-8027-4-0-0\" ><div\n\t\t\t\n\t\t\tclass=\"so-widget-sow-editor so-widget-sow-editor-base\"\n\t\t\t\n\t\t><h3 class=\"widget-title\">Actualit\u00e9s et blogue<\/h3>\n<div class=\"siteorigin-widget-tinymce textwidget\">\n\t<div class=\"siteorigin-widget-tinymce textwidget\">\n<p>D\u00e9couvrez les derni\u00e8res actualit\u00e9s des\u00a0M\u00e9cani-Corps !<\/p>\n<p>Nous sommes toujours \u00e0 l'\u00e9coute de vos avis, alors assurez-vous de laisser un commentaire.<\/p>\n<a href=\"https:\/\/www.thebodymechanics.ca\/fr\/blogue\" class=\"btn btn-primary\" target=\"_self\" >Acc\u00e9der au blogue<\/a>\n<\/div>\n<\/div>\n<\/div><\/div><\/div><\/div><div id=\"pgc-8027-4-1\"  class=\"panel-grid-cell\" ><div id=\"panel-8027-4-1-0\" class=\"so-panel widget widget_qt_recent_posts_block widget_post_block panel-first-child panel-last-child\" data-index=\"12\" ><div class=\"bigger-widget-title panel-widget-style panel-widget-style-for-8027-4-1-0\" >\n\t\t\t<div class=\"news-posts-block\">\n\n\t\t\t\t\t\t\t\t\t<h3 class=\"widget-title\">Publication r\u00e9centes<\/h3>\n\t\t\t\t\t\t\t\t\t\t\t<a href=\"https:\/\/thebodymechanics.ca\/fr\/blogue\/\" class=\"text-link blog-more\">En savoir plus<\/a>\n\t\t\t\t\t\t\t\t\t\n\t\t\t\t<div class=\"row\">\n\t\t\t\t\t\t\t\t\t\t\n\t\t\t\t\t\t<div class=\"col-xs-12 col-sm-4 col-md-4\">\n\t\t\t\t\t\t\t<article class=\"news-post\">\n\t\t\t\t\t\t\t\t\t\t\t\t\t\t\t\t\t<div class=\"news-post--image\">\n\t\t\t\t\t\t\t\t\t\t<a href=\"https:\/\/thebodymechanics.ca\/fr\/bien-etre-dhiver-%e2%9d%84%ef%b8%8f-infolettre-dhiver-2025\/\">\n\t\t\t\t\t\t\t\t\t\t\t<img decoding=\"async\" loading=\"lazy\" width=\"360\" height=\"180\" src=\"https:\/\/thebodymechanics.ca\/wp-content\/uploads\/2025\/12\/IMG_2943-360x180.jpeg\" class=\"attachment-physio-qt-news-s size-physio-qt-news-s\" alt=\"Bien-\u00eatre d\u2019hiver \u2744\ufe0f  Infolettre d\u2019hiver 2025\" srcset=\"\" sizes=\"auto, (min-width: 781px) 360px, calc(100vw - 30px)\" \/> \n\t\t\t\t\t\t\t\t\t\t\t\t\t\t\t\t\t\t\t\t\t\t\t<span class=\"news-post--date\">d\u00e9cembre 2, 2025<\/span>\n\t\t\t\t\t\t\t\t\t\t\t\t\t\t\t\t\t\t\t\t\t<\/a>\n\t\t\t\t\t\t\t\t\t<\/div>\n\t\t\t\t\t\t\t\t\t\t\t\t\t\t\t\t<div class=\"news-post--content\">\n\t\t\t\t\t\t\t\t\t<h4 class=\"news-post--title\">\n\t\t\t\t\t\t\t\t\t\t<a href=\"https:\/\/thebodymechanics.ca\/fr\/bien-etre-dhiver-%e2%9d%84%ef%b8%8f-infolettre-dhiver-2025\/\">Bien-\u00eatre d\u2019hiver \u2744\ufe0f  Infolettre d\u2019hiver 2025<\/a>\n\t\t\t\t\t\t\t\t\t<\/h4>\n\n\t\t\t\t\t\t\t\t\t\t\t\t\t\t\t\t\t\t\t<p>\n\t\t\t\t\t                        The Body Mechanics are proud to introduce a new website!\t\t\t\t\t                    <\/p>\n\t\t\t\t                \t\n\t\t\t\t                    \t\t\t\t                    \t<a href=\"https:\/\/thebodymechanics.ca\/fr\/bien-etre-dhiver-%e2%9d%84%ef%b8%8f-infolettre-dhiver-2025\/\" class=\"text-link\">En savoir plus<\/a>\n\t\t\t\t                    \t\t\t\t\t\t\t\t<\/div>\n\t\t\t\t\t\t\t<\/article>\n\t\t\t\t\t\t<\/div>\n\t\t\t\t\t\t\n\t\t\t\t\t\t\n\t\t\t\t\t\t<div class=\"col-xs-12 col-sm-4 col-md-4\">\n\t\t\t\t\t\t\t<article class=\"news-post\">\n\t\t\t\t\t\t\t\t\t\t\t\t\t\t\t\t\t<div class=\"news-post--image\">\n\t\t\t\t\t\t\t\t\t\t<a href=\"https:\/\/thebodymechanics.ca\/fr\/la-signification-de-notre-nouveau-logo\/\">\n\t\t\t\t\t\t\t\t\t\t\t<img decoding=\"async\" loading=\"lazy\" width=\"360\" height=\"180\" src=\"https:\/\/thebodymechanics.ca\/wp-content\/uploads\/2025\/10\/IMG_1906-1-scaled-e1762284444454-360x180.jpeg\" class=\"attachment-physio-qt-news-s size-physio-qt-news-s\" alt=\"La signification de notre nouveau logo\" srcset=\"\" sizes=\"auto, (min-width: 781px) 360px, calc(100vw - 30px)\" \/> \n\t\t\t\t\t\t\t\t\t\t\t\t\t\t\t\t\t\t\t\t\t\t\t<span class=\"news-post--date\">octobre 23, 2025<\/span>\n\t\t\t\t\t\t\t\t\t\t\t\t\t\t\t\t\t\t\t\t\t<\/a>\n\t\t\t\t\t\t\t\t\t<\/div>\n\t\t\t\t\t\t\t\t\t\t\t\t\t\t\t\t<div class=\"news-post--content\">\n\t\t\t\t\t\t\t\t\t<h4 class=\"news-post--title\">\n\t\t\t\t\t\t\t\t\t\t<a href=\"https:\/\/thebodymechanics.ca\/fr\/la-signification-de-notre-nouveau-logo\/\">La signification de notre nouveau logo<\/a>\n\t\t\t\t\t\t\t\t\t<\/h4>\n\n\t\t\t\t\t\t\t\t\t\t\t\t\t\t\t\t\t\t\t<p>\n\t\t\t\t\t                        The Body Mechanics are proud to introduce a new website!\t\t\t\t\t                    <\/p>\n\t\t\t\t                \t\n\t\t\t\t                    \t\t\t\t                    \t<a href=\"https:\/\/thebodymechanics.ca\/fr\/la-signification-de-notre-nouveau-logo\/\" class=\"text-link\">En savoir plus<\/a>\n\t\t\t\t                    \t\t\t\t\t\t\t\t<\/div>\n\t\t\t\t\t\t\t<\/article>\n\t\t\t\t\t\t<\/div>\n\t\t\t\t\t\t\n\t\t\t\t\t\t\n\t\t\t\t\t\t<div class=\"col-xs-12 col-sm-4 col-md-4\">\n\t\t\t\t\t\t\t<article class=\"news-post\">\n\t\t\t\t\t\t\t\t\t\t\t\t\t\t\t\t\t<div class=\"news-post--image\">\n\t\t\t\t\t\t\t\t\t\t<a href=\"https:\/\/thebodymechanics.ca\/fr\/fall-into-motion-%f0%9f%8d%81-fall-2025-newsletter\/\">\n\t\t\t\t\t\t\t\t\t\t\t<img decoding=\"async\" loading=\"lazy\" width=\"360\" height=\"180\" src=\"https:\/\/thebodymechanics.ca\/wp-content\/uploads\/2025\/10\/IMG_1409-360x180.jpeg\" class=\"attachment-physio-qt-news-s size-physio-qt-news-s\" alt=\"Un automne en mouvement \ud83c\udf41 Infolettre d\u2019automne 2025\" srcset=\"\" sizes=\"auto, (min-width: 781px) 360px, calc(100vw - 30px)\" \/> \n\t\t\t\t\t\t\t\t\t\t\t\t\t\t\t\t\t\t\t\t\t\t\t<span class=\"news-post--date\">octobre 7, 2025<\/span>\n\t\t\t\t\t\t\t\t\t\t\t\t\t\t\t\t\t\t\t\t\t<\/a>\n\t\t\t\t\t\t\t\t\t<\/div>\n\t\t\t\t\t\t\t\t\t\t\t\t\t\t\t\t<div class=\"news-post--content\">\n\t\t\t\t\t\t\t\t\t<h4 class=\"news-post--title\">\n\t\t\t\t\t\t\t\t\t\t<a href=\"https:\/\/thebodymechanics.ca\/fr\/fall-into-motion-%f0%9f%8d%81-fall-2025-newsletter\/\">Un automne en mouvement \ud83c\udf41 Infolettre d\u2019automne 2025<\/a>\n\t\t\t\t\t\t\t\t\t<\/h4>\n\n\t\t\t\t\t\t\t\t\t\t\t\t\t\t\t\t\t\t\t<p>\n\t\t\t\t\t                        The Body Mechanics are proud to introduce a new website!\t\t\t\t\t                    <\/p>\n\t\t\t\t                \t\n\t\t\t\t                    \t\t\t\t                    \t<a href=\"https:\/\/thebodymechanics.ca\/fr\/fall-into-motion-%f0%9f%8d%81-fall-2025-newsletter\/\" class=\"text-link\">En savoir plus<\/a>\n\t\t\t\t                    \t\t\t\t\t\t\t\t<\/div>\n\t\t\t\t\t\t\t<\/article>\n\t\t\t\t\t\t<\/div>\n\t\t\t\t\t\t\n\t\t\t\t\t\t\t\t\t\t\t\t\t<\/div>\n\t\t\t\t\t\t\t<div class=\"row\">\n\t\t\t\t\t\t\t\t\t\t<\/div>\n\t\t\t<\/div>\n\n\t\t\t<\/div><\/div><\/div><\/div><\/div><div id=\"pg-8027-5\"  class=\"panel-grid panel-has-style\" ><div class=\"siteorigin-panels-stretch panel-row-style panel-row-style-for-8027-5\" data-stretch-type=\"full\" ><div id=\"pgc-8027-5-0\"  class=\"panel-grid-cell panel-grid-cell-empty\" ><\/div><\/div><\/div><div id=\"pg-8027-6\"  class=\"panel-grid panel-no-style\" ><div id=\"pgc-8027-6-0\"  class=\"panel-grid-cell\" ><div id=\"panel-8027-6-0-0\" class=\"so-panel widget widget_sow-editor panel-first-child panel-last-child\" data-index=\"13\" ><div class=\"bigger-widget-title panel-widget-style panel-widget-style-for-8027-6-0-0\" ><div\n\t\t\t\n\t\t\tclass=\"so-widget-sow-editor so-widget-sow-editor-base\"\n\t\t\t\n\t\t><h3 class=\"widget-title\">Posez-nous une question<\/h3>\n<div class=\"siteorigin-widget-tinymce textwidget\">\n\t<div class=\"siteorigin-widget-tinymce textwidget\">\n\n<div class=\"wpcf7 no-js\" id=\"wpcf7-f8051-o1\" lang=\"fr-FR\" dir=\"ltr\" data-wpcf7-id=\"8051\">\n<div class=\"screen-reader-response\"><p role=\"status\" aria-live=\"polite\" aria-atomic=\"true\"><\/p> <ul><\/ul><\/div>\n<form action=\"\/fr\/wp-json\/wp\/v2\/pages\/8027#wpcf7-f8051-o1\" method=\"post\" class=\"wpcf7-form init\" aria-label=\"Formulaire de contact\" novalidate=\"novalidate\" data-status=\"init\">\n<fieldset class=\"hidden-fields-container\"><input type=\"hidden\" name=\"_wpcf7\" value=\"8051\" \/><input type=\"hidden\" name=\"_wpcf7_version\" value=\"6.1.4\" \/><input type=\"hidden\" name=\"_wpcf7_locale\" value=\"fr_FR\" \/><input type=\"hidden\" name=\"_wpcf7_unit_tag\" value=\"wpcf7-f8051-o1\" \/><input type=\"hidden\" name=\"_wpcf7_container_post\" value=\"0\" \/><input type=\"hidden\" name=\"_wpcf7_posted_data_hash\" value=\"\" \/><input type=\"hidden\" name=\"_wpcf7_recaptcha_response\" value=\"\" \/>\n<\/fieldset>\n<div class=\"questionform white-featured-box\">\n\t<div class=\"row\">\n\t\t<div class=\"col-xs-12 col-md-6\">\n\t\t\t<p><span class=\"wpcf7-form-control-wrap\" data-name=\"your-name\"><input size=\"40\" maxlength=\"400\" class=\"wpcf7-form-control wpcf7-text wpcf7-validates-as-required\" aria-required=\"true\" aria-invalid=\"false\" placeholder=\"Nom Complet *\" value=\"\" type=\"text\" name=\"your-name\" \/><\/span><span class=\"wpcf7-form-control-wrap\" data-name=\"your-email\"><input size=\"40\" maxlength=\"400\" class=\"wpcf7-form-control wpcf7-email wpcf7-validates-as-required wpcf7-text wpcf7-validates-as-email\" aria-required=\"true\" aria-invalid=\"false\" placeholder=\"Adresse courriel *\" value=\"\" type=\"email\" name=\"your-email\" \/><\/span><span class=\"wpcf7-form-control-wrap\" data-name=\"your-phone\"><input size=\"40\" maxlength=\"400\" class=\"wpcf7-form-control wpcf7-tel wpcf7-validates-as-required wpcf7-text wpcf7-validates-as-tel\" aria-required=\"true\" aria-invalid=\"false\" placeholder=\"Num\u00e9ro t\u00e9l\u00e9phone *\" value=\"\" type=\"tel\" name=\"your-phone\" \/><\/span><span class=\"wpcf7-form-control-wrap\" data-name=\"answer\"><select class=\"wpcf7-form-control wpcf7-select wpcf7-validates-as-required\" aria-required=\"true\" aria-invalid=\"false\" name=\"answer\"><option value=\"\">Pr\u00e9f\u00e9rence de communication:<\/option><option value=\"Par t\u00e9l\u00e9phone\">Par t\u00e9l\u00e9phone<\/option><option value=\"Par courriel\">Par courriel<\/option><\/select><\/span>\n\t\t\t<\/p>\n\t\t<\/div>\n\t\t<div class=\"col-xs-12 col-md-6\">\n\t\t\t<p><span class=\"wpcf7-form-control-wrap\" data-name=\"your-subject\"><input size=\"40\" maxlength=\"400\" class=\"wpcf7-form-control wpcf7-text wpcf7-validates-as-required\" aria-required=\"true\" aria-invalid=\"false\" placeholder=\"Raison de contact\" value=\"\" type=\"text\" name=\"your-subject\" \/><\/span><span class=\"wpcf7-form-control-wrap\" data-name=\"your-message\"><textarea cols=\"40\" rows=\"10\" maxlength=\"2000\" class=\"wpcf7-form-control wpcf7-textarea wpcf7-validates-as-required\" aria-required=\"true\" aria-invalid=\"false\" placeholder=\"\u00c9crivez votre message ou question.\" name=\"your-message\"><\/textarea><\/span><input class=\"wpcf7-form-control wpcf7-submit has-spinner btn btn-primary pull-right fullwidth\" type=\"submit\" value=\"Envoyer\" \/>\n\t\t\t<\/p>\n\t\t<\/div>\n\t<\/div>\n<\/div><div class=\"wpcf7-response-output\" aria-hidden=\"true\"><\/div>\n<\/form>\n<\/div>\n\n<\/div>\n<\/div>\n<\/div><\/div><\/div><\/div><\/div><\/div>","protected":false},"excerpt":{"rendered":"<p>La r\u00e9habilitation est un \u00e9l\u00e9ment cl\u00e9 pour obtenir des r\u00e9sultats durables. Qu&#8217;il s&#8217;agisse d&#8217;une blessure r\u00e9cente ou d&#8217;une maladie chronique, le corps d\u00e9veloppe rapidement des m\u00e9canismes compensatoires qui entravent le r\u00e9tablissement complet. Nos cours offrent \u00e0 nos clients un moyen amusant et s\u00fbr de rester actifs tout en r\u00e9habilitant des blessures. Nous offrons une grande [&hellip;]<\/p>\n","protected":false},"author":3,"featured_media":8387,"parent":0,"menu_order":0,"comment_status":"closed","ping_status":"closed","template":"template-front-jumbtron.php","meta":{"nf_dc_page":"","footnotes":""},"class_list":["post-8027","page","type-page","status-publish","has-post-thumbnail","hentry"],"acf":[],"aioseo_notices":[],"_links":{"self":[{"href":"https:\/\/thebodymechanics.ca\/fr\/wp-json\/wp\/v2\/pages\/8027","targetHints":{"allow":["GET"]}}],"collection":[{"href":"https:\/\/thebodymechanics.ca\/fr\/wp-json\/wp\/v2\/pages"}],"about":[{"href":"https:\/\/thebodymechanics.ca\/fr\/wp-json\/wp\/v2\/types\/page"}],"author":[{"embeddable":true,"href":"https:\/\/thebodymechanics.ca\/fr\/wp-json\/wp\/v2\/users\/3"}],"replies":[{"embeddable":true,"href":"https:\/\/thebodymechanics.ca\/fr\/wp-json\/wp\/v2\/comments?post=8027"}],"version-history":[{"count":5,"href":"https:\/\/thebodymechanics.ca\/fr\/wp-json\/wp\/v2\/pages\/8027\/revisions"}],"predecessor-version":[{"id":9121,"href":"https:\/\/thebodymechanics.ca\/fr\/wp-json\/wp\/v2\/pages\/8027\/revisions\/9121"}],"wp:featuredmedia":[{"embeddable":true,"href":"https:\/\/thebodymechanics.ca\/fr\/wp-json\/wp\/v2\/media\/8387"}],"wp:attachment":[{"href":"https:\/\/thebodymechanics.ca\/fr\/wp-json\/wp\/v2\/media?parent=8027"}],"curies":[{"name":"wp","href":"https:\/\/api.w.org\/{rel}","templated":true}]}}